{"id":280,"date":"2024-11-08T13:51:48","date_gmt":"2024-11-08T13:51:48","guid":{"rendered":"https:\/\/spinbetter-apk.app\/hu\/?page_id=280"},"modified":"2025-01-13T03:45:35","modified_gmt":"2025-01-13T03:45:35","slug":"registration","status":"publish","type":"page","link":"https:\/\/spinbetter-apk.app\/hu\/registration\/","title":{"rendered":"Regisztr\u00e1ci\u00f3"},"content":{"rendered":"","protected":false},"excerpt":{"rendered":"","protected":false},"author":1,"featured_media":0,"parent":0,"menu_order":0,"comment_status":"closed","ping_status":"closed","template":"","meta":{"footnotes":""},"class_list":["post-280","page","type-page","status-publish","hentry"],"yoast_head":"<!-- This site is optimized with the Yoast SEO plugin v23.4 - https:\/\/yoast.com\/wordpress\/plugins\/seo\/ -->\n<title>SpinBetter Magyarorsz\u00e1g regisztr\u00e1ci\u00f3 - L\u00e9p\u00e9sr\u0151l l\u00e9p\u00e9sre \u00fatmutat\u00f3 \u00e9s tippek<\/title>\n<meta name=\"description\" content=\"Tudja meg, milyen egyszer\u0171 a SpinBetter Magyarorsz\u00e1g regisztr\u00e1ci\u00f3. Teljes \u00fatmutat\u00f3 \u00e9s biztons\u00e1gi tippek a SpinBetter regisztr\u00e1ci\u00f3hoz.\" \/>\n<meta name=\"robots\" content=\"index, follow, max-snippet:-1, max-image-preview:large, max-video-preview:-1\" \/>\n<meta property=\"og:locale\" content=\"hu_HU\" \/>\n<meta property=\"og:type\" content=\"article\" \/>\n<meta property=\"og:title\" content=\"SpinBetter Magyarorsz\u00e1g regisztr\u00e1ci\u00f3 - L\u00e9p\u00e9sr\u0151l l\u00e9p\u00e9sre \u00fatmutat\u00f3 \u00e9s tippek\" \/>\n<meta property=\"og:description\" content=\"Tudja meg, milyen egyszer\u0171 a SpinBetter Magyarorsz\u00e1g regisztr\u00e1ci\u00f3. Teljes \u00fatmutat\u00f3 \u00e9s biztons\u00e1gi tippek a SpinBetter regisztr\u00e1ci\u00f3hoz.\" \/>\n<meta property=\"og:url\" content=\"https:\/\/spinbetter-apk.app\/hu\/registration\/\" \/>\n<meta property=\"og:site_name\" content=\"Spinbetter Apk HU\" \/>\n<meta property=\"article:modified_time\" content=\"2025-01-13T03:45:35+00:00\" \/>\n<meta name=\"twitter:card\" content=\"summary_large_image\" \/>\n<script type=\"application\/ld+json\" class=\"yoast-schema-graph\">{\"@context\":\"https:\/\/schema.org\",\"@graph\":[{\"@type\":\"WebPage\",\"@id\":\"https:\/\/spinbetter-apk.app\/hu\/registration\/\",\"url\":\"https:\/\/spinbetter-apk.app\/hu\/registration\/\",\"name\":\"SpinBetter Magyarorsz\u00e1g regisztr\u00e1ci\u00f3 - L\u00e9p\u00e9sr\u0151l l\u00e9p\u00e9sre \u00fatmutat\u00f3 \u00e9s tippek\",\"isPartOf\":{\"@id\":\"https:\/\/spinbetter-apk.app\/hu\/#website\"},\"datePublished\":\"2024-11-08T13:51:48+00:00\",\"dateModified\":\"2025-01-13T03:45:35+00:00\",\"description\":\"Tudja meg, milyen egyszer\u0171 a SpinBetter Magyarorsz\u00e1g regisztr\u00e1ci\u00f3. Teljes \u00fatmutat\u00f3 \u00e9s biztons\u00e1gi tippek a SpinBetter regisztr\u00e1ci\u00f3hoz.\",\"breadcrumb\":{\"@id\":\"https:\/\/spinbetter-apk.app\/hu\/registration\/#breadcrumb\"},\"inLanguage\":\"hu\",\"potentialAction\":[{\"@type\":\"ReadAction\",\"target\":[\"https:\/\/spinbetter-apk.app\/hu\/registration\/\"]}]},{\"@type\":\"BreadcrumbList\",\"@id\":\"https:\/\/spinbetter-apk.app\/hu\/registration\/#breadcrumb\",\"itemListElement\":[{\"@type\":\"ListItem\",\"position\":1,\"name\":\"Kezd\u0151lap\",\"item\":\"https:\/\/spinbetter-apk.app\/hu\/\"},{\"@type\":\"ListItem\",\"position\":2,\"name\":\"Regisztr\u00e1ci\u00f3\"}]},{\"@type\":\"WebSite\",\"@id\":\"https:\/\/spinbetter-apk.app\/hu\/#website\",\"url\":\"https:\/\/spinbetter-apk.app\/hu\/\",\"name\":\"Spinbetter Apk HU\",\"description\":\"spinbetterapk casino\",\"potentialAction\":[{\"@type\":\"SearchAction\",\"target\":{\"@type\":\"EntryPoint\",\"urlTemplate\":\"https:\/\/spinbetter-apk.app\/hu\/?s={search_term_string}\"},\"query-input\":{\"@type\":\"PropertyValueSpecification\",\"valueRequired\":true,\"valueName\":\"search_term_string\"}}],\"inLanguage\":\"hu\"}]}<\/script>\n<!-- \/ Yoast SEO plugin. -->","yoast_head_json":{"title":"SpinBetter Magyarorsz\u00e1g regisztr\u00e1ci\u00f3 - L\u00e9p\u00e9sr\u0151l l\u00e9p\u00e9sre \u00fatmutat\u00f3 \u00e9s tippek","description":"Tudja meg, milyen egyszer\u0171 a SpinBetter Magyarorsz\u00e1g regisztr\u00e1ci\u00f3. Teljes \u00fatmutat\u00f3 \u00e9s biztons\u00e1gi tippek a SpinBetter regisztr\u00e1ci\u00f3hoz.","robots":{"index":"index","follow":"follow","max-snippet":"max-snippet:-1","max-image-preview":"max-image-preview:large","max-video-preview":"max-video-preview:-1"},"og_locale":"hu_HU","og_type":"article","og_title":"SpinBetter Magyarorsz\u00e1g regisztr\u00e1ci\u00f3 - L\u00e9p\u00e9sr\u0151l l\u00e9p\u00e9sre \u00fatmutat\u00f3 \u00e9s tippek","og_description":"Tudja meg, milyen egyszer\u0171 a SpinBetter Magyarorsz\u00e1g regisztr\u00e1ci\u00f3. Teljes \u00fatmutat\u00f3 \u00e9s biztons\u00e1gi tippek a SpinBetter regisztr\u00e1ci\u00f3hoz.","og_url":"https:\/\/spinbetter-apk.app\/hu\/registration\/","og_site_name":"Spinbetter Apk HU","article_modified_time":"2025-01-13T03:45:35+00:00","twitter_card":"summary_large_image","schema":{"@context":"https:\/\/schema.org","@graph":[{"@type":"WebPage","@id":"https:\/\/spinbetter-apk.app\/hu\/registration\/","url":"https:\/\/spinbetter-apk.app\/hu\/registration\/","name":"SpinBetter Magyarorsz\u00e1g regisztr\u00e1ci\u00f3 - L\u00e9p\u00e9sr\u0151l l\u00e9p\u00e9sre \u00fatmutat\u00f3 \u00e9s tippek","isPartOf":{"@id":"https:\/\/spinbetter-apk.app\/hu\/#website"},"datePublished":"2024-11-08T13:51:48+00:00","dateModified":"2025-01-13T03:45:35+00:00","description":"Tudja meg, milyen egyszer\u0171 a SpinBetter Magyarorsz\u00e1g regisztr\u00e1ci\u00f3. Teljes \u00fatmutat\u00f3 \u00e9s biztons\u00e1gi tippek a SpinBetter regisztr\u00e1ci\u00f3hoz.","breadcrumb":{"@id":"https:\/\/spinbetter-apk.app\/hu\/registration\/#breadcrumb"},"inLanguage":"hu","potentialAction":[{"@type":"ReadAction","target":["https:\/\/spinbetter-apk.app\/hu\/registration\/"]}]},{"@type":"BreadcrumbList","@id":"https:\/\/spinbetter-apk.app\/hu\/registration\/#breadcrumb","itemListElement":[{"@type":"ListItem","position":1,"name":"Kezd\u0151lap","item":"https:\/\/spinbetter-apk.app\/hu\/"},{"@type":"ListItem","position":2,"name":"Regisztr\u00e1ci\u00f3"}]},{"@type":"WebSite","@id":"https:\/\/spinbetter-apk.app\/hu\/#website","url":"https:\/\/spinbetter-apk.app\/hu\/","name":"Spinbetter Apk HU","description":"spinbetterapk casino","potentialAction":[{"@type":"SearchAction","target":{"@type":"EntryPoint","urlTemplate":"https:\/\/spinbetter-apk.app\/hu\/?s={search_term_string}"},"query-input":{"@type":"PropertyValueSpecification","valueRequired":true,"valueName":"search_term_string"}}],"inLanguage":"hu"}]}},"_links":{"self":[{"href":"https:\/\/spinbetter-apk.app\/hu\/wp-json\/wp\/v2\/pages\/280","targetHints":{"allow":["GET"]}}],"collection":[{"href":"https:\/\/spinbetter-apk.app\/hu\/wp-json\/wp\/v2\/pages"}],"about":[{"href":"https:\/\/spinbetter-apk.app\/hu\/wp-json\/wp\/v2\/types\/page"}],"author":[{"embeddable":true,"href":"https:\/\/spinbetter-apk.app\/hu\/wp-json\/wp\/v2\/users\/1"}],"replies":[{"embeddable":true,"href":"https:\/\/spinbetter-apk.app\/hu\/wp-json\/wp\/v2\/comments?post=280"}],"version-history":[{"count":25,"href":"https:\/\/spinbetter-apk.app\/hu\/wp-json\/wp\/v2\/pages\/280\/revisions"}],"predecessor-version":[{"id":533,"href":"https:\/\/spinbetter-apk.app\/hu\/wp-json\/wp\/v2\/pages\/280\/revisions\/533"}],"wp:attachment":[{"href":"https:\/\/spinbetter-apk.app\/hu\/wp-json\/wp\/v2\/media?parent=280"}],"curies":[{"name":"wp","href":"https:\/\/api.w.org\/{rel}","templated":true}]}}