{"id":233,"date":"2024-11-08T08:51:19","date_gmt":"2024-11-08T08:51:19","guid":{"rendered":"https:\/\/spinbetter-apk.app\/hu\/?page_id=233"},"modified":"2025-01-13T03:47:34","modified_gmt":"2025-01-13T03:47:34","slug":"casino","status":"publish","type":"page","link":"https:\/\/spinbetter-apk.app\/hu\/casino\/","title":{"rendered":"Kaszin\u00f3"},"content":{"rendered":"","protected":false},"excerpt":{"rendered":"","protected":false},"author":1,"featured_media":0,"parent":0,"menu_order":0,"comment_status":"closed","ping_status":"closed","template":"","meta":{"footnotes":""},"class_list":["post-233","page","type-page","status-publish","hentry"],"yoast_head":"<!-- This site is optimized with the Yoast SEO plugin v23.4 - https:\/\/yoast.com\/wordpress\/plugins\/seo\/ -->\n<title>SpinBetter Magyarorsz\u00e1g Casino - J\u00e1t\u00e9kok, b\u00f3nuszok \u00e9s mobil kaszin\u00f3 funkci\u00f3k<\/title>\n<meta name=\"description\" content=\"Tudjon meg mindent a SpinBetter mobil kaszin\u00f3r\u00f3l, az egyszer\u0171 regisztr\u00e1ci\u00f3t\u00f3l \u00e9s az exkluz\u00edv b\u00f3nuszokt\u00f3l kezdve a j\u00e1t\u00e9kosok \u00e9rt\u00e9kel\u00e9s\u00e9ig \u00e9s a legfontosabb funkci\u00f3kig!\" \/>\n<meta name=\"robots\" content=\"index, follow, max-snippet:-1, max-image-preview:large, max-video-preview:-1\" \/>\n<meta property=\"og:locale\" content=\"hu_HU\" \/>\n<meta property=\"og:type\" content=\"article\" \/>\n<meta property=\"og:title\" content=\"SpinBetter Magyarorsz\u00e1g Casino - J\u00e1t\u00e9kok, b\u00f3nuszok \u00e9s mobil kaszin\u00f3 funkci\u00f3k\" \/>\n<meta property=\"og:description\" content=\"Tudjon meg mindent a SpinBetter mobil kaszin\u00f3r\u00f3l, az egyszer\u0171 regisztr\u00e1ci\u00f3t\u00f3l \u00e9s az exkluz\u00edv b\u00f3nuszokt\u00f3l kezdve a j\u00e1t\u00e9kosok \u00e9rt\u00e9kel\u00e9s\u00e9ig \u00e9s a legfontosabb funkci\u00f3kig!\" \/>\n<meta property=\"og:url\" content=\"https:\/\/spinbetter-apk.app\/hu\/casino\/\" \/>\n<meta property=\"og:site_name\" content=\"Spinbetter Apk HU\" \/>\n<meta property=\"article:modified_time\" content=\"2025-01-13T03:47:34+00:00\" \/>\n<meta name=\"twitter:card\" content=\"summary_large_image\" \/>\n<script type=\"application\/ld+json\" class=\"yoast-schema-graph\">{\"@context\":\"https:\/\/schema.org\",\"@graph\":[{\"@type\":\"WebPage\",\"@id\":\"https:\/\/spinbetter-apk.app\/hu\/casino\/\",\"url\":\"https:\/\/spinbetter-apk.app\/hu\/casino\/\",\"name\":\"SpinBetter Magyarorsz\u00e1g Casino - J\u00e1t\u00e9kok, b\u00f3nuszok \u00e9s mobil kaszin\u00f3 funkci\u00f3k\",\"isPartOf\":{\"@id\":\"https:\/\/spinbetter-apk.app\/hu\/#website\"},\"datePublished\":\"2024-11-08T08:51:19+00:00\",\"dateModified\":\"2025-01-13T03:47:34+00:00\",\"description\":\"Tudjon meg mindent a SpinBetter mobil kaszin\u00f3r\u00f3l, az egyszer\u0171 regisztr\u00e1ci\u00f3t\u00f3l \u00e9s az exkluz\u00edv b\u00f3nuszokt\u00f3l kezdve a j\u00e1t\u00e9kosok \u00e9rt\u00e9kel\u00e9s\u00e9ig \u00e9s a legfontosabb funkci\u00f3kig!\",\"breadcrumb\":{\"@id\":\"https:\/\/spinbetter-apk.app\/hu\/casino\/#breadcrumb\"},\"inLanguage\":\"hu\",\"potentialAction\":[{\"@type\":\"ReadAction\",\"target\":[\"https:\/\/spinbetter-apk.app\/hu\/casino\/\"]}]},{\"@type\":\"BreadcrumbList\",\"@id\":\"https:\/\/spinbetter-apk.app\/hu\/casino\/#breadcrumb\",\"itemListElement\":[{\"@type\":\"ListItem\",\"position\":1,\"name\":\"Kezd\u0151lap\",\"item\":\"https:\/\/spinbetter-apk.app\/hu\/\"},{\"@type\":\"ListItem\",\"position\":2,\"name\":\"Kaszin\u00f3\"}]},{\"@type\":\"WebSite\",\"@id\":\"https:\/\/spinbetter-apk.app\/hu\/#website\",\"url\":\"https:\/\/spinbetter-apk.app\/hu\/\",\"name\":\"Spinbetter Apk HU\",\"description\":\"spinbetterapk casino\",\"potentialAction\":[{\"@type\":\"SearchAction\",\"target\":{\"@type\":\"EntryPoint\",\"urlTemplate\":\"https:\/\/spinbetter-apk.app\/hu\/?s={search_term_string}\"},\"query-input\":{\"@type\":\"PropertyValueSpecification\",\"valueRequired\":true,\"valueName\":\"search_term_string\"}}],\"inLanguage\":\"hu\"}]}<\/script>\n<!-- \/ Yoast SEO plugin. -->","yoast_head_json":{"title":"SpinBetter Magyarorsz\u00e1g Casino - J\u00e1t\u00e9kok, b\u00f3nuszok \u00e9s mobil kaszin\u00f3 funkci\u00f3k","description":"Tudjon meg mindent a SpinBetter mobil kaszin\u00f3r\u00f3l, az egyszer\u0171 regisztr\u00e1ci\u00f3t\u00f3l \u00e9s az exkluz\u00edv b\u00f3nuszokt\u00f3l kezdve a j\u00e1t\u00e9kosok \u00e9rt\u00e9kel\u00e9s\u00e9ig \u00e9s a legfontosabb funkci\u00f3kig!","robots":{"index":"index","follow":"follow","max-snippet":"max-snippet:-1","max-image-preview":"max-image-preview:large","max-video-preview":"max-video-preview:-1"},"og_locale":"hu_HU","og_type":"article","og_title":"SpinBetter Magyarorsz\u00e1g Casino - J\u00e1t\u00e9kok, b\u00f3nuszok \u00e9s mobil kaszin\u00f3 funkci\u00f3k","og_description":"Tudjon meg mindent a SpinBetter mobil kaszin\u00f3r\u00f3l, az egyszer\u0171 regisztr\u00e1ci\u00f3t\u00f3l \u00e9s az exkluz\u00edv b\u00f3nuszokt\u00f3l kezdve a j\u00e1t\u00e9kosok \u00e9rt\u00e9kel\u00e9s\u00e9ig \u00e9s a legfontosabb funkci\u00f3kig!","og_url":"https:\/\/spinbetter-apk.app\/hu\/casino\/","og_site_name":"Spinbetter Apk HU","article_modified_time":"2025-01-13T03:47:34+00:00","twitter_card":"summary_large_image","schema":{"@context":"https:\/\/schema.org","@graph":[{"@type":"WebPage","@id":"https:\/\/spinbetter-apk.app\/hu\/casino\/","url":"https:\/\/spinbetter-apk.app\/hu\/casino\/","name":"SpinBetter Magyarorsz\u00e1g Casino - J\u00e1t\u00e9kok, b\u00f3nuszok \u00e9s mobil kaszin\u00f3 funkci\u00f3k","isPartOf":{"@id":"https:\/\/spinbetter-apk.app\/hu\/#website"},"datePublished":"2024-11-08T08:51:19+00:00","dateModified":"2025-01-13T03:47:34+00:00","description":"Tudjon meg mindent a SpinBetter mobil kaszin\u00f3r\u00f3l, az egyszer\u0171 regisztr\u00e1ci\u00f3t\u00f3l \u00e9s az exkluz\u00edv b\u00f3nuszokt\u00f3l kezdve a j\u00e1t\u00e9kosok \u00e9rt\u00e9kel\u00e9s\u00e9ig \u00e9s a legfontosabb funkci\u00f3kig!","breadcrumb":{"@id":"https:\/\/spinbetter-apk.app\/hu\/casino\/#breadcrumb"},"inLanguage":"hu","potentialAction":[{"@type":"ReadAction","target":["https:\/\/spinbetter-apk.app\/hu\/casino\/"]}]},{"@type":"BreadcrumbList","@id":"https:\/\/spinbetter-apk.app\/hu\/casino\/#breadcrumb","itemListElement":[{"@type":"ListItem","position":1,"name":"Kezd\u0151lap","item":"https:\/\/spinbetter-apk.app\/hu\/"},{"@type":"ListItem","position":2,"name":"Kaszin\u00f3"}]},{"@type":"WebSite","@id":"https:\/\/spinbetter-apk.app\/hu\/#website","url":"https:\/\/spinbetter-apk.app\/hu\/","name":"Spinbetter Apk HU","description":"spinbetterapk casino","potentialAction":[{"@type":"SearchAction","target":{"@type":"EntryPoint","urlTemplate":"https:\/\/spinbetter-apk.app\/hu\/?s={search_term_string}"},"query-input":{"@type":"PropertyValueSpecification","valueRequired":true,"valueName":"search_term_string"}}],"inLanguage":"hu"}]}},"_links":{"self":[{"href":"https:\/\/spinbetter-apk.app\/hu\/wp-json\/wp\/v2\/pages\/233","targetHints":{"allow":["GET"]}}],"collection":[{"href":"https:\/\/spinbetter-apk.app\/hu\/wp-json\/wp\/v2\/pages"}],"about":[{"href":"https:\/\/spinbetter-apk.app\/hu\/wp-json\/wp\/v2\/types\/page"}],"author":[{"embeddable":true,"href":"https:\/\/spinbetter-apk.app\/hu\/wp-json\/wp\/v2\/users\/1"}],"replies":[{"embeddable":true,"href":"https:\/\/spinbetter-apk.app\/hu\/wp-json\/wp\/v2\/comments?post=233"}],"version-history":[{"count":35,"href":"https:\/\/spinbetter-apk.app\/hu\/wp-json\/wp\/v2\/pages\/233\/revisions"}],"predecessor-version":[{"id":535,"href":"https:\/\/spinbetter-apk.app\/hu\/wp-json\/wp\/v2\/pages\/233\/revisions\/535"}],"wp:attachment":[{"href":"https:\/\/spinbetter-apk.app\/hu\/wp-json\/wp\/v2\/media?parent=233"}],"curies":[{"name":"wp","href":"https:\/\/api.w.org\/{rel}","templated":true}]}}