{"id":577,"date":"2025-03-20T09:54:13","date_gmt":"2025-03-20T09:54:13","guid":{"rendered":"https:\/\/spinbetter-apk.app\/hr\/?page_id=577"},"modified":"2025-07-02T11:10:28","modified_gmt":"2025-07-02T11:10:28","slug":"bad-bets","status":"publish","type":"page","link":"https:\/\/spinbetter-apk.app\/hr\/bonuses\/bad-bets\/","title":{"rendered":"Bonus za lo\u0161e oklade"},"content":{"rendered":"","protected":false},"excerpt":{"rendered":"","protected":false},"author":1,"featured_media":0,"parent":322,"menu_order":0,"comment_status":"closed","ping_status":"closed","template":"","meta":{"footnotes":""},"class_list":["post-577","page","type-page","status-publish","hentry"],"yoast_head":"<!-- This site is optimized with the Yoast SEO plugin v23.4 - https:\/\/yoast.com\/wordpress\/plugins\/seo\/ -->\n<title>Bonus za niz neuspje\u0161nih oklada &gt; Osvojite do 500 EUR<\/title>\n<meta name=\"description\" content=\"SpinBetter ti \u010duva le\u0111a! Uzmi bonus do 500 EUR, nadoknadi propu\u0161teno i vrati se u igru \u200b\u200bs obnovljenom snagom!\" \/>\n<meta name=\"robots\" content=\"index, follow, max-snippet:-1, max-image-preview:large, max-video-preview:-1\" \/>\n<meta property=\"og:locale\" content=\"hr_HR\" \/>\n<meta property=\"og:type\" content=\"article\" \/>\n<meta property=\"og:title\" content=\"Bonus za niz neuspje\u0161nih oklada &gt; Osvojite do 500 EUR\" \/>\n<meta property=\"og:description\" content=\"SpinBetter ti \u010duva le\u0111a! Uzmi bonus do 500 EUR, nadoknadi propu\u0161teno i vrati se u igru \u200b\u200bs obnovljenom snagom!\" \/>\n<meta property=\"og:url\" content=\"https:\/\/spinbetter-apk.app\/hr\/bonuses\/bad-bets\/\" \/>\n<meta property=\"og:site_name\" content=\"SpinBetter APK HR\" \/>\n<meta property=\"article:modified_time\" content=\"2025-07-02T11:10:28+00:00\" \/>\n<meta name=\"twitter:card\" content=\"summary_large_image\" \/>\n<script type=\"application\/ld+json\" class=\"yoast-schema-graph\">{\"@context\":\"https:\/\/schema.org\",\"@graph\":[{\"@type\":\"WebPage\",\"@id\":\"https:\/\/spinbetter-apk.app\/hr\/bonuses\/bad-bets\/\",\"url\":\"https:\/\/spinbetter-apk.app\/hr\/bonuses\/bad-bets\/\",\"name\":\"Bonus za niz neuspje\u0161nih oklada > Osvojite do 500 EUR\",\"isPartOf\":{\"@id\":\"https:\/\/spinbetter-apk.app\/hr\/#website\"},\"datePublished\":\"2025-03-20T09:54:13+00:00\",\"dateModified\":\"2025-07-02T11:10:28+00:00\",\"description\":\"SpinBetter ti \u010duva le\u0111a! Uzmi bonus do 500 EUR, nadoknadi propu\u0161teno i vrati se u igru \u200b\u200bs obnovljenom snagom!\",\"breadcrumb\":{\"@id\":\"https:\/\/spinbetter-apk.app\/hr\/bonuses\/bad-bets\/#breadcrumb\"},\"inLanguage\":\"hr\",\"potentialAction\":[{\"@type\":\"ReadAction\",\"target\":[\"https:\/\/spinbetter-apk.app\/hr\/bonuses\/bad-bets\/\"]}]},{\"@type\":\"BreadcrumbList\",\"@id\":\"https:\/\/spinbetter-apk.app\/hr\/bonuses\/bad-bets\/#breadcrumb\",\"itemListElement\":[{\"@type\":\"ListItem\",\"position\":1,\"name\":\"Home\",\"item\":\"https:\/\/spinbetter-apk.app\/hr\/\"},{\"@type\":\"ListItem\",\"position\":2,\"name\":\"Bonusi\",\"item\":\"https:\/\/spinbetter-apk.app\/hr\/bonuses\/\"},{\"@type\":\"ListItem\",\"position\":3,\"name\":\"Bonus za lo\u0161e oklade\"}]},{\"@type\":\"WebSite\",\"@id\":\"https:\/\/spinbetter-apk.app\/hr\/#website\",\"url\":\"https:\/\/spinbetter-apk.app\/hr\/\",\"name\":\"spinbetterapk\",\"description\":\"spinbetterapk casino\",\"potentialAction\":[{\"@type\":\"SearchAction\",\"target\":{\"@type\":\"EntryPoint\",\"urlTemplate\":\"https:\/\/spinbetter-apk.app\/hr\/?s={search_term_string}\"},\"query-input\":{\"@type\":\"PropertyValueSpecification\",\"valueRequired\":true,\"valueName\":\"search_term_string\"}}],\"inLanguage\":\"hr\"}]}<\/script>\n<!-- \/ Yoast SEO plugin. -->","yoast_head_json":{"title":"Bonus za niz neuspje\u0161nih oklada > Osvojite do 500 EUR","description":"SpinBetter ti \u010duva le\u0111a! Uzmi bonus do 500 EUR, nadoknadi propu\u0161teno i vrati se u igru \u200b\u200bs obnovljenom snagom!","robots":{"index":"index","follow":"follow","max-snippet":"max-snippet:-1","max-image-preview":"max-image-preview:large","max-video-preview":"max-video-preview:-1"},"og_locale":"hr_HR","og_type":"article","og_title":"Bonus za niz neuspje\u0161nih oklada > Osvojite do 500 EUR","og_description":"SpinBetter ti \u010duva le\u0111a! Uzmi bonus do 500 EUR, nadoknadi propu\u0161teno i vrati se u igru \u200b\u200bs obnovljenom snagom!","og_url":"https:\/\/spinbetter-apk.app\/hr\/bonuses\/bad-bets\/","og_site_name":"SpinBetter APK HR","article_modified_time":"2025-07-02T11:10:28+00:00","twitter_card":"summary_large_image","schema":{"@context":"https:\/\/schema.org","@graph":[{"@type":"WebPage","@id":"https:\/\/spinbetter-apk.app\/hr\/bonuses\/bad-bets\/","url":"https:\/\/spinbetter-apk.app\/hr\/bonuses\/bad-bets\/","name":"Bonus za niz neuspje\u0161nih oklada > Osvojite do 500 EUR","isPartOf":{"@id":"https:\/\/spinbetter-apk.app\/hr\/#website"},"datePublished":"2025-03-20T09:54:13+00:00","dateModified":"2025-07-02T11:10:28+00:00","description":"SpinBetter ti \u010duva le\u0111a! Uzmi bonus do 500 EUR, nadoknadi propu\u0161teno i vrati se u igru \u200b\u200bs obnovljenom snagom!","breadcrumb":{"@id":"https:\/\/spinbetter-apk.app\/hr\/bonuses\/bad-bets\/#breadcrumb"},"inLanguage":"hr","potentialAction":[{"@type":"ReadAction","target":["https:\/\/spinbetter-apk.app\/hr\/bonuses\/bad-bets\/"]}]},{"@type":"BreadcrumbList","@id":"https:\/\/spinbetter-apk.app\/hr\/bonuses\/bad-bets\/#breadcrumb","itemListElement":[{"@type":"ListItem","position":1,"name":"Home","item":"https:\/\/spinbetter-apk.app\/hr\/"},{"@type":"ListItem","position":2,"name":"Bonusi","item":"https:\/\/spinbetter-apk.app\/hr\/bonuses\/"},{"@type":"ListItem","position":3,"name":"Bonus za lo\u0161e oklade"}]},{"@type":"WebSite","@id":"https:\/\/spinbetter-apk.app\/hr\/#website","url":"https:\/\/spinbetter-apk.app\/hr\/","name":"spinbetterapk","description":"spinbetterapk casino","potentialAction":[{"@type":"SearchAction","target":{"@type":"EntryPoint","urlTemplate":"https:\/\/spinbetter-apk.app\/hr\/?s={search_term_string}"},"query-input":{"@type":"PropertyValueSpecification","valueRequired":true,"valueName":"search_term_string"}}],"inLanguage":"hr"}]}},"_links":{"self":[{"href":"https:\/\/spinbetter-apk.app\/hr\/wp-json\/wp\/v2\/pages\/577","targetHints":{"allow":["GET"]}}],"collection":[{"href":"https:\/\/spinbetter-apk.app\/hr\/wp-json\/wp\/v2\/pages"}],"about":[{"href":"https:\/\/spinbetter-apk.app\/hr\/wp-json\/wp\/v2\/types\/page"}],"author":[{"embeddable":true,"href":"https:\/\/spinbetter-apk.app\/hr\/wp-json\/wp\/v2\/users\/1"}],"replies":[{"embeddable":true,"href":"https:\/\/spinbetter-apk.app\/hr\/wp-json\/wp\/v2\/comments?post=577"}],"version-history":[{"count":8,"href":"https:\/\/spinbetter-apk.app\/hr\/wp-json\/wp\/v2\/pages\/577\/revisions"}],"predecessor-version":[{"id":657,"href":"https:\/\/spinbetter-apk.app\/hr\/wp-json\/wp\/v2\/pages\/577\/revisions\/657"}],"up":[{"embeddable":true,"href":"https:\/\/spinbetter-apk.app\/hr\/wp-json\/wp\/v2\/pages\/322"}],"wp:attachment":[{"href":"https:\/\/spinbetter-apk.app\/hr\/wp-json\/wp\/v2\/media?parent=577"}],"curies":[{"name":"wp","href":"https:\/\/api.w.org\/{rel}","templated":true}]}}