{"id":316,"date":"2024-11-11T06:14:36","date_gmt":"2024-11-11T06:14:36","guid":{"rendered":"https:\/\/spinbetter-apk.app\/hr\/?page_id=316"},"modified":"2026-01-12T14:36:51","modified_gmt":"2026-01-12T14:36:51","slug":"mirror","status":"publish","type":"page","link":"https:\/\/spinbetter-apk.app\/hr\/mirror\/","title":{"rendered":"Ogledalo"},"content":{"rendered":"","protected":false},"excerpt":{"rendered":"","protected":false},"author":1,"featured_media":0,"parent":0,"menu_order":0,"comment_status":"closed","ping_status":"closed","template":"","meta":{"footnotes":""},"class_list":["post-316","page","type-page","status-publish","hentry"],"yoast_head":"<!-- This site is optimized with the Yoast SEO plugin v23.4 - https:\/\/yoast.com\/wordpress\/plugins\/seo\/ -->\n<title>SpinBetter Mirror- Blokiranje premosnice, siguran pristup<\/title>\n<meta name=\"description\" content=\"Saznajte \u0161to su ogledala SpinBetter. Kako rade i omogu\u0107uju pristup igrama? Detaljan vodi\u010d za SpinBetter casino ogledala.\" \/>\n<meta name=\"robots\" content=\"index, follow, max-snippet:-1, max-image-preview:large, max-video-preview:-1\" \/>\n<meta property=\"og:locale\" content=\"hr_HR\" \/>\n<meta property=\"og:type\" content=\"article\" \/>\n<meta property=\"og:title\" content=\"SpinBetter Mirror- Blokiranje premosnice, siguran pristup\" \/>\n<meta property=\"og:description\" content=\"Saznajte \u0161to su ogledala SpinBetter. Kako rade i omogu\u0107uju pristup igrama? Detaljan vodi\u010d za SpinBetter casino ogledala.\" \/>\n<meta property=\"og:url\" content=\"https:\/\/spinbetter-apk.app\/hr\/mirror\/\" \/>\n<meta property=\"og:site_name\" content=\"SpinBetter APK HR\" \/>\n<meta property=\"article:modified_time\" content=\"2026-01-12T14:36:51+00:00\" \/>\n<meta name=\"twitter:card\" content=\"summary_large_image\" \/>\n<script type=\"application\/ld+json\" class=\"yoast-schema-graph\">{\"@context\":\"https:\/\/schema.org\",\"@graph\":[{\"@type\":\"WebPage\",\"@id\":\"https:\/\/spinbetter-apk.app\/hr\/mirror\/\",\"url\":\"https:\/\/spinbetter-apk.app\/hr\/mirror\/\",\"name\":\"SpinBetter Mirror- Blokiranje premosnice, siguran pristup\",\"isPartOf\":{\"@id\":\"https:\/\/spinbetter-apk.app\/hr\/#website\"},\"datePublished\":\"2024-11-11T06:14:36+00:00\",\"dateModified\":\"2026-01-12T14:36:51+00:00\",\"description\":\"Saznajte \u0161to su ogledala SpinBetter. Kako rade i omogu\u0107uju pristup igrama? Detaljan vodi\u010d za SpinBetter casino ogledala.\",\"breadcrumb\":{\"@id\":\"https:\/\/spinbetter-apk.app\/hr\/mirror\/#breadcrumb\"},\"inLanguage\":\"hr\",\"potentialAction\":[{\"@type\":\"ReadAction\",\"target\":[\"https:\/\/spinbetter-apk.app\/hr\/mirror\/\"]}]},{\"@type\":\"BreadcrumbList\",\"@id\":\"https:\/\/spinbetter-apk.app\/hr\/mirror\/#breadcrumb\",\"itemListElement\":[{\"@type\":\"ListItem\",\"position\":1,\"name\":\"Home\",\"item\":\"https:\/\/spinbetter-apk.app\/hr\/\"},{\"@type\":\"ListItem\",\"position\":2,\"name\":\"Ogledalo\"}]},{\"@type\":\"WebSite\",\"@id\":\"https:\/\/spinbetter-apk.app\/hr\/#website\",\"url\":\"https:\/\/spinbetter-apk.app\/hr\/\",\"name\":\"spinbetterapk\",\"description\":\"spinbetterapk casino\",\"potentialAction\":[{\"@type\":\"SearchAction\",\"target\":{\"@type\":\"EntryPoint\",\"urlTemplate\":\"https:\/\/spinbetter-apk.app\/hr\/?s={search_term_string}\"},\"query-input\":{\"@type\":\"PropertyValueSpecification\",\"valueRequired\":true,\"valueName\":\"search_term_string\"}}],\"inLanguage\":\"hr\"}]}<\/script>\n<!-- \/ Yoast SEO plugin. -->","yoast_head_json":{"title":"SpinBetter Mirror- Blokiranje premosnice, siguran pristup","description":"Saznajte \u0161to su ogledala SpinBetter. Kako rade i omogu\u0107uju pristup igrama? Detaljan vodi\u010d za SpinBetter casino ogledala.","robots":{"index":"index","follow":"follow","max-snippet":"max-snippet:-1","max-image-preview":"max-image-preview:large","max-video-preview":"max-video-preview:-1"},"og_locale":"hr_HR","og_type":"article","og_title":"SpinBetter Mirror- Blokiranje premosnice, siguran pristup","og_description":"Saznajte \u0161to su ogledala SpinBetter. Kako rade i omogu\u0107uju pristup igrama? Detaljan vodi\u010d za SpinBetter casino ogledala.","og_url":"https:\/\/spinbetter-apk.app\/hr\/mirror\/","og_site_name":"SpinBetter APK HR","article_modified_time":"2026-01-12T14:36:51+00:00","twitter_card":"summary_large_image","schema":{"@context":"https:\/\/schema.org","@graph":[{"@type":"WebPage","@id":"https:\/\/spinbetter-apk.app\/hr\/mirror\/","url":"https:\/\/spinbetter-apk.app\/hr\/mirror\/","name":"SpinBetter Mirror- Blokiranje premosnice, siguran pristup","isPartOf":{"@id":"https:\/\/spinbetter-apk.app\/hr\/#website"},"datePublished":"2024-11-11T06:14:36+00:00","dateModified":"2026-01-12T14:36:51+00:00","description":"Saznajte \u0161to su ogledala SpinBetter. Kako rade i omogu\u0107uju pristup igrama? Detaljan vodi\u010d za SpinBetter casino ogledala.","breadcrumb":{"@id":"https:\/\/spinbetter-apk.app\/hr\/mirror\/#breadcrumb"},"inLanguage":"hr","potentialAction":[{"@type":"ReadAction","target":["https:\/\/spinbetter-apk.app\/hr\/mirror\/"]}]},{"@type":"BreadcrumbList","@id":"https:\/\/spinbetter-apk.app\/hr\/mirror\/#breadcrumb","itemListElement":[{"@type":"ListItem","position":1,"name":"Home","item":"https:\/\/spinbetter-apk.app\/hr\/"},{"@type":"ListItem","position":2,"name":"Ogledalo"}]},{"@type":"WebSite","@id":"https:\/\/spinbetter-apk.app\/hr\/#website","url":"https:\/\/spinbetter-apk.app\/hr\/","name":"spinbetterapk","description":"spinbetterapk casino","potentialAction":[{"@type":"SearchAction","target":{"@type":"EntryPoint","urlTemplate":"https:\/\/spinbetter-apk.app\/hr\/?s={search_term_string}"},"query-input":{"@type":"PropertyValueSpecification","valueRequired":true,"valueName":"search_term_string"}}],"inLanguage":"hr"}]}},"_links":{"self":[{"href":"https:\/\/spinbetter-apk.app\/hr\/wp-json\/wp\/v2\/pages\/316","targetHints":{"allow":["GET"]}}],"collection":[{"href":"https:\/\/spinbetter-apk.app\/hr\/wp-json\/wp\/v2\/pages"}],"about":[{"href":"https:\/\/spinbetter-apk.app\/hr\/wp-json\/wp\/v2\/types\/page"}],"author":[{"embeddable":true,"href":"https:\/\/spinbetter-apk.app\/hr\/wp-json\/wp\/v2\/users\/1"}],"replies":[{"embeddable":true,"href":"https:\/\/spinbetter-apk.app\/hr\/wp-json\/wp\/v2\/comments?post=316"}],"version-history":[{"count":26,"href":"https:\/\/spinbetter-apk.app\/hr\/wp-json\/wp\/v2\/pages\/316\/revisions"}],"predecessor-version":[{"id":686,"href":"https:\/\/spinbetter-apk.app\/hr\/wp-json\/wp\/v2\/pages\/316\/revisions\/686"}],"wp:attachment":[{"href":"https:\/\/spinbetter-apk.app\/hr\/wp-json\/wp\/v2\/media?parent=316"}],"curies":[{"name":"wp","href":"https:\/\/api.w.org\/{rel}","templated":true}]}}