{"id":548,"date":"2025-06-24T10:04:23","date_gmt":"2025-06-24T10:04:23","guid":{"rendered":"https:\/\/spinbetter-apk.app\/fr\/?page_id=548"},"modified":"2025-07-02T09:08:57","modified_gmt":"2025-07-02T09:08:57","slug":"spinbetter-deposit-lottery","status":"publish","type":"page","link":"https:\/\/spinbetter-apk.app\/fr\/bonuses\/spinbetter-deposit-lottery\/","title":{"rendered":"Loterie avec d\u00e9p\u00f4t SpinBetter"},"content":{"rendered":"","protected":false},"excerpt":{"rendered":"","protected":false},"author":1,"featured_media":0,"parent":322,"menu_order":0,"comment_status":"closed","ping_status":"closed","template":"","meta":{"footnotes":""},"class_list":["post-548","page","type-page","status-publish","hentry"],"yoast_head":"<!-- This site is optimized with the Yoast SEO plugin v23.4 - https:\/\/yoast.com\/wordpress\/plugins\/seo\/ -->\n<title>SpinBetter &gt; Paris gratuits et points promotionnels chaque semaine<\/title>\n<meta name=\"description\" content=\"Effectuez des d\u00e9p\u00f4ts \u00e0 partir de 3 \u20ac sur SpinBetter, obtenez des tickets et participez au tirage hebdomadaire de 30 000 \u20ac de paris gratuits\" \/>\n<meta name=\"robots\" content=\"index, follow, max-snippet:-1, max-image-preview:large, max-video-preview:-1\" \/>\n<meta property=\"og:locale\" content=\"fr_FR\" \/>\n<meta property=\"og:type\" content=\"article\" \/>\n<meta property=\"og:title\" content=\"SpinBetter &gt; Paris gratuits et points promotionnels chaque semaine\" \/>\n<meta property=\"og:description\" content=\"Effectuez des d\u00e9p\u00f4ts \u00e0 partir de 3 \u20ac sur SpinBetter, obtenez des tickets et participez au tirage hebdomadaire de 30 000 \u20ac de paris gratuits\" \/>\n<meta property=\"og:url\" content=\"https:\/\/spinbetter-apk.app\/fr\/bonuses\/spinbetter-deposit-lottery\/\" \/>\n<meta property=\"og:site_name\" content=\"Spinbetter Apk FR\" \/>\n<meta property=\"article:modified_time\" content=\"2025-07-02T09:08:57+00:00\" \/>\n<meta name=\"twitter:card\" content=\"summary_large_image\" \/>\n<script type=\"application\/ld+json\" class=\"yoast-schema-graph\">{\"@context\":\"https:\/\/schema.org\",\"@graph\":[{\"@type\":\"WebPage\",\"@id\":\"https:\/\/spinbetter-apk.app\/fr\/bonuses\/spinbetter-deposit-lottery\/\",\"url\":\"https:\/\/spinbetter-apk.app\/fr\/bonuses\/spinbetter-deposit-lottery\/\",\"name\":\"SpinBetter > Paris gratuits et points promotionnels chaque semaine\",\"isPartOf\":{\"@id\":\"https:\/\/spinbetter-apk.app\/fr\/#website\"},\"datePublished\":\"2025-06-24T10:04:23+00:00\",\"dateModified\":\"2025-07-02T09:08:57+00:00\",\"description\":\"Effectuez des d\u00e9p\u00f4ts \u00e0 partir de 3 \u20ac sur SpinBetter, obtenez des tickets et participez au tirage hebdomadaire de 30 000 \u20ac de paris gratuits\",\"breadcrumb\":{\"@id\":\"https:\/\/spinbetter-apk.app\/fr\/bonuses\/spinbetter-deposit-lottery\/#breadcrumb\"},\"inLanguage\":\"fr-FR\",\"potentialAction\":[{\"@type\":\"ReadAction\",\"target\":[\"https:\/\/spinbetter-apk.app\/fr\/bonuses\/spinbetter-deposit-lottery\/\"]}]},{\"@type\":\"BreadcrumbList\",\"@id\":\"https:\/\/spinbetter-apk.app\/fr\/bonuses\/spinbetter-deposit-lottery\/#breadcrumb\",\"itemListElement\":[{\"@type\":\"ListItem\",\"position\":1,\"name\":\"Accueil\",\"item\":\"https:\/\/spinbetter-apk.app\/fr\/\"},{\"@type\":\"ListItem\",\"position\":2,\"name\":\"Bonus\",\"item\":\"https:\/\/spinbetter-apk.app\/fr\/bonuses\/\"},{\"@type\":\"ListItem\",\"position\":3,\"name\":\"Loterie avec d\u00e9p\u00f4t SpinBetter\"}]},{\"@type\":\"WebSite\",\"@id\":\"https:\/\/spinbetter-apk.app\/fr\/#website\",\"url\":\"https:\/\/spinbetter-apk.app\/fr\/\",\"name\":\"Spinbetter Apk FR\",\"description\":\"spinbetterapk casino\",\"potentialAction\":[{\"@type\":\"SearchAction\",\"target\":{\"@type\":\"EntryPoint\",\"urlTemplate\":\"https:\/\/spinbetter-apk.app\/fr\/?s={search_term_string}\"},\"query-input\":{\"@type\":\"PropertyValueSpecification\",\"valueRequired\":true,\"valueName\":\"search_term_string\"}}],\"inLanguage\":\"fr-FR\"}]}<\/script>\n<!-- \/ Yoast SEO plugin. -->","yoast_head_json":{"title":"SpinBetter > Paris gratuits et points promotionnels chaque semaine","description":"Effectuez des d\u00e9p\u00f4ts \u00e0 partir de 3 \u20ac sur SpinBetter, obtenez des tickets et participez au tirage hebdomadaire de 30 000 \u20ac de paris gratuits","robots":{"index":"index","follow":"follow","max-snippet":"max-snippet:-1","max-image-preview":"max-image-preview:large","max-video-preview":"max-video-preview:-1"},"og_locale":"fr_FR","og_type":"article","og_title":"SpinBetter > Paris gratuits et points promotionnels chaque semaine","og_description":"Effectuez des d\u00e9p\u00f4ts \u00e0 partir de 3 \u20ac sur SpinBetter, obtenez des tickets et participez au tirage hebdomadaire de 30 000 \u20ac de paris gratuits","og_url":"https:\/\/spinbetter-apk.app\/fr\/bonuses\/spinbetter-deposit-lottery\/","og_site_name":"Spinbetter Apk FR","article_modified_time":"2025-07-02T09:08:57+00:00","twitter_card":"summary_large_image","schema":{"@context":"https:\/\/schema.org","@graph":[{"@type":"WebPage","@id":"https:\/\/spinbetter-apk.app\/fr\/bonuses\/spinbetter-deposit-lottery\/","url":"https:\/\/spinbetter-apk.app\/fr\/bonuses\/spinbetter-deposit-lottery\/","name":"SpinBetter > Paris gratuits et points promotionnels chaque semaine","isPartOf":{"@id":"https:\/\/spinbetter-apk.app\/fr\/#website"},"datePublished":"2025-06-24T10:04:23+00:00","dateModified":"2025-07-02T09:08:57+00:00","description":"Effectuez des d\u00e9p\u00f4ts \u00e0 partir de 3 \u20ac sur SpinBetter, obtenez des tickets et participez au tirage hebdomadaire de 30 000 \u20ac de paris gratuits","breadcrumb":{"@id":"https:\/\/spinbetter-apk.app\/fr\/bonuses\/spinbetter-deposit-lottery\/#breadcrumb"},"inLanguage":"fr-FR","potentialAction":[{"@type":"ReadAction","target":["https:\/\/spinbetter-apk.app\/fr\/bonuses\/spinbetter-deposit-lottery\/"]}]},{"@type":"BreadcrumbList","@id":"https:\/\/spinbetter-apk.app\/fr\/bonuses\/spinbetter-deposit-lottery\/#breadcrumb","itemListElement":[{"@type":"ListItem","position":1,"name":"Accueil","item":"https:\/\/spinbetter-apk.app\/fr\/"},{"@type":"ListItem","position":2,"name":"Bonus","item":"https:\/\/spinbetter-apk.app\/fr\/bonuses\/"},{"@type":"ListItem","position":3,"name":"Loterie avec d\u00e9p\u00f4t SpinBetter"}]},{"@type":"WebSite","@id":"https:\/\/spinbetter-apk.app\/fr\/#website","url":"https:\/\/spinbetter-apk.app\/fr\/","name":"Spinbetter Apk FR","description":"spinbetterapk casino","potentialAction":[{"@type":"SearchAction","target":{"@type":"EntryPoint","urlTemplate":"https:\/\/spinbetter-apk.app\/fr\/?s={search_term_string}"},"query-input":{"@type":"PropertyValueSpecification","valueRequired":true,"valueName":"search_term_string"}}],"inLanguage":"fr-FR"}]}},"_links":{"self":[{"href":"https:\/\/spinbetter-apk.app\/fr\/wp-json\/wp\/v2\/pages\/548","targetHints":{"allow":["GET"]}}],"collection":[{"href":"https:\/\/spinbetter-apk.app\/fr\/wp-json\/wp\/v2\/pages"}],"about":[{"href":"https:\/\/spinbetter-apk.app\/fr\/wp-json\/wp\/v2\/types\/page"}],"author":[{"embeddable":true,"href":"https:\/\/spinbetter-apk.app\/fr\/wp-json\/wp\/v2\/users\/1"}],"replies":[{"embeddable":true,"href":"https:\/\/spinbetter-apk.app\/fr\/wp-json\/wp\/v2\/comments?post=548"}],"version-history":[{"count":2,"href":"https:\/\/spinbetter-apk.app\/fr\/wp-json\/wp\/v2\/pages\/548\/revisions"}],"predecessor-version":[{"id":550,"href":"https:\/\/spinbetter-apk.app\/fr\/wp-json\/wp\/v2\/pages\/548\/revisions\/550"}],"up":[{"embeddable":true,"href":"https:\/\/spinbetter-apk.app\/fr\/wp-json\/wp\/v2\/pages\/322"}],"wp:attachment":[{"href":"https:\/\/spinbetter-apk.app\/fr\/wp-json\/wp\/v2\/media?parent=548"}],"curies":[{"name":"wp","href":"https:\/\/api.w.org\/{rel}","templated":true}]}}