{"id":329,"date":"2024-11-11T07:31:17","date_gmt":"2024-11-11T07:31:17","guid":{"rendered":"https:\/\/spinbetter-apk.app\/fr\/?page_id=329"},"modified":"2025-07-02T08:57:48","modified_gmt":"2025-07-02T08:57:48","slug":"download","status":"publish","type":"page","link":"https:\/\/spinbetter-apk.app\/fr\/download\/","title":{"rendered":"T\u00e9l\u00e9charger"},"content":{"rendered":"","protected":false},"excerpt":{"rendered":"","protected":false},"author":1,"featured_media":0,"parent":0,"menu_order":0,"comment_status":"closed","ping_status":"closed","template":"","meta":{"footnotes":""},"class_list":["post-329","page","type-page","status-publish","hentry"],"yoast_head":"<!-- This site is optimized with the Yoast SEO plugin v23.4 - https:\/\/yoast.com\/wordpress\/plugins\/seo\/ -->\n<title>T\u00e9l\u00e9charger SpinBetter APK &gt; Comment installer l&#039;application<\/title>\n<meta name=\"description\" content=\"D\u00e9couvrez comment t\u00e9l\u00e9charger et configurer l&#039;apk SpinBetter pour jouer confortablement. Aper\u00e7u de l&#039;apk SpinBetter, param\u00e8tres de s\u00e9curit\u00e9.\" \/>\n<meta name=\"robots\" content=\"index, follow, max-snippet:-1, max-image-preview:large, max-video-preview:-1\" \/>\n<meta property=\"og:locale\" content=\"fr_FR\" \/>\n<meta property=\"og:type\" content=\"article\" \/>\n<meta property=\"og:title\" content=\"T\u00e9l\u00e9charger SpinBetter APK &gt; Comment installer l&#039;application\" \/>\n<meta property=\"og:description\" content=\"D\u00e9couvrez comment t\u00e9l\u00e9charger et configurer l&#039;apk SpinBetter pour jouer confortablement. Aper\u00e7u de l&#039;apk SpinBetter, param\u00e8tres de s\u00e9curit\u00e9.\" \/>\n<meta property=\"og:url\" content=\"https:\/\/spinbetter-apk.app\/fr\/download\/\" \/>\n<meta property=\"og:site_name\" content=\"Spinbetter Apk FR\" \/>\n<meta property=\"article:modified_time\" content=\"2025-07-02T08:57:48+00:00\" \/>\n<meta name=\"twitter:card\" content=\"summary_large_image\" \/>\n<script type=\"application\/ld+json\" class=\"yoast-schema-graph\">{\"@context\":\"https:\/\/schema.org\",\"@graph\":[{\"@type\":\"WebPage\",\"@id\":\"https:\/\/spinbetter-apk.app\/fr\/download\/\",\"url\":\"https:\/\/spinbetter-apk.app\/fr\/download\/\",\"name\":\"T\u00e9l\u00e9charger SpinBetter APK > Comment installer l'application\",\"isPartOf\":{\"@id\":\"https:\/\/spinbetter-apk.app\/fr\/#website\"},\"datePublished\":\"2024-11-11T07:31:17+00:00\",\"dateModified\":\"2025-07-02T08:57:48+00:00\",\"description\":\"D\u00e9couvrez comment t\u00e9l\u00e9charger et configurer l'apk SpinBetter pour jouer confortablement. Aper\u00e7u de l'apk SpinBetter, param\u00e8tres de s\u00e9curit\u00e9.\",\"breadcrumb\":{\"@id\":\"https:\/\/spinbetter-apk.app\/fr\/download\/#breadcrumb\"},\"inLanguage\":\"fr-FR\",\"potentialAction\":[{\"@type\":\"ReadAction\",\"target\":[\"https:\/\/spinbetter-apk.app\/fr\/download\/\"]}]},{\"@type\":\"BreadcrumbList\",\"@id\":\"https:\/\/spinbetter-apk.app\/fr\/download\/#breadcrumb\",\"itemListElement\":[{\"@type\":\"ListItem\",\"position\":1,\"name\":\"Accueil\",\"item\":\"https:\/\/spinbetter-apk.app\/fr\/\"},{\"@type\":\"ListItem\",\"position\":2,\"name\":\"T\u00e9l\u00e9charger\"}]},{\"@type\":\"WebSite\",\"@id\":\"https:\/\/spinbetter-apk.app\/fr\/#website\",\"url\":\"https:\/\/spinbetter-apk.app\/fr\/\",\"name\":\"Spinbetter Apk FR\",\"description\":\"spinbetterapk casino\",\"potentialAction\":[{\"@type\":\"SearchAction\",\"target\":{\"@type\":\"EntryPoint\",\"urlTemplate\":\"https:\/\/spinbetter-apk.app\/fr\/?s={search_term_string}\"},\"query-input\":{\"@type\":\"PropertyValueSpecification\",\"valueRequired\":true,\"valueName\":\"search_term_string\"}}],\"inLanguage\":\"fr-FR\"}]}<\/script>\n<!-- \/ Yoast SEO plugin. -->","yoast_head_json":{"title":"T\u00e9l\u00e9charger SpinBetter APK > Comment installer l'application","description":"D\u00e9couvrez comment t\u00e9l\u00e9charger et configurer l'apk SpinBetter pour jouer confortablement. Aper\u00e7u de l'apk SpinBetter, param\u00e8tres de s\u00e9curit\u00e9.","robots":{"index":"index","follow":"follow","max-snippet":"max-snippet:-1","max-image-preview":"max-image-preview:large","max-video-preview":"max-video-preview:-1"},"og_locale":"fr_FR","og_type":"article","og_title":"T\u00e9l\u00e9charger SpinBetter APK > Comment installer l'application","og_description":"D\u00e9couvrez comment t\u00e9l\u00e9charger et configurer l'apk SpinBetter pour jouer confortablement. Aper\u00e7u de l'apk SpinBetter, param\u00e8tres de s\u00e9curit\u00e9.","og_url":"https:\/\/spinbetter-apk.app\/fr\/download\/","og_site_name":"Spinbetter Apk FR","article_modified_time":"2025-07-02T08:57:48+00:00","twitter_card":"summary_large_image","schema":{"@context":"https:\/\/schema.org","@graph":[{"@type":"WebPage","@id":"https:\/\/spinbetter-apk.app\/fr\/download\/","url":"https:\/\/spinbetter-apk.app\/fr\/download\/","name":"T\u00e9l\u00e9charger SpinBetter APK > Comment installer l'application","isPartOf":{"@id":"https:\/\/spinbetter-apk.app\/fr\/#website"},"datePublished":"2024-11-11T07:31:17+00:00","dateModified":"2025-07-02T08:57:48+00:00","description":"D\u00e9couvrez comment t\u00e9l\u00e9charger et configurer l'apk SpinBetter pour jouer confortablement. Aper\u00e7u de l'apk SpinBetter, param\u00e8tres de s\u00e9curit\u00e9.","breadcrumb":{"@id":"https:\/\/spinbetter-apk.app\/fr\/download\/#breadcrumb"},"inLanguage":"fr-FR","potentialAction":[{"@type":"ReadAction","target":["https:\/\/spinbetter-apk.app\/fr\/download\/"]}]},{"@type":"BreadcrumbList","@id":"https:\/\/spinbetter-apk.app\/fr\/download\/#breadcrumb","itemListElement":[{"@type":"ListItem","position":1,"name":"Accueil","item":"https:\/\/spinbetter-apk.app\/fr\/"},{"@type":"ListItem","position":2,"name":"T\u00e9l\u00e9charger"}]},{"@type":"WebSite","@id":"https:\/\/spinbetter-apk.app\/fr\/#website","url":"https:\/\/spinbetter-apk.app\/fr\/","name":"Spinbetter Apk FR","description":"spinbetterapk casino","potentialAction":[{"@type":"SearchAction","target":{"@type":"EntryPoint","urlTemplate":"https:\/\/spinbetter-apk.app\/fr\/?s={search_term_string}"},"query-input":{"@type":"PropertyValueSpecification","valueRequired":true,"valueName":"search_term_string"}}],"inLanguage":"fr-FR"}]}},"_links":{"self":[{"href":"https:\/\/spinbetter-apk.app\/fr\/wp-json\/wp\/v2\/pages\/329","targetHints":{"allow":["GET"]}}],"collection":[{"href":"https:\/\/spinbetter-apk.app\/fr\/wp-json\/wp\/v2\/pages"}],"about":[{"href":"https:\/\/spinbetter-apk.app\/fr\/wp-json\/wp\/v2\/types\/page"}],"author":[{"embeddable":true,"href":"https:\/\/spinbetter-apk.app\/fr\/wp-json\/wp\/v2\/users\/1"}],"replies":[{"embeddable":true,"href":"https:\/\/spinbetter-apk.app\/fr\/wp-json\/wp\/v2\/comments?post=329"}],"version-history":[{"count":23,"href":"https:\/\/spinbetter-apk.app\/fr\/wp-json\/wp\/v2\/pages\/329\/revisions"}],"predecessor-version":[{"id":531,"href":"https:\/\/spinbetter-apk.app\/fr\/wp-json\/wp\/v2\/pages\/329\/revisions\/531"}],"wp:attachment":[{"href":"https:\/\/spinbetter-apk.app\/fr\/wp-json\/wp\/v2\/media?parent=329"}],"curies":[{"name":"wp","href":"https:\/\/api.w.org\/{rel}","templated":true}]}}