{"id":564,"date":"2025-07-28T12:21:25","date_gmt":"2025-07-28T12:21:25","guid":{"rendered":"https:\/\/spinbetter-apk.app\/fi\/?page_id=564"},"modified":"2025-07-28T12:21:35","modified_gmt":"2025-07-28T12:21:35","slug":"get-cashback","status":"publish","type":"page","link":"https:\/\/spinbetter-apk.app\/fi\/bonuses\/get-cashback\/","title":{"rendered":"Saat jopa 20 % k\u00e4teispalautusta"},"content":{"rendered":"","protected":false},"excerpt":{"rendered":"","protected":false},"author":1,"featured_media":0,"parent":322,"menu_order":0,"comment_status":"closed","ping_status":"closed","template":"","meta":{"footnotes":""},"class_list":["post-564","page","type-page","status-publish","hentry"],"yoast_head":"<!-- This site is optimized with the Yoast SEO plugin v23.4 - https:\/\/yoast.com\/wordpress\/plugins\/seo\/ -->\n<title>SpinBetter-k\u00e4teispalautus \u1405 Jopa 20 % jalkapallovedoista<\/title>\n<meta name=\"description\" content=\"Ly\u00f6 vetoa jalkapallosta ja saat SpinBetterilt\u00e4 k\u00e4teispalautusta \u2013 jopa 20 % viikossa. Kampanja on saatavilla tietokoneella ja mobiililaitteilla 4.8.\u20135.10.2025.\" \/>\n<meta name=\"robots\" content=\"index, follow, max-snippet:-1, max-image-preview:large, max-video-preview:-1\" \/>\n<meta property=\"og:locale\" content=\"fi_FI\" \/>\n<meta property=\"og:type\" content=\"article\" \/>\n<meta property=\"og:title\" content=\"SpinBetter-k\u00e4teispalautus \u1405 Jopa 20 % jalkapallovedoista\" \/>\n<meta property=\"og:description\" content=\"Ly\u00f6 vetoa jalkapallosta ja saat SpinBetterilt\u00e4 k\u00e4teispalautusta \u2013 jopa 20 % viikossa. Kampanja on saatavilla tietokoneella ja mobiililaitteilla 4.8.\u20135.10.2025.\" \/>\n<meta property=\"og:url\" content=\"https:\/\/spinbetter-apk.app\/fi\/bonuses\/get-cashback\/\" \/>\n<meta property=\"og:site_name\" content=\"Spinbetter Apk FI\" \/>\n<meta property=\"article:modified_time\" content=\"2025-07-28T12:21:35+00:00\" \/>\n<meta name=\"twitter:card\" content=\"summary_large_image\" \/>\n<script type=\"application\/ld+json\" class=\"yoast-schema-graph\">{\"@context\":\"https:\/\/schema.org\",\"@graph\":[{\"@type\":\"WebPage\",\"@id\":\"https:\/\/spinbetter-apk.app\/fi\/bonuses\/get-cashback\/\",\"url\":\"https:\/\/spinbetter-apk.app\/fi\/bonuses\/get-cashback\/\",\"name\":\"SpinBetter-k\u00e4teispalautus \u1405 Jopa 20 % jalkapallovedoista\",\"isPartOf\":{\"@id\":\"https:\/\/spinbetter-apk.app\/fi\/#website\"},\"datePublished\":\"2025-07-28T12:21:25+00:00\",\"dateModified\":\"2025-07-28T12:21:35+00:00\",\"description\":\"Ly\u00f6 vetoa jalkapallosta ja saat SpinBetterilt\u00e4 k\u00e4teispalautusta \u2013 jopa 20 % viikossa. Kampanja on saatavilla tietokoneella ja mobiililaitteilla 4.8.\u20135.10.2025.\",\"breadcrumb\":{\"@id\":\"https:\/\/spinbetter-apk.app\/fi\/bonuses\/get-cashback\/#breadcrumb\"},\"inLanguage\":\"fi\",\"potentialAction\":[{\"@type\":\"ReadAction\",\"target\":[\"https:\/\/spinbetter-apk.app\/fi\/bonuses\/get-cashback\/\"]}]},{\"@type\":\"BreadcrumbList\",\"@id\":\"https:\/\/spinbetter-apk.app\/fi\/bonuses\/get-cashback\/#breadcrumb\",\"itemListElement\":[{\"@type\":\"ListItem\",\"position\":1,\"name\":\"Etusivu\",\"item\":\"https:\/\/spinbetter-apk.app\/fi\/\"},{\"@type\":\"ListItem\",\"position\":2,\"name\":\"Bonukset\",\"item\":\"https:\/\/spinbetter-apk.app\/fi\/bonuses\/\"},{\"@type\":\"ListItem\",\"position\":3,\"name\":\"Saat jopa 20 % k\u00e4teispalautusta\"}]},{\"@type\":\"WebSite\",\"@id\":\"https:\/\/spinbetter-apk.app\/fi\/#website\",\"url\":\"https:\/\/spinbetter-apk.app\/fi\/\",\"name\":\"Spinbetter Apk FI\",\"description\":\"spinbetterapk casino\",\"potentialAction\":[{\"@type\":\"SearchAction\",\"target\":{\"@type\":\"EntryPoint\",\"urlTemplate\":\"https:\/\/spinbetter-apk.app\/fi\/?s={search_term_string}\"},\"query-input\":{\"@type\":\"PropertyValueSpecification\",\"valueRequired\":true,\"valueName\":\"search_term_string\"}}],\"inLanguage\":\"fi\"}]}<\/script>\n<!-- \/ Yoast SEO plugin. -->","yoast_head_json":{"title":"SpinBetter-k\u00e4teispalautus \u1405 Jopa 20 % jalkapallovedoista","description":"Ly\u00f6 vetoa jalkapallosta ja saat SpinBetterilt\u00e4 k\u00e4teispalautusta \u2013 jopa 20 % viikossa. Kampanja on saatavilla tietokoneella ja mobiililaitteilla 4.8.\u20135.10.2025.","robots":{"index":"index","follow":"follow","max-snippet":"max-snippet:-1","max-image-preview":"max-image-preview:large","max-video-preview":"max-video-preview:-1"},"og_locale":"fi_FI","og_type":"article","og_title":"SpinBetter-k\u00e4teispalautus \u1405 Jopa 20 % jalkapallovedoista","og_description":"Ly\u00f6 vetoa jalkapallosta ja saat SpinBetterilt\u00e4 k\u00e4teispalautusta \u2013 jopa 20 % viikossa. Kampanja on saatavilla tietokoneella ja mobiililaitteilla 4.8.\u20135.10.2025.","og_url":"https:\/\/spinbetter-apk.app\/fi\/bonuses\/get-cashback\/","og_site_name":"Spinbetter Apk FI","article_modified_time":"2025-07-28T12:21:35+00:00","twitter_card":"summary_large_image","schema":{"@context":"https:\/\/schema.org","@graph":[{"@type":"WebPage","@id":"https:\/\/spinbetter-apk.app\/fi\/bonuses\/get-cashback\/","url":"https:\/\/spinbetter-apk.app\/fi\/bonuses\/get-cashback\/","name":"SpinBetter-k\u00e4teispalautus \u1405 Jopa 20 % jalkapallovedoista","isPartOf":{"@id":"https:\/\/spinbetter-apk.app\/fi\/#website"},"datePublished":"2025-07-28T12:21:25+00:00","dateModified":"2025-07-28T12:21:35+00:00","description":"Ly\u00f6 vetoa jalkapallosta ja saat SpinBetterilt\u00e4 k\u00e4teispalautusta \u2013 jopa 20 % viikossa. Kampanja on saatavilla tietokoneella ja mobiililaitteilla 4.8.\u20135.10.2025.","breadcrumb":{"@id":"https:\/\/spinbetter-apk.app\/fi\/bonuses\/get-cashback\/#breadcrumb"},"inLanguage":"fi","potentialAction":[{"@type":"ReadAction","target":["https:\/\/spinbetter-apk.app\/fi\/bonuses\/get-cashback\/"]}]},{"@type":"BreadcrumbList","@id":"https:\/\/spinbetter-apk.app\/fi\/bonuses\/get-cashback\/#breadcrumb","itemListElement":[{"@type":"ListItem","position":1,"name":"Etusivu","item":"https:\/\/spinbetter-apk.app\/fi\/"},{"@type":"ListItem","position":2,"name":"Bonukset","item":"https:\/\/spinbetter-apk.app\/fi\/bonuses\/"},{"@type":"ListItem","position":3,"name":"Saat jopa 20 % k\u00e4teispalautusta"}]},{"@type":"WebSite","@id":"https:\/\/spinbetter-apk.app\/fi\/#website","url":"https:\/\/spinbetter-apk.app\/fi\/","name":"Spinbetter Apk FI","description":"spinbetterapk casino","potentialAction":[{"@type":"SearchAction","target":{"@type":"EntryPoint","urlTemplate":"https:\/\/spinbetter-apk.app\/fi\/?s={search_term_string}"},"query-input":{"@type":"PropertyValueSpecification","valueRequired":true,"valueName":"search_term_string"}}],"inLanguage":"fi"}]}},"_links":{"self":[{"href":"https:\/\/spinbetter-apk.app\/fi\/wp-json\/wp\/v2\/pages\/564","targetHints":{"allow":["GET"]}}],"collection":[{"href":"https:\/\/spinbetter-apk.app\/fi\/wp-json\/wp\/v2\/pages"}],"about":[{"href":"https:\/\/spinbetter-apk.app\/fi\/wp-json\/wp\/v2\/types\/page"}],"author":[{"embeddable":true,"href":"https:\/\/spinbetter-apk.app\/fi\/wp-json\/wp\/v2\/users\/1"}],"replies":[{"embeddable":true,"href":"https:\/\/spinbetter-apk.app\/fi\/wp-json\/wp\/v2\/comments?post=564"}],"version-history":[{"count":1,"href":"https:\/\/spinbetter-apk.app\/fi\/wp-json\/wp\/v2\/pages\/564\/revisions"}],"predecessor-version":[{"id":565,"href":"https:\/\/spinbetter-apk.app\/fi\/wp-json\/wp\/v2\/pages\/564\/revisions\/565"}],"up":[{"embeddable":true,"href":"https:\/\/spinbetter-apk.app\/fi\/wp-json\/wp\/v2\/pages\/322"}],"wp:attachment":[{"href":"https:\/\/spinbetter-apk.app\/fi\/wp-json\/wp\/v2\/media?parent=564"}],"curies":[{"name":"wp","href":"https:\/\/api.w.org\/{rel}","templated":true}]}}