{"id":559,"date":"2025-07-09T08:40:51","date_gmt":"2025-07-09T08:40:51","guid":{"rendered":"https:\/\/spinbetter-apk.app\/fi\/?page_id=559"},"modified":"2025-07-09T08:40:51","modified_gmt":"2025-07-09T08:40:51","slug":"spinbetter-loyalty-program","status":"publish","type":"page","link":"https:\/\/spinbetter-apk.app\/fi\/bonuses\/spinbetter-loyalty-program\/","title":{"rendered":"SpinBetter-kanta-asiakasohjelma"},"content":{"rendered":"","protected":false},"excerpt":{"rendered":"","protected":false},"author":1,"featured_media":0,"parent":322,"menu_order":0,"comment_status":"closed","ping_status":"closed","template":"","meta":{"footnotes":""},"class_list":["post-559","page","type-page","status-publish","hentry"],"yoast_head":"<!-- This site is optimized with the Yoast SEO plugin v23.4 - https:\/\/yoast.com\/wordpress\/plugins\/seo\/ -->\n<title>SpinBetter-kanta-asiakasohjelma &gt; Jopa 11 % k\u00e4teispalautus ja VIP-status<\/title>\n<meta name=\"description\" content=\"Nouse tasolle, saat jopa 11 % k\u00e4teispalautusta ja eksklusiivisia bonuksia. SpinBetter pelaamalla voitat aina enemm\u00e4n \u2013 ryhdy VIP-j\u00e4seneksi ja nauti etuoikeuksista!\" \/>\n<meta name=\"robots\" content=\"index, follow, max-snippet:-1, max-image-preview:large, max-video-preview:-1\" \/>\n<meta property=\"og:locale\" content=\"fi_FI\" \/>\n<meta property=\"og:type\" content=\"article\" \/>\n<meta property=\"og:title\" content=\"SpinBetter-kanta-asiakasohjelma &gt; Jopa 11 % k\u00e4teispalautus ja VIP-status\" \/>\n<meta property=\"og:description\" content=\"Nouse tasolle, saat jopa 11 % k\u00e4teispalautusta ja eksklusiivisia bonuksia. SpinBetter pelaamalla voitat aina enemm\u00e4n \u2013 ryhdy VIP-j\u00e4seneksi ja nauti etuoikeuksista!\" \/>\n<meta property=\"og:url\" content=\"https:\/\/spinbetter-apk.app\/fi\/bonuses\/spinbetter-loyalty-program\/\" \/>\n<meta property=\"og:site_name\" content=\"Spinbetter Apk FI\" \/>\n<meta name=\"twitter:card\" content=\"summary_large_image\" \/>\n<script type=\"application\/ld+json\" class=\"yoast-schema-graph\">{\"@context\":\"https:\/\/schema.org\",\"@graph\":[{\"@type\":\"WebPage\",\"@id\":\"https:\/\/spinbetter-apk.app\/fi\/bonuses\/spinbetter-loyalty-program\/\",\"url\":\"https:\/\/spinbetter-apk.app\/fi\/bonuses\/spinbetter-loyalty-program\/\",\"name\":\"SpinBetter-kanta-asiakasohjelma > Jopa 11 % k\u00e4teispalautus ja VIP-status\",\"isPartOf\":{\"@id\":\"https:\/\/spinbetter-apk.app\/fi\/#website\"},\"datePublished\":\"2025-07-09T08:40:51+00:00\",\"dateModified\":\"2025-07-09T08:40:51+00:00\",\"description\":\"Nouse tasolle, saat jopa 11 % k\u00e4teispalautusta ja eksklusiivisia bonuksia. SpinBetter pelaamalla voitat aina enemm\u00e4n \u2013 ryhdy VIP-j\u00e4seneksi ja nauti etuoikeuksista!\",\"breadcrumb\":{\"@id\":\"https:\/\/spinbetter-apk.app\/fi\/bonuses\/spinbetter-loyalty-program\/#breadcrumb\"},\"inLanguage\":\"fi\",\"potentialAction\":[{\"@type\":\"ReadAction\",\"target\":[\"https:\/\/spinbetter-apk.app\/fi\/bonuses\/spinbetter-loyalty-program\/\"]}]},{\"@type\":\"BreadcrumbList\",\"@id\":\"https:\/\/spinbetter-apk.app\/fi\/bonuses\/spinbetter-loyalty-program\/#breadcrumb\",\"itemListElement\":[{\"@type\":\"ListItem\",\"position\":1,\"name\":\"Etusivu\",\"item\":\"https:\/\/spinbetter-apk.app\/fi\/\"},{\"@type\":\"ListItem\",\"position\":2,\"name\":\"Bonukset\",\"item\":\"https:\/\/spinbetter-apk.app\/fi\/bonuses\/\"},{\"@type\":\"ListItem\",\"position\":3,\"name\":\"SpinBetter-kanta-asiakasohjelma\"}]},{\"@type\":\"WebSite\",\"@id\":\"https:\/\/spinbetter-apk.app\/fi\/#website\",\"url\":\"https:\/\/spinbetter-apk.app\/fi\/\",\"name\":\"Spinbetter Apk FI\",\"description\":\"spinbetterapk casino\",\"potentialAction\":[{\"@type\":\"SearchAction\",\"target\":{\"@type\":\"EntryPoint\",\"urlTemplate\":\"https:\/\/spinbetter-apk.app\/fi\/?s={search_term_string}\"},\"query-input\":{\"@type\":\"PropertyValueSpecification\",\"valueRequired\":true,\"valueName\":\"search_term_string\"}}],\"inLanguage\":\"fi\"}]}<\/script>\n<!-- \/ Yoast SEO plugin. -->","yoast_head_json":{"title":"SpinBetter-kanta-asiakasohjelma > Jopa 11 % k\u00e4teispalautus ja VIP-status","description":"Nouse tasolle, saat jopa 11 % k\u00e4teispalautusta ja eksklusiivisia bonuksia. SpinBetter pelaamalla voitat aina enemm\u00e4n \u2013 ryhdy VIP-j\u00e4seneksi ja nauti etuoikeuksista!","robots":{"index":"index","follow":"follow","max-snippet":"max-snippet:-1","max-image-preview":"max-image-preview:large","max-video-preview":"max-video-preview:-1"},"og_locale":"fi_FI","og_type":"article","og_title":"SpinBetter-kanta-asiakasohjelma > Jopa 11 % k\u00e4teispalautus ja VIP-status","og_description":"Nouse tasolle, saat jopa 11 % k\u00e4teispalautusta ja eksklusiivisia bonuksia. SpinBetter pelaamalla voitat aina enemm\u00e4n \u2013 ryhdy VIP-j\u00e4seneksi ja nauti etuoikeuksista!","og_url":"https:\/\/spinbetter-apk.app\/fi\/bonuses\/spinbetter-loyalty-program\/","og_site_name":"Spinbetter Apk FI","twitter_card":"summary_large_image","schema":{"@context":"https:\/\/schema.org","@graph":[{"@type":"WebPage","@id":"https:\/\/spinbetter-apk.app\/fi\/bonuses\/spinbetter-loyalty-program\/","url":"https:\/\/spinbetter-apk.app\/fi\/bonuses\/spinbetter-loyalty-program\/","name":"SpinBetter-kanta-asiakasohjelma > Jopa 11 % k\u00e4teispalautus ja VIP-status","isPartOf":{"@id":"https:\/\/spinbetter-apk.app\/fi\/#website"},"datePublished":"2025-07-09T08:40:51+00:00","dateModified":"2025-07-09T08:40:51+00:00","description":"Nouse tasolle, saat jopa 11 % k\u00e4teispalautusta ja eksklusiivisia bonuksia. SpinBetter pelaamalla voitat aina enemm\u00e4n \u2013 ryhdy VIP-j\u00e4seneksi ja nauti etuoikeuksista!","breadcrumb":{"@id":"https:\/\/spinbetter-apk.app\/fi\/bonuses\/spinbetter-loyalty-program\/#breadcrumb"},"inLanguage":"fi","potentialAction":[{"@type":"ReadAction","target":["https:\/\/spinbetter-apk.app\/fi\/bonuses\/spinbetter-loyalty-program\/"]}]},{"@type":"BreadcrumbList","@id":"https:\/\/spinbetter-apk.app\/fi\/bonuses\/spinbetter-loyalty-program\/#breadcrumb","itemListElement":[{"@type":"ListItem","position":1,"name":"Etusivu","item":"https:\/\/spinbetter-apk.app\/fi\/"},{"@type":"ListItem","position":2,"name":"Bonukset","item":"https:\/\/spinbetter-apk.app\/fi\/bonuses\/"},{"@type":"ListItem","position":3,"name":"SpinBetter-kanta-asiakasohjelma"}]},{"@type":"WebSite","@id":"https:\/\/spinbetter-apk.app\/fi\/#website","url":"https:\/\/spinbetter-apk.app\/fi\/","name":"Spinbetter Apk FI","description":"spinbetterapk casino","potentialAction":[{"@type":"SearchAction","target":{"@type":"EntryPoint","urlTemplate":"https:\/\/spinbetter-apk.app\/fi\/?s={search_term_string}"},"query-input":{"@type":"PropertyValueSpecification","valueRequired":true,"valueName":"search_term_string"}}],"inLanguage":"fi"}]}},"_links":{"self":[{"href":"https:\/\/spinbetter-apk.app\/fi\/wp-json\/wp\/v2\/pages\/559","targetHints":{"allow":["GET"]}}],"collection":[{"href":"https:\/\/spinbetter-apk.app\/fi\/wp-json\/wp\/v2\/pages"}],"about":[{"href":"https:\/\/spinbetter-apk.app\/fi\/wp-json\/wp\/v2\/types\/page"}],"author":[{"embeddable":true,"href":"https:\/\/spinbetter-apk.app\/fi\/wp-json\/wp\/v2\/users\/1"}],"replies":[{"embeddable":true,"href":"https:\/\/spinbetter-apk.app\/fi\/wp-json\/wp\/v2\/comments?post=559"}],"version-history":[{"count":1,"href":"https:\/\/spinbetter-apk.app\/fi\/wp-json\/wp\/v2\/pages\/559\/revisions"}],"predecessor-version":[{"id":560,"href":"https:\/\/spinbetter-apk.app\/fi\/wp-json\/wp\/v2\/pages\/559\/revisions\/560"}],"up":[{"embeddable":true,"href":"https:\/\/spinbetter-apk.app\/fi\/wp-json\/wp\/v2\/pages\/322"}],"wp:attachment":[{"href":"https:\/\/spinbetter-apk.app\/fi\/wp-json\/wp\/v2\/media?parent=559"}],"curies":[{"name":"wp","href":"https:\/\/api.w.org\/{rel}","templated":true}]}}