{"id":541,"date":"2025-06-24T07:40:12","date_gmt":"2025-06-24T07:40:12","guid":{"rendered":"https:\/\/spinbetter-apk.app\/fi\/?page_id=541"},"modified":"2025-07-02T07:53:47","modified_gmt":"2025-07-02T07:53:47","slug":"bad-bets","status":"publish","type":"page","link":"https:\/\/spinbetter-apk.app\/fi\/bonuses\/bad-bets\/","title":{"rendered":"Huonojen vetojen bonus"},"content":{"rendered":"","protected":false},"excerpt":{"rendered":"","protected":false},"author":1,"featured_media":0,"parent":322,"menu_order":0,"comment_status":"closed","ping_status":"closed","template":"","meta":{"footnotes":""},"class_list":["post-541","page","type-page","status-publish","hentry"],"yoast_head":"<!-- This site is optimized with the Yoast SEO plugin v23.4 - https:\/\/yoast.com\/wordpress\/plugins\/seo\/ -->\n<title>Bonus ep\u00e4onnistuneista vetosarjoista &gt; Saat jopa 500 euroa<\/title>\n<meta name=\"description\" content=\"Teitk\u00f6 20 ep\u00e4onnistunutta vetoa per\u00e4kk\u00e4in? SpinBetter tukee sinua! Saat jopa 500 euron bonuksen ja hyvit\u00e4t ep\u00e4onnistumisesi!\" \/>\n<meta name=\"robots\" content=\"index, follow, max-snippet:-1, max-image-preview:large, max-video-preview:-1\" \/>\n<meta property=\"og:locale\" content=\"fi_FI\" \/>\n<meta property=\"og:type\" content=\"article\" \/>\n<meta property=\"og:title\" content=\"Bonus ep\u00e4onnistuneista vetosarjoista &gt; Saat jopa 500 euroa\" \/>\n<meta property=\"og:description\" content=\"Teitk\u00f6 20 ep\u00e4onnistunutta vetoa per\u00e4kk\u00e4in? SpinBetter tukee sinua! Saat jopa 500 euron bonuksen ja hyvit\u00e4t ep\u00e4onnistumisesi!\" \/>\n<meta property=\"og:url\" content=\"https:\/\/spinbetter-apk.app\/fi\/bonuses\/bad-bets\/\" \/>\n<meta property=\"og:site_name\" content=\"Spinbetter Apk FI\" \/>\n<meta property=\"article:modified_time\" content=\"2025-07-02T07:53:47+00:00\" \/>\n<meta name=\"twitter:card\" content=\"summary_large_image\" \/>\n<script type=\"application\/ld+json\" class=\"yoast-schema-graph\">{\"@context\":\"https:\/\/schema.org\",\"@graph\":[{\"@type\":\"WebPage\",\"@id\":\"https:\/\/spinbetter-apk.app\/fi\/bonuses\/bad-bets\/\",\"url\":\"https:\/\/spinbetter-apk.app\/fi\/bonuses\/bad-bets\/\",\"name\":\"Bonus ep\u00e4onnistuneista vetosarjoista > Saat jopa 500 euroa\",\"isPartOf\":{\"@id\":\"https:\/\/spinbetter-apk.app\/fi\/#website\"},\"datePublished\":\"2025-06-24T07:40:12+00:00\",\"dateModified\":\"2025-07-02T07:53:47+00:00\",\"description\":\"Teitk\u00f6 20 ep\u00e4onnistunutta vetoa per\u00e4kk\u00e4in? SpinBetter tukee sinua! Saat jopa 500 euron bonuksen ja hyvit\u00e4t ep\u00e4onnistumisesi!\",\"breadcrumb\":{\"@id\":\"https:\/\/spinbetter-apk.app\/fi\/bonuses\/bad-bets\/#breadcrumb\"},\"inLanguage\":\"fi\",\"potentialAction\":[{\"@type\":\"ReadAction\",\"target\":[\"https:\/\/spinbetter-apk.app\/fi\/bonuses\/bad-bets\/\"]}]},{\"@type\":\"BreadcrumbList\",\"@id\":\"https:\/\/spinbetter-apk.app\/fi\/bonuses\/bad-bets\/#breadcrumb\",\"itemListElement\":[{\"@type\":\"ListItem\",\"position\":1,\"name\":\"Etusivu\",\"item\":\"https:\/\/spinbetter-apk.app\/fi\/\"},{\"@type\":\"ListItem\",\"position\":2,\"name\":\"Bonukset\",\"item\":\"https:\/\/spinbetter-apk.app\/fi\/bonuses\/\"},{\"@type\":\"ListItem\",\"position\":3,\"name\":\"Huonojen vetojen bonus\"}]},{\"@type\":\"WebSite\",\"@id\":\"https:\/\/spinbetter-apk.app\/fi\/#website\",\"url\":\"https:\/\/spinbetter-apk.app\/fi\/\",\"name\":\"Spinbetter Apk FI\",\"description\":\"spinbetterapk casino\",\"potentialAction\":[{\"@type\":\"SearchAction\",\"target\":{\"@type\":\"EntryPoint\",\"urlTemplate\":\"https:\/\/spinbetter-apk.app\/fi\/?s={search_term_string}\"},\"query-input\":{\"@type\":\"PropertyValueSpecification\",\"valueRequired\":true,\"valueName\":\"search_term_string\"}}],\"inLanguage\":\"fi\"}]}<\/script>\n<!-- \/ Yoast SEO plugin. -->","yoast_head_json":{"title":"Bonus ep\u00e4onnistuneista vetosarjoista > Saat jopa 500 euroa","description":"Teitk\u00f6 20 ep\u00e4onnistunutta vetoa per\u00e4kk\u00e4in? SpinBetter tukee sinua! Saat jopa 500 euron bonuksen ja hyvit\u00e4t ep\u00e4onnistumisesi!","robots":{"index":"index","follow":"follow","max-snippet":"max-snippet:-1","max-image-preview":"max-image-preview:large","max-video-preview":"max-video-preview:-1"},"og_locale":"fi_FI","og_type":"article","og_title":"Bonus ep\u00e4onnistuneista vetosarjoista > Saat jopa 500 euroa","og_description":"Teitk\u00f6 20 ep\u00e4onnistunutta vetoa per\u00e4kk\u00e4in? SpinBetter tukee sinua! Saat jopa 500 euron bonuksen ja hyvit\u00e4t ep\u00e4onnistumisesi!","og_url":"https:\/\/spinbetter-apk.app\/fi\/bonuses\/bad-bets\/","og_site_name":"Spinbetter Apk FI","article_modified_time":"2025-07-02T07:53:47+00:00","twitter_card":"summary_large_image","schema":{"@context":"https:\/\/schema.org","@graph":[{"@type":"WebPage","@id":"https:\/\/spinbetter-apk.app\/fi\/bonuses\/bad-bets\/","url":"https:\/\/spinbetter-apk.app\/fi\/bonuses\/bad-bets\/","name":"Bonus ep\u00e4onnistuneista vetosarjoista > Saat jopa 500 euroa","isPartOf":{"@id":"https:\/\/spinbetter-apk.app\/fi\/#website"},"datePublished":"2025-06-24T07:40:12+00:00","dateModified":"2025-07-02T07:53:47+00:00","description":"Teitk\u00f6 20 ep\u00e4onnistunutta vetoa per\u00e4kk\u00e4in? SpinBetter tukee sinua! Saat jopa 500 euron bonuksen ja hyvit\u00e4t ep\u00e4onnistumisesi!","breadcrumb":{"@id":"https:\/\/spinbetter-apk.app\/fi\/bonuses\/bad-bets\/#breadcrumb"},"inLanguage":"fi","potentialAction":[{"@type":"ReadAction","target":["https:\/\/spinbetter-apk.app\/fi\/bonuses\/bad-bets\/"]}]},{"@type":"BreadcrumbList","@id":"https:\/\/spinbetter-apk.app\/fi\/bonuses\/bad-bets\/#breadcrumb","itemListElement":[{"@type":"ListItem","position":1,"name":"Etusivu","item":"https:\/\/spinbetter-apk.app\/fi\/"},{"@type":"ListItem","position":2,"name":"Bonukset","item":"https:\/\/spinbetter-apk.app\/fi\/bonuses\/"},{"@type":"ListItem","position":3,"name":"Huonojen vetojen bonus"}]},{"@type":"WebSite","@id":"https:\/\/spinbetter-apk.app\/fi\/#website","url":"https:\/\/spinbetter-apk.app\/fi\/","name":"Spinbetter Apk FI","description":"spinbetterapk casino","potentialAction":[{"@type":"SearchAction","target":{"@type":"EntryPoint","urlTemplate":"https:\/\/spinbetter-apk.app\/fi\/?s={search_term_string}"},"query-input":{"@type":"PropertyValueSpecification","valueRequired":true,"valueName":"search_term_string"}}],"inLanguage":"fi"}]}},"_links":{"self":[{"href":"https:\/\/spinbetter-apk.app\/fi\/wp-json\/wp\/v2\/pages\/541","targetHints":{"allow":["GET"]}}],"collection":[{"href":"https:\/\/spinbetter-apk.app\/fi\/wp-json\/wp\/v2\/pages"}],"about":[{"href":"https:\/\/spinbetter-apk.app\/fi\/wp-json\/wp\/v2\/types\/page"}],"author":[{"embeddable":true,"href":"https:\/\/spinbetter-apk.app\/fi\/wp-json\/wp\/v2\/users\/1"}],"replies":[{"embeddable":true,"href":"https:\/\/spinbetter-apk.app\/fi\/wp-json\/wp\/v2\/comments?post=541"}],"version-history":[{"count":1,"href":"https:\/\/spinbetter-apk.app\/fi\/wp-json\/wp\/v2\/pages\/541\/revisions"}],"predecessor-version":[{"id":542,"href":"https:\/\/spinbetter-apk.app\/fi\/wp-json\/wp\/v2\/pages\/541\/revisions\/542"}],"up":[{"embeddable":true,"href":"https:\/\/spinbetter-apk.app\/fi\/wp-json\/wp\/v2\/pages\/322"}],"wp:attachment":[{"href":"https:\/\/spinbetter-apk.app\/fi\/wp-json\/wp\/v2\/media?parent=541"}],"curies":[{"name":"wp","href":"https:\/\/api.w.org\/{rel}","templated":true}]}}