{"id":280,"date":"2024-11-08T13:51:48","date_gmt":"2024-11-08T13:51:48","guid":{"rendered":"https:\/\/spinbetter-apk.app\/fi\/?page_id=280"},"modified":"2025-01-15T09:34:14","modified_gmt":"2025-01-15T09:34:14","slug":"registration","status":"publish","type":"page","link":"https:\/\/spinbetter-apk.app\/fi\/registration\/","title":{"rendered":"Rekister\u00f6inti"},"content":{"rendered":"","protected":false},"excerpt":{"rendered":"","protected":false},"author":1,"featured_media":0,"parent":0,"menu_order":0,"comment_status":"closed","ping_status":"closed","template":"","meta":{"footnotes":""},"class_list":["post-280","page","type-page","status-publish","hentry"],"yoast_head":"<!-- This site is optimized with the Yoast SEO plugin v23.4 - https:\/\/yoast.com\/wordpress\/plugins\/seo\/ -->\n<title>Suomi SpinBetter-rekister\u00f6inti \u2013 vaiheittaiset ohjeet ja vinkit<\/title>\n<meta name=\"description\" content=\"Opi kuinka helppoa Suomi SpinBetter-rekister\u00f6innin suorittaminen on. T\u00e4ydellinen opas ja turvallisuusvinkkej\u00e4 SpinBetter-rekister\u00f6intiin.\" \/>\n<meta name=\"robots\" content=\"index, follow, max-snippet:-1, max-image-preview:large, max-video-preview:-1\" \/>\n<meta property=\"og:locale\" content=\"fi_FI\" \/>\n<meta property=\"og:type\" content=\"article\" \/>\n<meta property=\"og:title\" content=\"Suomi SpinBetter-rekister\u00f6inti \u2013 vaiheittaiset ohjeet ja vinkit\" \/>\n<meta property=\"og:description\" content=\"Opi kuinka helppoa Suomi SpinBetter-rekister\u00f6innin suorittaminen on. T\u00e4ydellinen opas ja turvallisuusvinkkej\u00e4 SpinBetter-rekister\u00f6intiin.\" \/>\n<meta property=\"og:url\" content=\"https:\/\/spinbetter-apk.app\/fi\/registration\/\" \/>\n<meta property=\"og:site_name\" content=\"Spinbetter Apk FI\" \/>\n<meta property=\"article:modified_time\" content=\"2025-01-15T09:34:14+00:00\" \/>\n<meta name=\"twitter:card\" content=\"summary_large_image\" \/>\n<script type=\"application\/ld+json\" class=\"yoast-schema-graph\">{\"@context\":\"https:\/\/schema.org\",\"@graph\":[{\"@type\":\"WebPage\",\"@id\":\"https:\/\/spinbetter-apk.app\/fi\/registration\/\",\"url\":\"https:\/\/spinbetter-apk.app\/fi\/registration\/\",\"name\":\"Suomi SpinBetter-rekister\u00f6inti \u2013 vaiheittaiset ohjeet ja vinkit\",\"isPartOf\":{\"@id\":\"https:\/\/spinbetter-apk.app\/fi\/#website\"},\"datePublished\":\"2024-11-08T13:51:48+00:00\",\"dateModified\":\"2025-01-15T09:34:14+00:00\",\"description\":\"Opi kuinka helppoa Suomi SpinBetter-rekister\u00f6innin suorittaminen on. T\u00e4ydellinen opas ja turvallisuusvinkkej\u00e4 SpinBetter-rekister\u00f6intiin.\",\"breadcrumb\":{\"@id\":\"https:\/\/spinbetter-apk.app\/fi\/registration\/#breadcrumb\"},\"inLanguage\":\"fi\",\"potentialAction\":[{\"@type\":\"ReadAction\",\"target\":[\"https:\/\/spinbetter-apk.app\/fi\/registration\/\"]}]},{\"@type\":\"BreadcrumbList\",\"@id\":\"https:\/\/spinbetter-apk.app\/fi\/registration\/#breadcrumb\",\"itemListElement\":[{\"@type\":\"ListItem\",\"position\":1,\"name\":\"Etusivu\",\"item\":\"https:\/\/spinbetter-apk.app\/fi\/\"},{\"@type\":\"ListItem\",\"position\":2,\"name\":\"Rekister\u00f6inti\"}]},{\"@type\":\"WebSite\",\"@id\":\"https:\/\/spinbetter-apk.app\/fi\/#website\",\"url\":\"https:\/\/spinbetter-apk.app\/fi\/\",\"name\":\"Spinbetter Apk FI\",\"description\":\"spinbetterapk casino\",\"potentialAction\":[{\"@type\":\"SearchAction\",\"target\":{\"@type\":\"EntryPoint\",\"urlTemplate\":\"https:\/\/spinbetter-apk.app\/fi\/?s={search_term_string}\"},\"query-input\":{\"@type\":\"PropertyValueSpecification\",\"valueRequired\":true,\"valueName\":\"search_term_string\"}}],\"inLanguage\":\"fi\"}]}<\/script>\n<!-- \/ Yoast SEO plugin. -->","yoast_head_json":{"title":"Suomi SpinBetter-rekister\u00f6inti \u2013 vaiheittaiset ohjeet ja vinkit","description":"Opi kuinka helppoa Suomi SpinBetter-rekister\u00f6innin suorittaminen on. T\u00e4ydellinen opas ja turvallisuusvinkkej\u00e4 SpinBetter-rekister\u00f6intiin.","robots":{"index":"index","follow":"follow","max-snippet":"max-snippet:-1","max-image-preview":"max-image-preview:large","max-video-preview":"max-video-preview:-1"},"og_locale":"fi_FI","og_type":"article","og_title":"Suomi SpinBetter-rekister\u00f6inti \u2013 vaiheittaiset ohjeet ja vinkit","og_description":"Opi kuinka helppoa Suomi SpinBetter-rekister\u00f6innin suorittaminen on. T\u00e4ydellinen opas ja turvallisuusvinkkej\u00e4 SpinBetter-rekister\u00f6intiin.","og_url":"https:\/\/spinbetter-apk.app\/fi\/registration\/","og_site_name":"Spinbetter Apk FI","article_modified_time":"2025-01-15T09:34:14+00:00","twitter_card":"summary_large_image","schema":{"@context":"https:\/\/schema.org","@graph":[{"@type":"WebPage","@id":"https:\/\/spinbetter-apk.app\/fi\/registration\/","url":"https:\/\/spinbetter-apk.app\/fi\/registration\/","name":"Suomi SpinBetter-rekister\u00f6inti \u2013 vaiheittaiset ohjeet ja vinkit","isPartOf":{"@id":"https:\/\/spinbetter-apk.app\/fi\/#website"},"datePublished":"2024-11-08T13:51:48+00:00","dateModified":"2025-01-15T09:34:14+00:00","description":"Opi kuinka helppoa Suomi SpinBetter-rekister\u00f6innin suorittaminen on. T\u00e4ydellinen opas ja turvallisuusvinkkej\u00e4 SpinBetter-rekister\u00f6intiin.","breadcrumb":{"@id":"https:\/\/spinbetter-apk.app\/fi\/registration\/#breadcrumb"},"inLanguage":"fi","potentialAction":[{"@type":"ReadAction","target":["https:\/\/spinbetter-apk.app\/fi\/registration\/"]}]},{"@type":"BreadcrumbList","@id":"https:\/\/spinbetter-apk.app\/fi\/registration\/#breadcrumb","itemListElement":[{"@type":"ListItem","position":1,"name":"Etusivu","item":"https:\/\/spinbetter-apk.app\/fi\/"},{"@type":"ListItem","position":2,"name":"Rekister\u00f6inti"}]},{"@type":"WebSite","@id":"https:\/\/spinbetter-apk.app\/fi\/#website","url":"https:\/\/spinbetter-apk.app\/fi\/","name":"Spinbetter Apk FI","description":"spinbetterapk casino","potentialAction":[{"@type":"SearchAction","target":{"@type":"EntryPoint","urlTemplate":"https:\/\/spinbetter-apk.app\/fi\/?s={search_term_string}"},"query-input":{"@type":"PropertyValueSpecification","valueRequired":true,"valueName":"search_term_string"}}],"inLanguage":"fi"}]}},"_links":{"self":[{"href":"https:\/\/spinbetter-apk.app\/fi\/wp-json\/wp\/v2\/pages\/280","targetHints":{"allow":["GET"]}}],"collection":[{"href":"https:\/\/spinbetter-apk.app\/fi\/wp-json\/wp\/v2\/pages"}],"about":[{"href":"https:\/\/spinbetter-apk.app\/fi\/wp-json\/wp\/v2\/types\/page"}],"author":[{"embeddable":true,"href":"https:\/\/spinbetter-apk.app\/fi\/wp-json\/wp\/v2\/users\/1"}],"replies":[{"embeddable":true,"href":"https:\/\/spinbetter-apk.app\/fi\/wp-json\/wp\/v2\/comments?post=280"}],"version-history":[{"count":24,"href":"https:\/\/spinbetter-apk.app\/fi\/wp-json\/wp\/v2\/pages\/280\/revisions"}],"predecessor-version":[{"id":519,"href":"https:\/\/spinbetter-apk.app\/fi\/wp-json\/wp\/v2\/pages\/280\/revisions\/519"}],"wp:attachment":[{"href":"https:\/\/spinbetter-apk.app\/fi\/wp-json\/wp\/v2\/media?parent=280"}],"curies":[{"name":"wp","href":"https:\/\/api.w.org\/{rel}","templated":true}]}}