{"id":555,"date":"2025-07-09T08:14:56","date_gmt":"2025-07-09T08:14:56","guid":{"rendered":"https:\/\/spinbetter-apk.app\/es\/?page_id=555"},"modified":"2025-07-09T08:16:09","modified_gmt":"2025-07-09T08:16:09","slug":"spinbetter-loyalty-program","status":"publish","type":"page","link":"https:\/\/spinbetter-apk.app\/es\/bonuses\/spinbetter-loyalty-program\/","title":{"rendered":"Programa de fidelizaci\u00f3n SpinBetter"},"content":{"rendered":"","protected":false},"excerpt":{"rendered":"","protected":false},"author":1,"featured_media":0,"parent":322,"menu_order":0,"comment_status":"closed","ping_status":"closed","template":"","meta":{"footnotes":""},"class_list":["post-555","page","type-page","status-publish","hentry"],"yoast_head":"<!-- This site is optimized with the Yoast SEO plugin v23.4 - https:\/\/yoast.com\/wordpress\/plugins\/seo\/ -->\n<title>Programa de fidelizaci\u00f3n SpinBetter &gt; Reembolso de hasta el 11% y estatus VIP<\/title>\n<meta name=\"description\" content=\"Sube de nivel y obt\u00e9n hasta un 11% de reembolso y bonos exclusivos. Jugando en SpinBetter, siempre ganas m\u00e1s: \u00a1convi\u00e9rtete en VIP y disfruta de los privilegios!\" \/>\n<meta name=\"robots\" content=\"index, follow, max-snippet:-1, max-image-preview:large, max-video-preview:-1\" \/>\n<meta property=\"og:locale\" content=\"es_ES\" \/>\n<meta property=\"og:type\" content=\"article\" \/>\n<meta property=\"og:title\" content=\"Programa de fidelizaci\u00f3n SpinBetter &gt; Reembolso de hasta el 11% y estatus VIP\" \/>\n<meta property=\"og:description\" content=\"Sube de nivel y obt\u00e9n hasta un 11% de reembolso y bonos exclusivos. Jugando en SpinBetter, siempre ganas m\u00e1s: \u00a1convi\u00e9rtete en VIP y disfruta de los privilegios!\" \/>\n<meta property=\"og:url\" content=\"https:\/\/spinbetter-apk.app\/es\/bonuses\/spinbetter-loyalty-program\/\" \/>\n<meta property=\"og:site_name\" content=\"Spinbetter Apk ES\" \/>\n<meta property=\"article:modified_time\" content=\"2025-07-09T08:16:09+00:00\" \/>\n<meta name=\"twitter:card\" content=\"summary_large_image\" \/>\n<script type=\"application\/ld+json\" class=\"yoast-schema-graph\">{\"@context\":\"https:\/\/schema.org\",\"@graph\":[{\"@type\":\"WebPage\",\"@id\":\"https:\/\/spinbetter-apk.app\/es\/bonuses\/spinbetter-loyalty-program\/\",\"url\":\"https:\/\/spinbetter-apk.app\/es\/bonuses\/spinbetter-loyalty-program\/\",\"name\":\"Programa de fidelizaci\u00f3n SpinBetter > Reembolso de hasta el 11% y estatus VIP\",\"isPartOf\":{\"@id\":\"https:\/\/spinbetter-apk.app\/es\/#website\"},\"datePublished\":\"2025-07-09T08:14:56+00:00\",\"dateModified\":\"2025-07-09T08:16:09+00:00\",\"description\":\"Sube de nivel y obt\u00e9n hasta un 11% de reembolso y bonos exclusivos. Jugando en SpinBetter, siempre ganas m\u00e1s: \u00a1convi\u00e9rtete en VIP y disfruta de los privilegios!\",\"breadcrumb\":{\"@id\":\"https:\/\/spinbetter-apk.app\/es\/bonuses\/spinbetter-loyalty-program\/#breadcrumb\"},\"inLanguage\":\"es\",\"potentialAction\":[{\"@type\":\"ReadAction\",\"target\":[\"https:\/\/spinbetter-apk.app\/es\/bonuses\/spinbetter-loyalty-program\/\"]}]},{\"@type\":\"BreadcrumbList\",\"@id\":\"https:\/\/spinbetter-apk.app\/es\/bonuses\/spinbetter-loyalty-program\/#breadcrumb\",\"itemListElement\":[{\"@type\":\"ListItem\",\"position\":1,\"name\":\"Portada\",\"item\":\"https:\/\/spinbetter-apk.app\/es\/\"},{\"@type\":\"ListItem\",\"position\":2,\"name\":\"Bonificaciones\",\"item\":\"https:\/\/spinbetter-apk.app\/es\/bonuses\/\"},{\"@type\":\"ListItem\",\"position\":3,\"name\":\"Programa de fidelizaci\u00f3n SpinBetter\"}]},{\"@type\":\"WebSite\",\"@id\":\"https:\/\/spinbetter-apk.app\/es\/#website\",\"url\":\"https:\/\/spinbetter-apk.app\/es\/\",\"name\":\"Spinbetter Apk ES\",\"description\":\"spinbetterapk casino\",\"potentialAction\":[{\"@type\":\"SearchAction\",\"target\":{\"@type\":\"EntryPoint\",\"urlTemplate\":\"https:\/\/spinbetter-apk.app\/es\/?s={search_term_string}\"},\"query-input\":{\"@type\":\"PropertyValueSpecification\",\"valueRequired\":true,\"valueName\":\"search_term_string\"}}],\"inLanguage\":\"es\"}]}<\/script>\n<!-- \/ Yoast SEO plugin. -->","yoast_head_json":{"title":"Programa de fidelizaci\u00f3n SpinBetter > Reembolso de hasta el 11% y estatus VIP","description":"Sube de nivel y obt\u00e9n hasta un 11% de reembolso y bonos exclusivos. Jugando en SpinBetter, siempre ganas m\u00e1s: \u00a1convi\u00e9rtete en VIP y disfruta de los privilegios!","robots":{"index":"index","follow":"follow","max-snippet":"max-snippet:-1","max-image-preview":"max-image-preview:large","max-video-preview":"max-video-preview:-1"},"og_locale":"es_ES","og_type":"article","og_title":"Programa de fidelizaci\u00f3n SpinBetter > Reembolso de hasta el 11% y estatus VIP","og_description":"Sube de nivel y obt\u00e9n hasta un 11% de reembolso y bonos exclusivos. Jugando en SpinBetter, siempre ganas m\u00e1s: \u00a1convi\u00e9rtete en VIP y disfruta de los privilegios!","og_url":"https:\/\/spinbetter-apk.app\/es\/bonuses\/spinbetter-loyalty-program\/","og_site_name":"Spinbetter Apk ES","article_modified_time":"2025-07-09T08:16:09+00:00","twitter_card":"summary_large_image","schema":{"@context":"https:\/\/schema.org","@graph":[{"@type":"WebPage","@id":"https:\/\/spinbetter-apk.app\/es\/bonuses\/spinbetter-loyalty-program\/","url":"https:\/\/spinbetter-apk.app\/es\/bonuses\/spinbetter-loyalty-program\/","name":"Programa de fidelizaci\u00f3n SpinBetter > Reembolso de hasta el 11% y estatus VIP","isPartOf":{"@id":"https:\/\/spinbetter-apk.app\/es\/#website"},"datePublished":"2025-07-09T08:14:56+00:00","dateModified":"2025-07-09T08:16:09+00:00","description":"Sube de nivel y obt\u00e9n hasta un 11% de reembolso y bonos exclusivos. Jugando en SpinBetter, siempre ganas m\u00e1s: \u00a1convi\u00e9rtete en VIP y disfruta de los privilegios!","breadcrumb":{"@id":"https:\/\/spinbetter-apk.app\/es\/bonuses\/spinbetter-loyalty-program\/#breadcrumb"},"inLanguage":"es","potentialAction":[{"@type":"ReadAction","target":["https:\/\/spinbetter-apk.app\/es\/bonuses\/spinbetter-loyalty-program\/"]}]},{"@type":"BreadcrumbList","@id":"https:\/\/spinbetter-apk.app\/es\/bonuses\/spinbetter-loyalty-program\/#breadcrumb","itemListElement":[{"@type":"ListItem","position":1,"name":"Portada","item":"https:\/\/spinbetter-apk.app\/es\/"},{"@type":"ListItem","position":2,"name":"Bonificaciones","item":"https:\/\/spinbetter-apk.app\/es\/bonuses\/"},{"@type":"ListItem","position":3,"name":"Programa de fidelizaci\u00f3n SpinBetter"}]},{"@type":"WebSite","@id":"https:\/\/spinbetter-apk.app\/es\/#website","url":"https:\/\/spinbetter-apk.app\/es\/","name":"Spinbetter Apk ES","description":"spinbetterapk casino","potentialAction":[{"@type":"SearchAction","target":{"@type":"EntryPoint","urlTemplate":"https:\/\/spinbetter-apk.app\/es\/?s={search_term_string}"},"query-input":{"@type":"PropertyValueSpecification","valueRequired":true,"valueName":"search_term_string"}}],"inLanguage":"es"}]}},"_links":{"self":[{"href":"https:\/\/spinbetter-apk.app\/es\/wp-json\/wp\/v2\/pages\/555","targetHints":{"allow":["GET"]}}],"collection":[{"href":"https:\/\/spinbetter-apk.app\/es\/wp-json\/wp\/v2\/pages"}],"about":[{"href":"https:\/\/spinbetter-apk.app\/es\/wp-json\/wp\/v2\/types\/page"}],"author":[{"embeddable":true,"href":"https:\/\/spinbetter-apk.app\/es\/wp-json\/wp\/v2\/users\/1"}],"replies":[{"embeddable":true,"href":"https:\/\/spinbetter-apk.app\/es\/wp-json\/wp\/v2\/comments?post=555"}],"version-history":[{"count":1,"href":"https:\/\/spinbetter-apk.app\/es\/wp-json\/wp\/v2\/pages\/555\/revisions"}],"predecessor-version":[{"id":556,"href":"https:\/\/spinbetter-apk.app\/es\/wp-json\/wp\/v2\/pages\/555\/revisions\/556"}],"up":[{"embeddable":true,"href":"https:\/\/spinbetter-apk.app\/es\/wp-json\/wp\/v2\/pages\/322"}],"wp:attachment":[{"href":"https:\/\/spinbetter-apk.app\/es\/wp-json\/wp\/v2\/media?parent=555"}],"curies":[{"name":"wp","href":"https:\/\/api.w.org\/{rel}","templated":true}]}}