{"id":547,"date":"2025-06-13T08:16:13","date_gmt":"2025-06-13T08:16:13","guid":{"rendered":"https:\/\/spinbetter-apk.app\/es\/?page_id=547"},"modified":"2025-06-13T08:17:23","modified_gmt":"2025-06-13T08:17:23","slug":"freebet-app","status":"publish","type":"page","link":"https:\/\/spinbetter-apk.app\/es\/bonuses\/freebet-app\/","title":{"rendered":"Freebet App"},"content":{"rendered":"","protected":false},"excerpt":{"rendered":"","protected":false},"author":1,"featured_media":0,"parent":322,"menu_order":0,"comment_status":"closed","ping_status":"closed","template":"","meta":{"footnotes":""},"class_list":["post-547","page","type-page","status-publish","hentry"],"yoast_head":"<!-- This site is optimized with the Yoast SEO plugin v23.4 - https:\/\/yoast.com\/wordpress\/plugins\/seo\/ -->\n<title>Apuesta gratis de hasta 10 EUR por apostar en SpinBetter App<\/title>\n<meta name=\"description\" content=\"Realiza 10 apuestas a trav\u00e9s de la app de casino SpinBetter y consigue una apuesta gratis de hasta 10 EUR. La promoci\u00f3n es v\u00e1lida.\" \/>\n<meta name=\"robots\" content=\"index, follow, max-snippet:-1, max-image-preview:large, max-video-preview:-1\" \/>\n<meta property=\"og:locale\" content=\"es_ES\" \/>\n<meta property=\"og:type\" content=\"article\" \/>\n<meta property=\"og:title\" content=\"Apuesta gratis de hasta 10 EUR por apostar en SpinBetter App\" \/>\n<meta property=\"og:description\" content=\"Realiza 10 apuestas a trav\u00e9s de la app de casino SpinBetter y consigue una apuesta gratis de hasta 10 EUR. La promoci\u00f3n es v\u00e1lida.\" \/>\n<meta property=\"og:url\" content=\"https:\/\/spinbetter-apk.app\/es\/bonuses\/freebet-app\/\" \/>\n<meta property=\"og:site_name\" content=\"Spinbetter Apk ES\" \/>\n<meta property=\"article:modified_time\" content=\"2025-06-13T08:17:23+00:00\" \/>\n<meta name=\"twitter:card\" content=\"summary_large_image\" \/>\n<script type=\"application\/ld+json\" class=\"yoast-schema-graph\">{\"@context\":\"https:\/\/schema.org\",\"@graph\":[{\"@type\":\"WebPage\",\"@id\":\"https:\/\/spinbetter-apk.app\/es\/bonuses\/freebet-app\/\",\"url\":\"https:\/\/spinbetter-apk.app\/es\/bonuses\/freebet-app\/\",\"name\":\"Apuesta gratis de hasta 10 EUR por apostar en SpinBetter App\",\"isPartOf\":{\"@id\":\"https:\/\/spinbetter-apk.app\/es\/#website\"},\"datePublished\":\"2025-06-13T08:16:13+00:00\",\"dateModified\":\"2025-06-13T08:17:23+00:00\",\"description\":\"Realiza 10 apuestas a trav\u00e9s de la app de casino SpinBetter y consigue una apuesta gratis de hasta 10 EUR. La promoci\u00f3n es v\u00e1lida.\",\"breadcrumb\":{\"@id\":\"https:\/\/spinbetter-apk.app\/es\/bonuses\/freebet-app\/#breadcrumb\"},\"inLanguage\":\"es\",\"potentialAction\":[{\"@type\":\"ReadAction\",\"target\":[\"https:\/\/spinbetter-apk.app\/es\/bonuses\/freebet-app\/\"]}]},{\"@type\":\"BreadcrumbList\",\"@id\":\"https:\/\/spinbetter-apk.app\/es\/bonuses\/freebet-app\/#breadcrumb\",\"itemListElement\":[{\"@type\":\"ListItem\",\"position\":1,\"name\":\"Portada\",\"item\":\"https:\/\/spinbetter-apk.app\/es\/\"},{\"@type\":\"ListItem\",\"position\":2,\"name\":\"Bonificaciones\",\"item\":\"https:\/\/spinbetter-apk.app\/es\/bonuses\/\"},{\"@type\":\"ListItem\",\"position\":3,\"name\":\"Freebet App\"}]},{\"@type\":\"WebSite\",\"@id\":\"https:\/\/spinbetter-apk.app\/es\/#website\",\"url\":\"https:\/\/spinbetter-apk.app\/es\/\",\"name\":\"Spinbetter Apk ES\",\"description\":\"spinbetterapk casino\",\"potentialAction\":[{\"@type\":\"SearchAction\",\"target\":{\"@type\":\"EntryPoint\",\"urlTemplate\":\"https:\/\/spinbetter-apk.app\/es\/?s={search_term_string}\"},\"query-input\":{\"@type\":\"PropertyValueSpecification\",\"valueRequired\":true,\"valueName\":\"search_term_string\"}}],\"inLanguage\":\"es\"}]}<\/script>\n<!-- \/ Yoast SEO plugin. -->","yoast_head_json":{"title":"Apuesta gratis de hasta 10 EUR por apostar en SpinBetter App","description":"Realiza 10 apuestas a trav\u00e9s de la app de casino SpinBetter y consigue una apuesta gratis de hasta 10 EUR. La promoci\u00f3n es v\u00e1lida.","robots":{"index":"index","follow":"follow","max-snippet":"max-snippet:-1","max-image-preview":"max-image-preview:large","max-video-preview":"max-video-preview:-1"},"og_locale":"es_ES","og_type":"article","og_title":"Apuesta gratis de hasta 10 EUR por apostar en SpinBetter App","og_description":"Realiza 10 apuestas a trav\u00e9s de la app de casino SpinBetter y consigue una apuesta gratis de hasta 10 EUR. La promoci\u00f3n es v\u00e1lida.","og_url":"https:\/\/spinbetter-apk.app\/es\/bonuses\/freebet-app\/","og_site_name":"Spinbetter Apk ES","article_modified_time":"2025-06-13T08:17:23+00:00","twitter_card":"summary_large_image","schema":{"@context":"https:\/\/schema.org","@graph":[{"@type":"WebPage","@id":"https:\/\/spinbetter-apk.app\/es\/bonuses\/freebet-app\/","url":"https:\/\/spinbetter-apk.app\/es\/bonuses\/freebet-app\/","name":"Apuesta gratis de hasta 10 EUR por apostar en SpinBetter App","isPartOf":{"@id":"https:\/\/spinbetter-apk.app\/es\/#website"},"datePublished":"2025-06-13T08:16:13+00:00","dateModified":"2025-06-13T08:17:23+00:00","description":"Realiza 10 apuestas a trav\u00e9s de la app de casino SpinBetter y consigue una apuesta gratis de hasta 10 EUR. La promoci\u00f3n es v\u00e1lida.","breadcrumb":{"@id":"https:\/\/spinbetter-apk.app\/es\/bonuses\/freebet-app\/#breadcrumb"},"inLanguage":"es","potentialAction":[{"@type":"ReadAction","target":["https:\/\/spinbetter-apk.app\/es\/bonuses\/freebet-app\/"]}]},{"@type":"BreadcrumbList","@id":"https:\/\/spinbetter-apk.app\/es\/bonuses\/freebet-app\/#breadcrumb","itemListElement":[{"@type":"ListItem","position":1,"name":"Portada","item":"https:\/\/spinbetter-apk.app\/es\/"},{"@type":"ListItem","position":2,"name":"Bonificaciones","item":"https:\/\/spinbetter-apk.app\/es\/bonuses\/"},{"@type":"ListItem","position":3,"name":"Freebet App"}]},{"@type":"WebSite","@id":"https:\/\/spinbetter-apk.app\/es\/#website","url":"https:\/\/spinbetter-apk.app\/es\/","name":"Spinbetter Apk ES","description":"spinbetterapk casino","potentialAction":[{"@type":"SearchAction","target":{"@type":"EntryPoint","urlTemplate":"https:\/\/spinbetter-apk.app\/es\/?s={search_term_string}"},"query-input":{"@type":"PropertyValueSpecification","valueRequired":true,"valueName":"search_term_string"}}],"inLanguage":"es"}]}},"_links":{"self":[{"href":"https:\/\/spinbetter-apk.app\/es\/wp-json\/wp\/v2\/pages\/547","targetHints":{"allow":["GET"]}}],"collection":[{"href":"https:\/\/spinbetter-apk.app\/es\/wp-json\/wp\/v2\/pages"}],"about":[{"href":"https:\/\/spinbetter-apk.app\/es\/wp-json\/wp\/v2\/types\/page"}],"author":[{"embeddable":true,"href":"https:\/\/spinbetter-apk.app\/es\/wp-json\/wp\/v2\/users\/1"}],"replies":[{"embeddable":true,"href":"https:\/\/spinbetter-apk.app\/es\/wp-json\/wp\/v2\/comments?post=547"}],"version-history":[{"count":1,"href":"https:\/\/spinbetter-apk.app\/es\/wp-json\/wp\/v2\/pages\/547\/revisions"}],"predecessor-version":[{"id":548,"href":"https:\/\/spinbetter-apk.app\/es\/wp-json\/wp\/v2\/pages\/547\/revisions\/548"}],"up":[{"embeddable":true,"href":"https:\/\/spinbetter-apk.app\/es\/wp-json\/wp\/v2\/pages\/322"}],"wp:attachment":[{"href":"https:\/\/spinbetter-apk.app\/es\/wp-json\/wp\/v2\/media?parent=547"}],"curies":[{"name":"wp","href":"https:\/\/api.w.org\/{rel}","templated":true}]}}