{"id":329,"date":"2024-11-11T07:31:17","date_gmt":"2024-11-11T07:31:17","guid":{"rendered":"https:\/\/spinbetter-apk.app\/es\/?page_id=329"},"modified":"2025-07-01T14:47:47","modified_gmt":"2025-07-01T14:47:47","slug":"download","status":"publish","type":"page","link":"https:\/\/spinbetter-apk.app\/es\/download\/","title":{"rendered":"Descargar"},"content":{"rendered":"","protected":false},"excerpt":{"rendered":"","protected":false},"author":1,"featured_media":0,"parent":0,"menu_order":0,"comment_status":"closed","ping_status":"closed","template":"","meta":{"footnotes":""},"class_list":["post-329","page","type-page","status-publish","hentry"],"yoast_head":"<!-- This site is optimized with the Yoast SEO plugin v23.4 - https:\/\/yoast.com\/wordpress\/plugins\/seo\/ -->\n<title>SpinBetter Espa\u00f1a Descargar APK &gt; C\u00f3mo instalar la aplicaci\u00f3n.<\/title>\n<meta name=\"description\" content=\"Aprende a descargar y configurar SpinBetter Spain apk para jugar c\u00f3modamente. Visi\u00f3n general de SpinBetter apk, ajustes de seguridad.\" \/>\n<meta name=\"robots\" content=\"index, follow, max-snippet:-1, max-image-preview:large, max-video-preview:-1\" \/>\n<meta property=\"og:locale\" content=\"es_ES\" \/>\n<meta property=\"og:type\" content=\"article\" \/>\n<meta property=\"og:title\" content=\"SpinBetter Espa\u00f1a Descargar APK &gt; C\u00f3mo instalar la aplicaci\u00f3n.\" \/>\n<meta property=\"og:description\" content=\"Aprende a descargar y configurar SpinBetter Spain apk para jugar c\u00f3modamente. Visi\u00f3n general de SpinBetter apk, ajustes de seguridad.\" \/>\n<meta property=\"og:url\" content=\"https:\/\/spinbetter-apk.app\/es\/download\/\" \/>\n<meta property=\"og:site_name\" content=\"Spinbetter Apk ES\" \/>\n<meta property=\"article:modified_time\" content=\"2025-07-01T14:47:47+00:00\" \/>\n<meta name=\"twitter:card\" content=\"summary_large_image\" \/>\n<script type=\"application\/ld+json\" class=\"yoast-schema-graph\">{\"@context\":\"https:\/\/schema.org\",\"@graph\":[{\"@type\":\"WebPage\",\"@id\":\"https:\/\/spinbetter-apk.app\/es\/download\/\",\"url\":\"https:\/\/spinbetter-apk.app\/es\/download\/\",\"name\":\"SpinBetter Espa\u00f1a Descargar APK > C\u00f3mo instalar la aplicaci\u00f3n.\",\"isPartOf\":{\"@id\":\"https:\/\/spinbetter-apk.app\/es\/#website\"},\"datePublished\":\"2024-11-11T07:31:17+00:00\",\"dateModified\":\"2025-07-01T14:47:47+00:00\",\"description\":\"Aprende a descargar y configurar SpinBetter Spain apk para jugar c\u00f3modamente. Visi\u00f3n general de SpinBetter apk, ajustes de seguridad.\",\"breadcrumb\":{\"@id\":\"https:\/\/spinbetter-apk.app\/es\/download\/#breadcrumb\"},\"inLanguage\":\"es\",\"potentialAction\":[{\"@type\":\"ReadAction\",\"target\":[\"https:\/\/spinbetter-apk.app\/es\/download\/\"]}]},{\"@type\":\"BreadcrumbList\",\"@id\":\"https:\/\/spinbetter-apk.app\/es\/download\/#breadcrumb\",\"itemListElement\":[{\"@type\":\"ListItem\",\"position\":1,\"name\":\"Portada\",\"item\":\"https:\/\/spinbetter-apk.app\/es\/\"},{\"@type\":\"ListItem\",\"position\":2,\"name\":\"Descargar\"}]},{\"@type\":\"WebSite\",\"@id\":\"https:\/\/spinbetter-apk.app\/es\/#website\",\"url\":\"https:\/\/spinbetter-apk.app\/es\/\",\"name\":\"Spinbetter Apk ES\",\"description\":\"spinbetterapk casino\",\"potentialAction\":[{\"@type\":\"SearchAction\",\"target\":{\"@type\":\"EntryPoint\",\"urlTemplate\":\"https:\/\/spinbetter-apk.app\/es\/?s={search_term_string}\"},\"query-input\":{\"@type\":\"PropertyValueSpecification\",\"valueRequired\":true,\"valueName\":\"search_term_string\"}}],\"inLanguage\":\"es\"}]}<\/script>\n<!-- \/ Yoast SEO plugin. -->","yoast_head_json":{"title":"SpinBetter Espa\u00f1a Descargar APK > C\u00f3mo instalar la aplicaci\u00f3n.","description":"Aprende a descargar y configurar SpinBetter Spain apk para jugar c\u00f3modamente. Visi\u00f3n general de SpinBetter apk, ajustes de seguridad.","robots":{"index":"index","follow":"follow","max-snippet":"max-snippet:-1","max-image-preview":"max-image-preview:large","max-video-preview":"max-video-preview:-1"},"og_locale":"es_ES","og_type":"article","og_title":"SpinBetter Espa\u00f1a Descargar APK > C\u00f3mo instalar la aplicaci\u00f3n.","og_description":"Aprende a descargar y configurar SpinBetter Spain apk para jugar c\u00f3modamente. Visi\u00f3n general de SpinBetter apk, ajustes de seguridad.","og_url":"https:\/\/spinbetter-apk.app\/es\/download\/","og_site_name":"Spinbetter Apk ES","article_modified_time":"2025-07-01T14:47:47+00:00","twitter_card":"summary_large_image","schema":{"@context":"https:\/\/schema.org","@graph":[{"@type":"WebPage","@id":"https:\/\/spinbetter-apk.app\/es\/download\/","url":"https:\/\/spinbetter-apk.app\/es\/download\/","name":"SpinBetter Espa\u00f1a Descargar APK > C\u00f3mo instalar la aplicaci\u00f3n.","isPartOf":{"@id":"https:\/\/spinbetter-apk.app\/es\/#website"},"datePublished":"2024-11-11T07:31:17+00:00","dateModified":"2025-07-01T14:47:47+00:00","description":"Aprende a descargar y configurar SpinBetter Spain apk para jugar c\u00f3modamente. Visi\u00f3n general de SpinBetter apk, ajustes de seguridad.","breadcrumb":{"@id":"https:\/\/spinbetter-apk.app\/es\/download\/#breadcrumb"},"inLanguage":"es","potentialAction":[{"@type":"ReadAction","target":["https:\/\/spinbetter-apk.app\/es\/download\/"]}]},{"@type":"BreadcrumbList","@id":"https:\/\/spinbetter-apk.app\/es\/download\/#breadcrumb","itemListElement":[{"@type":"ListItem","position":1,"name":"Portada","item":"https:\/\/spinbetter-apk.app\/es\/"},{"@type":"ListItem","position":2,"name":"Descargar"}]},{"@type":"WebSite","@id":"https:\/\/spinbetter-apk.app\/es\/#website","url":"https:\/\/spinbetter-apk.app\/es\/","name":"Spinbetter Apk ES","description":"spinbetterapk casino","potentialAction":[{"@type":"SearchAction","target":{"@type":"EntryPoint","urlTemplate":"https:\/\/spinbetter-apk.app\/es\/?s={search_term_string}"},"query-input":{"@type":"PropertyValueSpecification","valueRequired":true,"valueName":"search_term_string"}}],"inLanguage":"es"}]}},"_links":{"self":[{"href":"https:\/\/spinbetter-apk.app\/es\/wp-json\/wp\/v2\/pages\/329","targetHints":{"allow":["GET"]}}],"collection":[{"href":"https:\/\/spinbetter-apk.app\/es\/wp-json\/wp\/v2\/pages"}],"about":[{"href":"https:\/\/spinbetter-apk.app\/es\/wp-json\/wp\/v2\/types\/page"}],"author":[{"embeddable":true,"href":"https:\/\/spinbetter-apk.app\/es\/wp-json\/wp\/v2\/users\/1"}],"replies":[{"embeddable":true,"href":"https:\/\/spinbetter-apk.app\/es\/wp-json\/wp\/v2\/comments?post=329"}],"version-history":[{"count":22,"href":"https:\/\/spinbetter-apk.app\/es\/wp-json\/wp\/v2\/pages\/329\/revisions"}],"predecessor-version":[{"id":524,"href":"https:\/\/spinbetter-apk.app\/es\/wp-json\/wp\/v2\/pages\/329\/revisions\/524"}],"wp:attachment":[{"href":"https:\/\/spinbetter-apk.app\/es\/wp-json\/wp\/v2\/media?parent=329"}],"curies":[{"name":"wp","href":"https:\/\/api.w.org\/{rel}","templated":true}]}}