{"id":322,"date":"2024-11-11T06:50:59","date_gmt":"2024-11-11T06:50:59","guid":{"rendered":"https:\/\/spinbetter-apk.app\/es\/?page_id=322"},"modified":"2025-07-30T10:59:52","modified_gmt":"2025-07-30T10:59:52","slug":"bonuses","status":"publish","type":"page","link":"https:\/\/spinbetter-apk.app\/es\/bonuses\/","title":{"rendered":"Bonificaciones"},"content":{"rendered":"","protected":false},"excerpt":{"rendered":"","protected":false},"author":1,"featured_media":0,"parent":0,"menu_order":0,"comment_status":"closed","ping_status":"closed","template":"","meta":{"footnotes":""},"class_list":["post-322","page","type-page","status-publish","hentry"],"yoast_head":"<!-- This site is optimized with the Yoast SEO plugin v23.4 - https:\/\/yoast.com\/wordpress\/plugins\/seo\/ -->\n<title>SpinBetter Espa\u00f1a Bonos &gt; Revisi\u00f3n completa y consejos de uso<\/title>\n<meta name=\"description\" content=\"Aprenda todo sobre los bonos de SpinBetter Espa\u00f1a en este art\u00edculo. Consejos sobre c\u00f3mo activar el bono SpinBetter, condiciones de apuesta.\" \/>\n<meta name=\"robots\" content=\"index, follow, max-snippet:-1, max-image-preview:large, max-video-preview:-1\" \/>\n<meta property=\"og:locale\" content=\"es_ES\" \/>\n<meta property=\"og:type\" content=\"article\" \/>\n<meta property=\"og:title\" content=\"SpinBetter Espa\u00f1a Bonos &gt; Revisi\u00f3n completa y consejos de uso\" \/>\n<meta property=\"og:description\" content=\"Aprenda todo sobre los bonos de SpinBetter Espa\u00f1a en este art\u00edculo. Consejos sobre c\u00f3mo activar el bono SpinBetter, condiciones de apuesta.\" \/>\n<meta property=\"og:url\" content=\"https:\/\/spinbetter-apk.app\/es\/bonuses\/\" \/>\n<meta property=\"og:site_name\" content=\"Spinbetter Apk ES\" \/>\n<meta property=\"article:modified_time\" content=\"2025-07-30T10:59:52+00:00\" \/>\n<meta name=\"twitter:card\" content=\"summary_large_image\" \/>\n<script type=\"application\/ld+json\" class=\"yoast-schema-graph\">{\"@context\":\"https:\/\/schema.org\",\"@graph\":[{\"@type\":\"WebPage\",\"@id\":\"https:\/\/spinbetter-apk.app\/es\/bonuses\/\",\"url\":\"https:\/\/spinbetter-apk.app\/es\/bonuses\/\",\"name\":\"SpinBetter Espa\u00f1a Bonos > Revisi\u00f3n completa y consejos de uso\",\"isPartOf\":{\"@id\":\"https:\/\/spinbetter-apk.app\/es\/#website\"},\"datePublished\":\"2024-11-11T06:50:59+00:00\",\"dateModified\":\"2025-07-30T10:59:52+00:00\",\"description\":\"Aprenda todo sobre los bonos de SpinBetter Espa\u00f1a en este art\u00edculo. Consejos sobre c\u00f3mo activar el bono SpinBetter, condiciones de apuesta.\",\"breadcrumb\":{\"@id\":\"https:\/\/spinbetter-apk.app\/es\/bonuses\/#breadcrumb\"},\"inLanguage\":\"es\",\"potentialAction\":[{\"@type\":\"ReadAction\",\"target\":[\"https:\/\/spinbetter-apk.app\/es\/bonuses\/\"]}]},{\"@type\":\"BreadcrumbList\",\"@id\":\"https:\/\/spinbetter-apk.app\/es\/bonuses\/#breadcrumb\",\"itemListElement\":[{\"@type\":\"ListItem\",\"position\":1,\"name\":\"Portada\",\"item\":\"https:\/\/spinbetter-apk.app\/es\/\"},{\"@type\":\"ListItem\",\"position\":2,\"name\":\"Bonificaciones\"}]},{\"@type\":\"WebSite\",\"@id\":\"https:\/\/spinbetter-apk.app\/es\/#website\",\"url\":\"https:\/\/spinbetter-apk.app\/es\/\",\"name\":\"Spinbetter Apk ES\",\"description\":\"spinbetterapk casino\",\"potentialAction\":[{\"@type\":\"SearchAction\",\"target\":{\"@type\":\"EntryPoint\",\"urlTemplate\":\"https:\/\/spinbetter-apk.app\/es\/?s={search_term_string}\"},\"query-input\":{\"@type\":\"PropertyValueSpecification\",\"valueRequired\":true,\"valueName\":\"search_term_string\"}}],\"inLanguage\":\"es\"}]}<\/script>\n<!-- \/ Yoast SEO plugin. -->","yoast_head_json":{"title":"SpinBetter Espa\u00f1a Bonos > Revisi\u00f3n completa y consejos de uso","description":"Aprenda todo sobre los bonos de SpinBetter Espa\u00f1a en este art\u00edculo. Consejos sobre c\u00f3mo activar el bono SpinBetter, condiciones de apuesta.","robots":{"index":"index","follow":"follow","max-snippet":"max-snippet:-1","max-image-preview":"max-image-preview:large","max-video-preview":"max-video-preview:-1"},"og_locale":"es_ES","og_type":"article","og_title":"SpinBetter Espa\u00f1a Bonos > Revisi\u00f3n completa y consejos de uso","og_description":"Aprenda todo sobre los bonos de SpinBetter Espa\u00f1a en este art\u00edculo. Consejos sobre c\u00f3mo activar el bono SpinBetter, condiciones de apuesta.","og_url":"https:\/\/spinbetter-apk.app\/es\/bonuses\/","og_site_name":"Spinbetter Apk ES","article_modified_time":"2025-07-30T10:59:52+00:00","twitter_card":"summary_large_image","schema":{"@context":"https:\/\/schema.org","@graph":[{"@type":"WebPage","@id":"https:\/\/spinbetter-apk.app\/es\/bonuses\/","url":"https:\/\/spinbetter-apk.app\/es\/bonuses\/","name":"SpinBetter Espa\u00f1a Bonos > Revisi\u00f3n completa y consejos de uso","isPartOf":{"@id":"https:\/\/spinbetter-apk.app\/es\/#website"},"datePublished":"2024-11-11T06:50:59+00:00","dateModified":"2025-07-30T10:59:52+00:00","description":"Aprenda todo sobre los bonos de SpinBetter Espa\u00f1a en este art\u00edculo. Consejos sobre c\u00f3mo activar el bono SpinBetter, condiciones de apuesta.","breadcrumb":{"@id":"https:\/\/spinbetter-apk.app\/es\/bonuses\/#breadcrumb"},"inLanguage":"es","potentialAction":[{"@type":"ReadAction","target":["https:\/\/spinbetter-apk.app\/es\/bonuses\/"]}]},{"@type":"BreadcrumbList","@id":"https:\/\/spinbetter-apk.app\/es\/bonuses\/#breadcrumb","itemListElement":[{"@type":"ListItem","position":1,"name":"Portada","item":"https:\/\/spinbetter-apk.app\/es\/"},{"@type":"ListItem","position":2,"name":"Bonificaciones"}]},{"@type":"WebSite","@id":"https:\/\/spinbetter-apk.app\/es\/#website","url":"https:\/\/spinbetter-apk.app\/es\/","name":"Spinbetter Apk ES","description":"spinbetterapk casino","potentialAction":[{"@type":"SearchAction","target":{"@type":"EntryPoint","urlTemplate":"https:\/\/spinbetter-apk.app\/es\/?s={search_term_string}"},"query-input":{"@type":"PropertyValueSpecification","valueRequired":true,"valueName":"search_term_string"}}],"inLanguage":"es"}]}},"_links":{"self":[{"href":"https:\/\/spinbetter-apk.app\/es\/wp-json\/wp\/v2\/pages\/322","targetHints":{"allow":["GET"]}}],"collection":[{"href":"https:\/\/spinbetter-apk.app\/es\/wp-json\/wp\/v2\/pages"}],"about":[{"href":"https:\/\/spinbetter-apk.app\/es\/wp-json\/wp\/v2\/types\/page"}],"author":[{"embeddable":true,"href":"https:\/\/spinbetter-apk.app\/es\/wp-json\/wp\/v2\/users\/1"}],"replies":[{"embeddable":true,"href":"https:\/\/spinbetter-apk.app\/es\/wp-json\/wp\/v2\/comments?post=322"}],"version-history":[{"count":19,"href":"https:\/\/spinbetter-apk.app\/es\/wp-json\/wp\/v2\/pages\/322\/revisions"}],"predecessor-version":[{"id":566,"href":"https:\/\/spinbetter-apk.app\/es\/wp-json\/wp\/v2\/pages\/322\/revisions\/566"}],"wp:attachment":[{"href":"https:\/\/spinbetter-apk.app\/es\/wp-json\/wp\/v2\/media?parent=322"}],"curies":[{"name":"wp","href":"https:\/\/api.w.org\/{rel}","templated":true}]}}