{"id":261,"date":"2024-11-08T11:08:00","date_gmt":"2024-11-08T11:08:00","guid":{"rendered":"https:\/\/spinbetter-apk.app\/es\/?page_id=261"},"modified":"2026-01-12T17:23:15","modified_gmt":"2026-01-12T17:23:15","slug":"login","status":"publish","type":"page","link":"https:\/\/spinbetter-apk.app\/es\/login\/","title":{"rendered":"Iniciar sesi\u00f3n"},"content":{"rendered":"","protected":false},"excerpt":{"rendered":"","protected":false},"author":1,"featured_media":0,"parent":0,"menu_order":0,"comment_status":"closed","ping_status":"closed","template":"","meta":{"footnotes":""},"class_list":["post-261","page","type-page","status-publish","hentry"],"yoast_head":"<!-- This site is optimized with the Yoast SEO plugin v23.4 - https:\/\/yoast.com\/wordpress\/plugins\/seo\/ -->\n<title>SpinBetter Spain Login &gt; gu\u00eda de seguridad y m\u00e9todos<\/title>\n<meta name=\"description\" content=\"Aprende todo sobre el proceso de inicio de sesi\u00f3n en SpinBetter Spain &gt; configuraci\u00f3n de 2FA, uso de redes sociales y consejos de seguridad.\" \/>\n<meta name=\"robots\" content=\"index, follow, max-snippet:-1, max-image-preview:large, max-video-preview:-1\" \/>\n<meta property=\"og:locale\" content=\"es_ES\" \/>\n<meta property=\"og:type\" content=\"article\" \/>\n<meta property=\"og:title\" content=\"SpinBetter Spain Login &gt; gu\u00eda de seguridad y m\u00e9todos\" \/>\n<meta property=\"og:description\" content=\"Aprende todo sobre el proceso de inicio de sesi\u00f3n en SpinBetter Spain &gt; configuraci\u00f3n de 2FA, uso de redes sociales y consejos de seguridad.\" \/>\n<meta property=\"og:url\" content=\"https:\/\/spinbetter-apk.app\/es\/login\/\" \/>\n<meta property=\"og:site_name\" content=\"Spinbetter Apk ES\" \/>\n<meta property=\"article:modified_time\" content=\"2026-01-12T17:23:15+00:00\" \/>\n<meta name=\"twitter:card\" content=\"summary_large_image\" \/>\n<script type=\"application\/ld+json\" class=\"yoast-schema-graph\">{\"@context\":\"https:\/\/schema.org\",\"@graph\":[{\"@type\":\"WebPage\",\"@id\":\"https:\/\/spinbetter-apk.app\/es\/login\/\",\"url\":\"https:\/\/spinbetter-apk.app\/es\/login\/\",\"name\":\"SpinBetter Spain Login > gu\u00eda de seguridad y m\u00e9todos\",\"isPartOf\":{\"@id\":\"https:\/\/spinbetter-apk.app\/es\/#website\"},\"datePublished\":\"2024-11-08T11:08:00+00:00\",\"dateModified\":\"2026-01-12T17:23:15+00:00\",\"description\":\"Aprende todo sobre el proceso de inicio de sesi\u00f3n en SpinBetter Spain > configuraci\u00f3n de 2FA, uso de redes sociales y consejos de seguridad.\",\"breadcrumb\":{\"@id\":\"https:\/\/spinbetter-apk.app\/es\/login\/#breadcrumb\"},\"inLanguage\":\"es\",\"potentialAction\":[{\"@type\":\"ReadAction\",\"target\":[\"https:\/\/spinbetter-apk.app\/es\/login\/\"]}]},{\"@type\":\"BreadcrumbList\",\"@id\":\"https:\/\/spinbetter-apk.app\/es\/login\/#breadcrumb\",\"itemListElement\":[{\"@type\":\"ListItem\",\"position\":1,\"name\":\"Portada\",\"item\":\"https:\/\/spinbetter-apk.app\/es\/\"},{\"@type\":\"ListItem\",\"position\":2,\"name\":\"Iniciar sesi\u00f3n\"}]},{\"@type\":\"WebSite\",\"@id\":\"https:\/\/spinbetter-apk.app\/es\/#website\",\"url\":\"https:\/\/spinbetter-apk.app\/es\/\",\"name\":\"Spinbetter Apk ES\",\"description\":\"spinbetterapk casino\",\"potentialAction\":[{\"@type\":\"SearchAction\",\"target\":{\"@type\":\"EntryPoint\",\"urlTemplate\":\"https:\/\/spinbetter-apk.app\/es\/?s={search_term_string}\"},\"query-input\":{\"@type\":\"PropertyValueSpecification\",\"valueRequired\":true,\"valueName\":\"search_term_string\"}}],\"inLanguage\":\"es\"}]}<\/script>\n<!-- \/ Yoast SEO plugin. -->","yoast_head_json":{"title":"SpinBetter Spain Login > gu\u00eda de seguridad y m\u00e9todos","description":"Aprende todo sobre el proceso de inicio de sesi\u00f3n en SpinBetter Spain > configuraci\u00f3n de 2FA, uso de redes sociales y consejos de seguridad.","robots":{"index":"index","follow":"follow","max-snippet":"max-snippet:-1","max-image-preview":"max-image-preview:large","max-video-preview":"max-video-preview:-1"},"og_locale":"es_ES","og_type":"article","og_title":"SpinBetter Spain Login > gu\u00eda de seguridad y m\u00e9todos","og_description":"Aprende todo sobre el proceso de inicio de sesi\u00f3n en SpinBetter Spain > configuraci\u00f3n de 2FA, uso de redes sociales y consejos de seguridad.","og_url":"https:\/\/spinbetter-apk.app\/es\/login\/","og_site_name":"Spinbetter Apk ES","article_modified_time":"2026-01-12T17:23:15+00:00","twitter_card":"summary_large_image","schema":{"@context":"https:\/\/schema.org","@graph":[{"@type":"WebPage","@id":"https:\/\/spinbetter-apk.app\/es\/login\/","url":"https:\/\/spinbetter-apk.app\/es\/login\/","name":"SpinBetter Spain Login > gu\u00eda de seguridad y m\u00e9todos","isPartOf":{"@id":"https:\/\/spinbetter-apk.app\/es\/#website"},"datePublished":"2024-11-08T11:08:00+00:00","dateModified":"2026-01-12T17:23:15+00:00","description":"Aprende todo sobre el proceso de inicio de sesi\u00f3n en SpinBetter Spain > configuraci\u00f3n de 2FA, uso de redes sociales y consejos de seguridad.","breadcrumb":{"@id":"https:\/\/spinbetter-apk.app\/es\/login\/#breadcrumb"},"inLanguage":"es","potentialAction":[{"@type":"ReadAction","target":["https:\/\/spinbetter-apk.app\/es\/login\/"]}]},{"@type":"BreadcrumbList","@id":"https:\/\/spinbetter-apk.app\/es\/login\/#breadcrumb","itemListElement":[{"@type":"ListItem","position":1,"name":"Portada","item":"https:\/\/spinbetter-apk.app\/es\/"},{"@type":"ListItem","position":2,"name":"Iniciar sesi\u00f3n"}]},{"@type":"WebSite","@id":"https:\/\/spinbetter-apk.app\/es\/#website","url":"https:\/\/spinbetter-apk.app\/es\/","name":"Spinbetter Apk ES","description":"spinbetterapk casino","potentialAction":[{"@type":"SearchAction","target":{"@type":"EntryPoint","urlTemplate":"https:\/\/spinbetter-apk.app\/es\/?s={search_term_string}"},"query-input":{"@type":"PropertyValueSpecification","valueRequired":true,"valueName":"search_term_string"}}],"inLanguage":"es"}]}},"_links":{"self":[{"href":"https:\/\/spinbetter-apk.app\/es\/wp-json\/wp\/v2\/pages\/261","targetHints":{"allow":["GET"]}}],"collection":[{"href":"https:\/\/spinbetter-apk.app\/es\/wp-json\/wp\/v2\/pages"}],"about":[{"href":"https:\/\/spinbetter-apk.app\/es\/wp-json\/wp\/v2\/types\/page"}],"author":[{"embeddable":true,"href":"https:\/\/spinbetter-apk.app\/es\/wp-json\/wp\/v2\/users\/1"}],"replies":[{"embeddable":true,"href":"https:\/\/spinbetter-apk.app\/es\/wp-json\/wp\/v2\/comments?post=261"}],"version-history":[{"count":31,"href":"https:\/\/spinbetter-apk.app\/es\/wp-json\/wp\/v2\/pages\/261\/revisions"}],"predecessor-version":[{"id":577,"href":"https:\/\/spinbetter-apk.app\/es\/wp-json\/wp\/v2\/pages\/261\/revisions\/577"}],"wp:attachment":[{"href":"https:\/\/spinbetter-apk.app\/es\/wp-json\/wp\/v2\/media?parent=261"}],"curies":[{"name":"wp","href":"https:\/\/api.w.org\/{rel}","templated":true}]}}