{"id":586,"date":"2025-07-29T08:04:51","date_gmt":"2025-07-29T08:04:51","guid":{"rendered":"https:\/\/spinbetter-apk.app\/dk\/?page_id=586"},"modified":"2025-07-29T08:04:58","modified_gmt":"2025-07-29T08:04:58","slug":"freebet-200","status":"publish","type":"page","link":"https:\/\/spinbetter-apk.app\/dk\/bonuses\/freebet-200\/","title":{"rendered":"Gratis v\u00e6ddem\u00e5l op til 200 EUR"},"content":{"rendered":"","protected":false},"excerpt":{"rendered":"","protected":false},"author":1,"featured_media":0,"parent":322,"menu_order":0,"comment_status":"closed","ping_status":"closed","template":"","meta":{"footnotes":""},"class_list":["post-586","page","type-page","status-publish","hentry"],"yoast_head":"<!-- This site is optimized with the Yoast SEO plugin v23.4 - https:\/\/yoast.com\/wordpress\/plugins\/seo\/ -->\n<title>SpinBetter Freebet for spil p\u00e5 The International \u1405 Op til 200EUR<\/title>\n<meta name=\"description\" content=\"Spil p\u00e5 de internationale kampe og f\u00e5 et gratis v\u00e6ddem\u00e5l p\u00e5 op til 200 EUR. Kun vindende v\u00e6ddem\u00e5l fra 10 EUR - tilmeld dig og deltag indtil 16. september!\" \/>\n<meta name=\"robots\" content=\"index, follow, max-snippet:-1, max-image-preview:large, max-video-preview:-1\" \/>\n<meta property=\"og:locale\" content=\"da_DK\" \/>\n<meta property=\"og:type\" content=\"article\" \/>\n<meta property=\"og:title\" content=\"SpinBetter Freebet for spil p\u00e5 The International \u1405 Op til 200EUR\" \/>\n<meta property=\"og:description\" content=\"Spil p\u00e5 de internationale kampe og f\u00e5 et gratis v\u00e6ddem\u00e5l p\u00e5 op til 200 EUR. Kun vindende v\u00e6ddem\u00e5l fra 10 EUR - tilmeld dig og deltag indtil 16. september!\" \/>\n<meta property=\"og:url\" content=\"https:\/\/spinbetter-apk.app\/dk\/bonuses\/freebet-200\/\" \/>\n<meta property=\"og:site_name\" content=\"Spinbetter apk DK\" \/>\n<meta property=\"article:modified_time\" content=\"2025-07-29T08:04:58+00:00\" \/>\n<meta name=\"twitter:card\" content=\"summary_large_image\" \/>\n<script type=\"application\/ld+json\" class=\"yoast-schema-graph\">{\"@context\":\"https:\/\/schema.org\",\"@graph\":[{\"@type\":\"WebPage\",\"@id\":\"https:\/\/spinbetter-apk.app\/dk\/bonuses\/freebet-200\/\",\"url\":\"https:\/\/spinbetter-apk.app\/dk\/bonuses\/freebet-200\/\",\"name\":\"SpinBetter Freebet for spil p\u00e5 The International \u1405 Op til 200EUR\",\"isPartOf\":{\"@id\":\"https:\/\/spinbetter-apk.app\/dk\/#website\"},\"datePublished\":\"2025-07-29T08:04:51+00:00\",\"dateModified\":\"2025-07-29T08:04:58+00:00\",\"description\":\"Spil p\u00e5 de internationale kampe og f\u00e5 et gratis v\u00e6ddem\u00e5l p\u00e5 op til 200 EUR. Kun vindende v\u00e6ddem\u00e5l fra 10 EUR - tilmeld dig og deltag indtil 16. september!\",\"breadcrumb\":{\"@id\":\"https:\/\/spinbetter-apk.app\/dk\/bonuses\/freebet-200\/#breadcrumb\"},\"inLanguage\":\"da-DK\",\"potentialAction\":[{\"@type\":\"ReadAction\",\"target\":[\"https:\/\/spinbetter-apk.app\/dk\/bonuses\/freebet-200\/\"]}]},{\"@type\":\"BreadcrumbList\",\"@id\":\"https:\/\/spinbetter-apk.app\/dk\/bonuses\/freebet-200\/#breadcrumb\",\"itemListElement\":[{\"@type\":\"ListItem\",\"position\":1,\"name\":\"Home\",\"item\":\"https:\/\/spinbetter-apk.app\/dk\/\"},{\"@type\":\"ListItem\",\"position\":2,\"name\":\"Bonusser\",\"item\":\"https:\/\/spinbetter-apk.app\/dk\/bonuses\/\"},{\"@type\":\"ListItem\",\"position\":3,\"name\":\"Gratis v\u00e6ddem\u00e5l op til 200 EUR\"}]},{\"@type\":\"WebSite\",\"@id\":\"https:\/\/spinbetter-apk.app\/dk\/#website\",\"url\":\"https:\/\/spinbetter-apk.app\/dk\/\",\"name\":\"spinbetterapk\",\"description\":\"spinbetterapk casino\",\"potentialAction\":[{\"@type\":\"SearchAction\",\"target\":{\"@type\":\"EntryPoint\",\"urlTemplate\":\"https:\/\/spinbetter-apk.app\/dk\/?s={search_term_string}\"},\"query-input\":{\"@type\":\"PropertyValueSpecification\",\"valueRequired\":true,\"valueName\":\"search_term_string\"}}],\"inLanguage\":\"da-DK\"}]}<\/script>\n<!-- \/ Yoast SEO plugin. -->","yoast_head_json":{"title":"SpinBetter Freebet for spil p\u00e5 The International \u1405 Op til 200EUR","description":"Spil p\u00e5 de internationale kampe og f\u00e5 et gratis v\u00e6ddem\u00e5l p\u00e5 op til 200 EUR. Kun vindende v\u00e6ddem\u00e5l fra 10 EUR - tilmeld dig og deltag indtil 16. september!","robots":{"index":"index","follow":"follow","max-snippet":"max-snippet:-1","max-image-preview":"max-image-preview:large","max-video-preview":"max-video-preview:-1"},"og_locale":"da_DK","og_type":"article","og_title":"SpinBetter Freebet for spil p\u00e5 The International \u1405 Op til 200EUR","og_description":"Spil p\u00e5 de internationale kampe og f\u00e5 et gratis v\u00e6ddem\u00e5l p\u00e5 op til 200 EUR. Kun vindende v\u00e6ddem\u00e5l fra 10 EUR - tilmeld dig og deltag indtil 16. september!","og_url":"https:\/\/spinbetter-apk.app\/dk\/bonuses\/freebet-200\/","og_site_name":"Spinbetter apk DK","article_modified_time":"2025-07-29T08:04:58+00:00","twitter_card":"summary_large_image","schema":{"@context":"https:\/\/schema.org","@graph":[{"@type":"WebPage","@id":"https:\/\/spinbetter-apk.app\/dk\/bonuses\/freebet-200\/","url":"https:\/\/spinbetter-apk.app\/dk\/bonuses\/freebet-200\/","name":"SpinBetter Freebet for spil p\u00e5 The International \u1405 Op til 200EUR","isPartOf":{"@id":"https:\/\/spinbetter-apk.app\/dk\/#website"},"datePublished":"2025-07-29T08:04:51+00:00","dateModified":"2025-07-29T08:04:58+00:00","description":"Spil p\u00e5 de internationale kampe og f\u00e5 et gratis v\u00e6ddem\u00e5l p\u00e5 op til 200 EUR. Kun vindende v\u00e6ddem\u00e5l fra 10 EUR - tilmeld dig og deltag indtil 16. september!","breadcrumb":{"@id":"https:\/\/spinbetter-apk.app\/dk\/bonuses\/freebet-200\/#breadcrumb"},"inLanguage":"da-DK","potentialAction":[{"@type":"ReadAction","target":["https:\/\/spinbetter-apk.app\/dk\/bonuses\/freebet-200\/"]}]},{"@type":"BreadcrumbList","@id":"https:\/\/spinbetter-apk.app\/dk\/bonuses\/freebet-200\/#breadcrumb","itemListElement":[{"@type":"ListItem","position":1,"name":"Home","item":"https:\/\/spinbetter-apk.app\/dk\/"},{"@type":"ListItem","position":2,"name":"Bonusser","item":"https:\/\/spinbetter-apk.app\/dk\/bonuses\/"},{"@type":"ListItem","position":3,"name":"Gratis v\u00e6ddem\u00e5l op til 200 EUR"}]},{"@type":"WebSite","@id":"https:\/\/spinbetter-apk.app\/dk\/#website","url":"https:\/\/spinbetter-apk.app\/dk\/","name":"spinbetterapk","description":"spinbetterapk casino","potentialAction":[{"@type":"SearchAction","target":{"@type":"EntryPoint","urlTemplate":"https:\/\/spinbetter-apk.app\/dk\/?s={search_term_string}"},"query-input":{"@type":"PropertyValueSpecification","valueRequired":true,"valueName":"search_term_string"}}],"inLanguage":"da-DK"}]}},"_links":{"self":[{"href":"https:\/\/spinbetter-apk.app\/dk\/wp-json\/wp\/v2\/pages\/586","targetHints":{"allow":["GET"]}}],"collection":[{"href":"https:\/\/spinbetter-apk.app\/dk\/wp-json\/wp\/v2\/pages"}],"about":[{"href":"https:\/\/spinbetter-apk.app\/dk\/wp-json\/wp\/v2\/types\/page"}],"author":[{"embeddable":true,"href":"https:\/\/spinbetter-apk.app\/dk\/wp-json\/wp\/v2\/users\/1"}],"replies":[{"embeddable":true,"href":"https:\/\/spinbetter-apk.app\/dk\/wp-json\/wp\/v2\/comments?post=586"}],"version-history":[{"count":1,"href":"https:\/\/spinbetter-apk.app\/dk\/wp-json\/wp\/v2\/pages\/586\/revisions"}],"predecessor-version":[{"id":587,"href":"https:\/\/spinbetter-apk.app\/dk\/wp-json\/wp\/v2\/pages\/586\/revisions\/587"}],"up":[{"embeddable":true,"href":"https:\/\/spinbetter-apk.app\/dk\/wp-json\/wp\/v2\/pages\/322"}],"wp:attachment":[{"href":"https:\/\/spinbetter-apk.app\/dk\/wp-json\/wp\/v2\/media?parent=586"}],"curies":[{"name":"wp","href":"https:\/\/api.w.org\/{rel}","templated":true}]}}