{"id":584,"date":"2025-07-28T11:14:57","date_gmt":"2025-07-28T11:14:57","guid":{"rendered":"https:\/\/spinbetter-apk.app\/dk\/?page_id=584"},"modified":"2025-07-28T11:15:06","modified_gmt":"2025-07-28T11:15:06","slug":"get-cashback","status":"publish","type":"page","link":"https:\/\/spinbetter-apk.app\/dk\/bonuses\/get-cashback\/","title":{"rendered":"F\u00e5 cashback p\u00e5 op til 20%"},"content":{"rendered":"","protected":false},"excerpt":{"rendered":"","protected":false},"author":1,"featured_media":0,"parent":322,"menu_order":0,"comment_status":"closed","ping_status":"closed","template":"","meta":{"footnotes":""},"class_list":["post-584","page","type-page","status-publish","hentry"],"yoast_head":"<!-- This site is optimized with the Yoast SEO plugin v23.4 - https:\/\/yoast.com\/wordpress\/plugins\/seo\/ -->\n<title>SpinBetter cashback \u1405 Op til 20% p\u00e5 fodboldv\u00e6ddem\u00e5l<\/title>\n<meta name=\"description\" content=\"Spil p\u00e5 fodbold og f\u00e5 cashback fra SpinBetter \u2013 op til 20% ugentligt. Kampagnen er tilg\u00e6ngelig p\u00e5 pc og mobile enheder fra 4.08 til 5.10.2025.\" \/>\n<meta name=\"robots\" content=\"index, follow, max-snippet:-1, max-image-preview:large, max-video-preview:-1\" \/>\n<meta property=\"og:locale\" content=\"da_DK\" \/>\n<meta property=\"og:type\" content=\"article\" \/>\n<meta property=\"og:title\" content=\"SpinBetter cashback \u1405 Op til 20% p\u00e5 fodboldv\u00e6ddem\u00e5l\" \/>\n<meta property=\"og:description\" content=\"Spil p\u00e5 fodbold og f\u00e5 cashback fra SpinBetter \u2013 op til 20% ugentligt. Kampagnen er tilg\u00e6ngelig p\u00e5 pc og mobile enheder fra 4.08 til 5.10.2025.\" \/>\n<meta property=\"og:url\" content=\"https:\/\/spinbetter-apk.app\/dk\/bonuses\/get-cashback\/\" \/>\n<meta property=\"og:site_name\" content=\"Spinbetter apk DK\" \/>\n<meta property=\"article:modified_time\" content=\"2025-07-28T11:15:06+00:00\" \/>\n<meta name=\"twitter:card\" content=\"summary_large_image\" \/>\n<script type=\"application\/ld+json\" class=\"yoast-schema-graph\">{\"@context\":\"https:\/\/schema.org\",\"@graph\":[{\"@type\":\"WebPage\",\"@id\":\"https:\/\/spinbetter-apk.app\/dk\/bonuses\/get-cashback\/\",\"url\":\"https:\/\/spinbetter-apk.app\/dk\/bonuses\/get-cashback\/\",\"name\":\"SpinBetter cashback \u1405 Op til 20% p\u00e5 fodboldv\u00e6ddem\u00e5l\",\"isPartOf\":{\"@id\":\"https:\/\/spinbetter-apk.app\/dk\/#website\"},\"datePublished\":\"2025-07-28T11:14:57+00:00\",\"dateModified\":\"2025-07-28T11:15:06+00:00\",\"description\":\"Spil p\u00e5 fodbold og f\u00e5 cashback fra SpinBetter \u2013 op til 20% ugentligt. Kampagnen er tilg\u00e6ngelig p\u00e5 pc og mobile enheder fra 4.08 til 5.10.2025.\",\"breadcrumb\":{\"@id\":\"https:\/\/spinbetter-apk.app\/dk\/bonuses\/get-cashback\/#breadcrumb\"},\"inLanguage\":\"da-DK\",\"potentialAction\":[{\"@type\":\"ReadAction\",\"target\":[\"https:\/\/spinbetter-apk.app\/dk\/bonuses\/get-cashback\/\"]}]},{\"@type\":\"BreadcrumbList\",\"@id\":\"https:\/\/spinbetter-apk.app\/dk\/bonuses\/get-cashback\/#breadcrumb\",\"itemListElement\":[{\"@type\":\"ListItem\",\"position\":1,\"name\":\"Home\",\"item\":\"https:\/\/spinbetter-apk.app\/dk\/\"},{\"@type\":\"ListItem\",\"position\":2,\"name\":\"Bonusser\",\"item\":\"https:\/\/spinbetter-apk.app\/dk\/bonuses\/\"},{\"@type\":\"ListItem\",\"position\":3,\"name\":\"F\u00e5 cashback p\u00e5 op til 20%\"}]},{\"@type\":\"WebSite\",\"@id\":\"https:\/\/spinbetter-apk.app\/dk\/#website\",\"url\":\"https:\/\/spinbetter-apk.app\/dk\/\",\"name\":\"spinbetterapk\",\"description\":\"spinbetterapk casino\",\"potentialAction\":[{\"@type\":\"SearchAction\",\"target\":{\"@type\":\"EntryPoint\",\"urlTemplate\":\"https:\/\/spinbetter-apk.app\/dk\/?s={search_term_string}\"},\"query-input\":{\"@type\":\"PropertyValueSpecification\",\"valueRequired\":true,\"valueName\":\"search_term_string\"}}],\"inLanguage\":\"da-DK\"}]}<\/script>\n<!-- \/ Yoast SEO plugin. -->","yoast_head_json":{"title":"SpinBetter cashback \u1405 Op til 20% p\u00e5 fodboldv\u00e6ddem\u00e5l","description":"Spil p\u00e5 fodbold og f\u00e5 cashback fra SpinBetter \u2013 op til 20% ugentligt. Kampagnen er tilg\u00e6ngelig p\u00e5 pc og mobile enheder fra 4.08 til 5.10.2025.","robots":{"index":"index","follow":"follow","max-snippet":"max-snippet:-1","max-image-preview":"max-image-preview:large","max-video-preview":"max-video-preview:-1"},"og_locale":"da_DK","og_type":"article","og_title":"SpinBetter cashback \u1405 Op til 20% p\u00e5 fodboldv\u00e6ddem\u00e5l","og_description":"Spil p\u00e5 fodbold og f\u00e5 cashback fra SpinBetter \u2013 op til 20% ugentligt. Kampagnen er tilg\u00e6ngelig p\u00e5 pc og mobile enheder fra 4.08 til 5.10.2025.","og_url":"https:\/\/spinbetter-apk.app\/dk\/bonuses\/get-cashback\/","og_site_name":"Spinbetter apk DK","article_modified_time":"2025-07-28T11:15:06+00:00","twitter_card":"summary_large_image","schema":{"@context":"https:\/\/schema.org","@graph":[{"@type":"WebPage","@id":"https:\/\/spinbetter-apk.app\/dk\/bonuses\/get-cashback\/","url":"https:\/\/spinbetter-apk.app\/dk\/bonuses\/get-cashback\/","name":"SpinBetter cashback \u1405 Op til 20% p\u00e5 fodboldv\u00e6ddem\u00e5l","isPartOf":{"@id":"https:\/\/spinbetter-apk.app\/dk\/#website"},"datePublished":"2025-07-28T11:14:57+00:00","dateModified":"2025-07-28T11:15:06+00:00","description":"Spil p\u00e5 fodbold og f\u00e5 cashback fra SpinBetter \u2013 op til 20% ugentligt. Kampagnen er tilg\u00e6ngelig p\u00e5 pc og mobile enheder fra 4.08 til 5.10.2025.","breadcrumb":{"@id":"https:\/\/spinbetter-apk.app\/dk\/bonuses\/get-cashback\/#breadcrumb"},"inLanguage":"da-DK","potentialAction":[{"@type":"ReadAction","target":["https:\/\/spinbetter-apk.app\/dk\/bonuses\/get-cashback\/"]}]},{"@type":"BreadcrumbList","@id":"https:\/\/spinbetter-apk.app\/dk\/bonuses\/get-cashback\/#breadcrumb","itemListElement":[{"@type":"ListItem","position":1,"name":"Home","item":"https:\/\/spinbetter-apk.app\/dk\/"},{"@type":"ListItem","position":2,"name":"Bonusser","item":"https:\/\/spinbetter-apk.app\/dk\/bonuses\/"},{"@type":"ListItem","position":3,"name":"F\u00e5 cashback p\u00e5 op til 20%"}]},{"@type":"WebSite","@id":"https:\/\/spinbetter-apk.app\/dk\/#website","url":"https:\/\/spinbetter-apk.app\/dk\/","name":"spinbetterapk","description":"spinbetterapk casino","potentialAction":[{"@type":"SearchAction","target":{"@type":"EntryPoint","urlTemplate":"https:\/\/spinbetter-apk.app\/dk\/?s={search_term_string}"},"query-input":{"@type":"PropertyValueSpecification","valueRequired":true,"valueName":"search_term_string"}}],"inLanguage":"da-DK"}]}},"_links":{"self":[{"href":"https:\/\/spinbetter-apk.app\/dk\/wp-json\/wp\/v2\/pages\/584","targetHints":{"allow":["GET"]}}],"collection":[{"href":"https:\/\/spinbetter-apk.app\/dk\/wp-json\/wp\/v2\/pages"}],"about":[{"href":"https:\/\/spinbetter-apk.app\/dk\/wp-json\/wp\/v2\/types\/page"}],"author":[{"embeddable":true,"href":"https:\/\/spinbetter-apk.app\/dk\/wp-json\/wp\/v2\/users\/1"}],"replies":[{"embeddable":true,"href":"https:\/\/spinbetter-apk.app\/dk\/wp-json\/wp\/v2\/comments?post=584"}],"version-history":[{"count":1,"href":"https:\/\/spinbetter-apk.app\/dk\/wp-json\/wp\/v2\/pages\/584\/revisions"}],"predecessor-version":[{"id":585,"href":"https:\/\/spinbetter-apk.app\/dk\/wp-json\/wp\/v2\/pages\/584\/revisions\/585"}],"up":[{"embeddable":true,"href":"https:\/\/spinbetter-apk.app\/dk\/wp-json\/wp\/v2\/pages\/322"}],"wp:attachment":[{"href":"https:\/\/spinbetter-apk.app\/dk\/wp-json\/wp\/v2\/media?parent=584"}],"curies":[{"name":"wp","href":"https:\/\/api.w.org\/{rel}","templated":true}]}}