{"id":569,"date":"2025-06-23T13:01:18","date_gmt":"2025-06-23T13:01:18","guid":{"rendered":"https:\/\/spinbetter-apk.app\/dk\/?page_id=569"},"modified":"2025-07-01T11:32:39","modified_gmt":"2025-07-01T11:32:39","slug":"telegram","status":"publish","type":"page","link":"https:\/\/spinbetter-apk.app\/dk\/bonuses\/telegram\/","title":{"rendered":"Telegram"},"content":{"rendered":"","protected":false},"excerpt":{"rendered":"","protected":false},"author":1,"featured_media":0,"parent":322,"menu_order":0,"comment_status":"closed","ping_status":"closed","template":"","meta":{"footnotes":""},"class_list":["post-569","page","type-page","status-publish","hentry"],"yoast_head":"<!-- This site is optimized with the Yoast SEO plugin v23.4 - https:\/\/yoast.com\/wordpress\/plugins\/seo\/ -->\n<title>100 FS for abonnement &gt; F\u00e5 bonus p\u00e5 Telegram<\/title>\n<meta name=\"description\" content=\"Abonner p\u00e5 SpinBetter casino Telegram-kanalen og f\u00e5 100 FS bonus! F\u00f8lg eksklusive kampagner, aktiver rabatkoden og vind!\" \/>\n<meta name=\"robots\" content=\"index, follow, max-snippet:-1, max-image-preview:large, max-video-preview:-1\" \/>\n<meta property=\"og:locale\" content=\"da_DK\" \/>\n<meta property=\"og:type\" content=\"article\" \/>\n<meta property=\"og:title\" content=\"100 FS for abonnement &gt; F\u00e5 bonus p\u00e5 Telegram\" \/>\n<meta property=\"og:description\" content=\"Abonner p\u00e5 SpinBetter casino Telegram-kanalen og f\u00e5 100 FS bonus! F\u00f8lg eksklusive kampagner, aktiver rabatkoden og vind!\" \/>\n<meta property=\"og:url\" content=\"https:\/\/spinbetter-apk.app\/dk\/bonuses\/telegram\/\" \/>\n<meta property=\"og:site_name\" content=\"Spinbetter apk DK\" \/>\n<meta property=\"article:modified_time\" content=\"2025-07-01T11:32:39+00:00\" \/>\n<meta name=\"twitter:card\" content=\"summary_large_image\" \/>\n<script type=\"application\/ld+json\" class=\"yoast-schema-graph\">{\"@context\":\"https:\/\/schema.org\",\"@graph\":[{\"@type\":\"WebPage\",\"@id\":\"https:\/\/spinbetter-apk.app\/dk\/bonuses\/telegram\/\",\"url\":\"https:\/\/spinbetter-apk.app\/dk\/bonuses\/telegram\/\",\"name\":\"100 FS for abonnement > F\u00e5 bonus p\u00e5 Telegram\",\"isPartOf\":{\"@id\":\"https:\/\/spinbetter-apk.app\/dk\/#website\"},\"datePublished\":\"2025-06-23T13:01:18+00:00\",\"dateModified\":\"2025-07-01T11:32:39+00:00\",\"description\":\"Abonner p\u00e5 SpinBetter casino Telegram-kanalen og f\u00e5 100 FS bonus! F\u00f8lg eksklusive kampagner, aktiver rabatkoden og vind!\",\"breadcrumb\":{\"@id\":\"https:\/\/spinbetter-apk.app\/dk\/bonuses\/telegram\/#breadcrumb\"},\"inLanguage\":\"da-DK\",\"potentialAction\":[{\"@type\":\"ReadAction\",\"target\":[\"https:\/\/spinbetter-apk.app\/dk\/bonuses\/telegram\/\"]}]},{\"@type\":\"BreadcrumbList\",\"@id\":\"https:\/\/spinbetter-apk.app\/dk\/bonuses\/telegram\/#breadcrumb\",\"itemListElement\":[{\"@type\":\"ListItem\",\"position\":1,\"name\":\"Home\",\"item\":\"https:\/\/spinbetter-apk.app\/dk\/\"},{\"@type\":\"ListItem\",\"position\":2,\"name\":\"Bonusser\",\"item\":\"https:\/\/spinbetter-apk.app\/dk\/bonuses\/\"},{\"@type\":\"ListItem\",\"position\":3,\"name\":\"Telegram\"}]},{\"@type\":\"WebSite\",\"@id\":\"https:\/\/spinbetter-apk.app\/dk\/#website\",\"url\":\"https:\/\/spinbetter-apk.app\/dk\/\",\"name\":\"spinbetterapk\",\"description\":\"spinbetterapk casino\",\"potentialAction\":[{\"@type\":\"SearchAction\",\"target\":{\"@type\":\"EntryPoint\",\"urlTemplate\":\"https:\/\/spinbetter-apk.app\/dk\/?s={search_term_string}\"},\"query-input\":{\"@type\":\"PropertyValueSpecification\",\"valueRequired\":true,\"valueName\":\"search_term_string\"}}],\"inLanguage\":\"da-DK\"}]}<\/script>\n<!-- \/ Yoast SEO plugin. -->","yoast_head_json":{"title":"100 FS for abonnement > F\u00e5 bonus p\u00e5 Telegram","description":"Abonner p\u00e5 SpinBetter casino Telegram-kanalen og f\u00e5 100 FS bonus! F\u00f8lg eksklusive kampagner, aktiver rabatkoden og vind!","robots":{"index":"index","follow":"follow","max-snippet":"max-snippet:-1","max-image-preview":"max-image-preview:large","max-video-preview":"max-video-preview:-1"},"og_locale":"da_DK","og_type":"article","og_title":"100 FS for abonnement > F\u00e5 bonus p\u00e5 Telegram","og_description":"Abonner p\u00e5 SpinBetter casino Telegram-kanalen og f\u00e5 100 FS bonus! F\u00f8lg eksklusive kampagner, aktiver rabatkoden og vind!","og_url":"https:\/\/spinbetter-apk.app\/dk\/bonuses\/telegram\/","og_site_name":"Spinbetter apk DK","article_modified_time":"2025-07-01T11:32:39+00:00","twitter_card":"summary_large_image","schema":{"@context":"https:\/\/schema.org","@graph":[{"@type":"WebPage","@id":"https:\/\/spinbetter-apk.app\/dk\/bonuses\/telegram\/","url":"https:\/\/spinbetter-apk.app\/dk\/bonuses\/telegram\/","name":"100 FS for abonnement > F\u00e5 bonus p\u00e5 Telegram","isPartOf":{"@id":"https:\/\/spinbetter-apk.app\/dk\/#website"},"datePublished":"2025-06-23T13:01:18+00:00","dateModified":"2025-07-01T11:32:39+00:00","description":"Abonner p\u00e5 SpinBetter casino Telegram-kanalen og f\u00e5 100 FS bonus! F\u00f8lg eksklusive kampagner, aktiver rabatkoden og vind!","breadcrumb":{"@id":"https:\/\/spinbetter-apk.app\/dk\/bonuses\/telegram\/#breadcrumb"},"inLanguage":"da-DK","potentialAction":[{"@type":"ReadAction","target":["https:\/\/spinbetter-apk.app\/dk\/bonuses\/telegram\/"]}]},{"@type":"BreadcrumbList","@id":"https:\/\/spinbetter-apk.app\/dk\/bonuses\/telegram\/#breadcrumb","itemListElement":[{"@type":"ListItem","position":1,"name":"Home","item":"https:\/\/spinbetter-apk.app\/dk\/"},{"@type":"ListItem","position":2,"name":"Bonusser","item":"https:\/\/spinbetter-apk.app\/dk\/bonuses\/"},{"@type":"ListItem","position":3,"name":"Telegram"}]},{"@type":"WebSite","@id":"https:\/\/spinbetter-apk.app\/dk\/#website","url":"https:\/\/spinbetter-apk.app\/dk\/","name":"spinbetterapk","description":"spinbetterapk casino","potentialAction":[{"@type":"SearchAction","target":{"@type":"EntryPoint","urlTemplate":"https:\/\/spinbetter-apk.app\/dk\/?s={search_term_string}"},"query-input":{"@type":"PropertyValueSpecification","valueRequired":true,"valueName":"search_term_string"}}],"inLanguage":"da-DK"}]}},"_links":{"self":[{"href":"https:\/\/spinbetter-apk.app\/dk\/wp-json\/wp\/v2\/pages\/569","targetHints":{"allow":["GET"]}}],"collection":[{"href":"https:\/\/spinbetter-apk.app\/dk\/wp-json\/wp\/v2\/pages"}],"about":[{"href":"https:\/\/spinbetter-apk.app\/dk\/wp-json\/wp\/v2\/types\/page"}],"author":[{"embeddable":true,"href":"https:\/\/spinbetter-apk.app\/dk\/wp-json\/wp\/v2\/users\/1"}],"replies":[{"embeddable":true,"href":"https:\/\/spinbetter-apk.app\/dk\/wp-json\/wp\/v2\/comments?post=569"}],"version-history":[{"count":2,"href":"https:\/\/spinbetter-apk.app\/dk\/wp-json\/wp\/v2\/pages\/569\/revisions"}],"predecessor-version":[{"id":571,"href":"https:\/\/spinbetter-apk.app\/dk\/wp-json\/wp\/v2\/pages\/569\/revisions\/571"}],"up":[{"embeddable":true,"href":"https:\/\/spinbetter-apk.app\/dk\/wp-json\/wp\/v2\/pages\/322"}],"wp:attachment":[{"href":"https:\/\/spinbetter-apk.app\/dk\/wp-json\/wp\/v2\/media?parent=569"}],"curies":[{"name":"wp","href":"https:\/\/api.w.org\/{rel}","templated":true}]}}