{"id":565,"date":"2025-06-23T12:49:29","date_gmt":"2025-06-23T12:49:29","guid":{"rendered":"https:\/\/spinbetter-apk.app\/dk\/?page_id=565"},"modified":"2025-07-01T11:30:37","modified_gmt":"2025-07-01T11:30:37","slug":"advance-bet","status":"publish","type":"page","link":"https:\/\/spinbetter-apk.app\/dk\/bonuses\/advance-bet\/","title":{"rendered":"Forudg\u00e5ende indsats"},"content":{"rendered":"","protected":false},"excerpt":{"rendered":"","protected":false},"author":1,"featured_media":0,"parent":322,"menu_order":0,"comment_status":"closed","ping_status":"closed","template":"","meta":{"footnotes":""},"class_list":["post-565","page","type-page","status-publish","hentry"],"yoast_head":"<!-- This site is optimized with the Yoast SEO plugin v23.4 - https:\/\/yoast.com\/wordpress\/plugins\/seo\/ -->\n<title>Forh\u00e5ndsv\u00e6ddem\u00e5l &gt; Spil lige uden saldo<\/title>\n<meta name=\"description\" content=\"Har du uberegnede v\u00e6ddem\u00e5l, og din saldo er p\u00e5 nul? SpinBetter tilbyder forudbestemt v\u00e6ddem\u00e5l! Spil p\u00e5 live og kommende begivenheder\" \/>\n<meta name=\"robots\" content=\"index, follow, max-snippet:-1, max-image-preview:large, max-video-preview:-1\" \/>\n<meta property=\"og:locale\" content=\"da_DK\" \/>\n<meta property=\"og:type\" content=\"article\" \/>\n<meta property=\"og:title\" content=\"Forh\u00e5ndsv\u00e6ddem\u00e5l &gt; Spil lige uden saldo\" \/>\n<meta property=\"og:description\" content=\"Har du uberegnede v\u00e6ddem\u00e5l, og din saldo er p\u00e5 nul? SpinBetter tilbyder forudbestemt v\u00e6ddem\u00e5l! Spil p\u00e5 live og kommende begivenheder\" \/>\n<meta property=\"og:url\" content=\"https:\/\/spinbetter-apk.app\/dk\/bonuses\/advance-bet\/\" \/>\n<meta property=\"og:site_name\" content=\"Spinbetter apk DK\" \/>\n<meta property=\"article:modified_time\" content=\"2025-07-01T11:30:37+00:00\" \/>\n<meta name=\"twitter:card\" content=\"summary_large_image\" \/>\n<script type=\"application\/ld+json\" class=\"yoast-schema-graph\">{\"@context\":\"https:\/\/schema.org\",\"@graph\":[{\"@type\":\"WebPage\",\"@id\":\"https:\/\/spinbetter-apk.app\/dk\/bonuses\/advance-bet\/\",\"url\":\"https:\/\/spinbetter-apk.app\/dk\/bonuses\/advance-bet\/\",\"name\":\"Forh\u00e5ndsv\u00e6ddem\u00e5l > Spil lige uden saldo\",\"isPartOf\":{\"@id\":\"https:\/\/spinbetter-apk.app\/dk\/#website\"},\"datePublished\":\"2025-06-23T12:49:29+00:00\",\"dateModified\":\"2025-07-01T11:30:37+00:00\",\"description\":\"Har du uberegnede v\u00e6ddem\u00e5l, og din saldo er p\u00e5 nul? SpinBetter tilbyder forudbestemt v\u00e6ddem\u00e5l! Spil p\u00e5 live og kommende begivenheder\",\"breadcrumb\":{\"@id\":\"https:\/\/spinbetter-apk.app\/dk\/bonuses\/advance-bet\/#breadcrumb\"},\"inLanguage\":\"da-DK\",\"potentialAction\":[{\"@type\":\"ReadAction\",\"target\":[\"https:\/\/spinbetter-apk.app\/dk\/bonuses\/advance-bet\/\"]}]},{\"@type\":\"BreadcrumbList\",\"@id\":\"https:\/\/spinbetter-apk.app\/dk\/bonuses\/advance-bet\/#breadcrumb\",\"itemListElement\":[{\"@type\":\"ListItem\",\"position\":1,\"name\":\"Home\",\"item\":\"https:\/\/spinbetter-apk.app\/dk\/\"},{\"@type\":\"ListItem\",\"position\":2,\"name\":\"Bonusser\",\"item\":\"https:\/\/spinbetter-apk.app\/dk\/bonuses\/\"},{\"@type\":\"ListItem\",\"position\":3,\"name\":\"Forudg\u00e5ende indsats\"}]},{\"@type\":\"WebSite\",\"@id\":\"https:\/\/spinbetter-apk.app\/dk\/#website\",\"url\":\"https:\/\/spinbetter-apk.app\/dk\/\",\"name\":\"spinbetterapk\",\"description\":\"spinbetterapk casino\",\"potentialAction\":[{\"@type\":\"SearchAction\",\"target\":{\"@type\":\"EntryPoint\",\"urlTemplate\":\"https:\/\/spinbetter-apk.app\/dk\/?s={search_term_string}\"},\"query-input\":{\"@type\":\"PropertyValueSpecification\",\"valueRequired\":true,\"valueName\":\"search_term_string\"}}],\"inLanguage\":\"da-DK\"}]}<\/script>\n<!-- \/ Yoast SEO plugin. -->","yoast_head_json":{"title":"Forh\u00e5ndsv\u00e6ddem\u00e5l > Spil lige uden saldo","description":"Har du uberegnede v\u00e6ddem\u00e5l, og din saldo er p\u00e5 nul? SpinBetter tilbyder forudbestemt v\u00e6ddem\u00e5l! Spil p\u00e5 live og kommende begivenheder","robots":{"index":"index","follow":"follow","max-snippet":"max-snippet:-1","max-image-preview":"max-image-preview:large","max-video-preview":"max-video-preview:-1"},"og_locale":"da_DK","og_type":"article","og_title":"Forh\u00e5ndsv\u00e6ddem\u00e5l > Spil lige uden saldo","og_description":"Har du uberegnede v\u00e6ddem\u00e5l, og din saldo er p\u00e5 nul? SpinBetter tilbyder forudbestemt v\u00e6ddem\u00e5l! Spil p\u00e5 live og kommende begivenheder","og_url":"https:\/\/spinbetter-apk.app\/dk\/bonuses\/advance-bet\/","og_site_name":"Spinbetter apk DK","article_modified_time":"2025-07-01T11:30:37+00:00","twitter_card":"summary_large_image","schema":{"@context":"https:\/\/schema.org","@graph":[{"@type":"WebPage","@id":"https:\/\/spinbetter-apk.app\/dk\/bonuses\/advance-bet\/","url":"https:\/\/spinbetter-apk.app\/dk\/bonuses\/advance-bet\/","name":"Forh\u00e5ndsv\u00e6ddem\u00e5l > Spil lige uden saldo","isPartOf":{"@id":"https:\/\/spinbetter-apk.app\/dk\/#website"},"datePublished":"2025-06-23T12:49:29+00:00","dateModified":"2025-07-01T11:30:37+00:00","description":"Har du uberegnede v\u00e6ddem\u00e5l, og din saldo er p\u00e5 nul? SpinBetter tilbyder forudbestemt v\u00e6ddem\u00e5l! Spil p\u00e5 live og kommende begivenheder","breadcrumb":{"@id":"https:\/\/spinbetter-apk.app\/dk\/bonuses\/advance-bet\/#breadcrumb"},"inLanguage":"da-DK","potentialAction":[{"@type":"ReadAction","target":["https:\/\/spinbetter-apk.app\/dk\/bonuses\/advance-bet\/"]}]},{"@type":"BreadcrumbList","@id":"https:\/\/spinbetter-apk.app\/dk\/bonuses\/advance-bet\/#breadcrumb","itemListElement":[{"@type":"ListItem","position":1,"name":"Home","item":"https:\/\/spinbetter-apk.app\/dk\/"},{"@type":"ListItem","position":2,"name":"Bonusser","item":"https:\/\/spinbetter-apk.app\/dk\/bonuses\/"},{"@type":"ListItem","position":3,"name":"Forudg\u00e5ende indsats"}]},{"@type":"WebSite","@id":"https:\/\/spinbetter-apk.app\/dk\/#website","url":"https:\/\/spinbetter-apk.app\/dk\/","name":"spinbetterapk","description":"spinbetterapk casino","potentialAction":[{"@type":"SearchAction","target":{"@type":"EntryPoint","urlTemplate":"https:\/\/spinbetter-apk.app\/dk\/?s={search_term_string}"},"query-input":{"@type":"PropertyValueSpecification","valueRequired":true,"valueName":"search_term_string"}}],"inLanguage":"da-DK"}]}},"_links":{"self":[{"href":"https:\/\/spinbetter-apk.app\/dk\/wp-json\/wp\/v2\/pages\/565","targetHints":{"allow":["GET"]}}],"collection":[{"href":"https:\/\/spinbetter-apk.app\/dk\/wp-json\/wp\/v2\/pages"}],"about":[{"href":"https:\/\/spinbetter-apk.app\/dk\/wp-json\/wp\/v2\/types\/page"}],"author":[{"embeddable":true,"href":"https:\/\/spinbetter-apk.app\/dk\/wp-json\/wp\/v2\/users\/1"}],"replies":[{"embeddable":true,"href":"https:\/\/spinbetter-apk.app\/dk\/wp-json\/wp\/v2\/comments?post=565"}],"version-history":[{"count":3,"href":"https:\/\/spinbetter-apk.app\/dk\/wp-json\/wp\/v2\/pages\/565\/revisions"}],"predecessor-version":[{"id":568,"href":"https:\/\/spinbetter-apk.app\/dk\/wp-json\/wp\/v2\/pages\/565\/revisions\/568"}],"up":[{"embeddable":true,"href":"https:\/\/spinbetter-apk.app\/dk\/wp-json\/wp\/v2\/pages\/322"}],"wp:attachment":[{"href":"https:\/\/spinbetter-apk.app\/dk\/wp-json\/wp\/v2\/media?parent=565"}],"curies":[{"name":"wp","href":"https:\/\/api.w.org\/{rel}","templated":true}]}}