{"id":551,"date":"2025-06-23T10:58:39","date_gmt":"2025-06-23T10:58:39","guid":{"rendered":"https:\/\/spinbetter-apk.app\/dk\/?page_id=551"},"modified":"2025-07-01T10:47:48","modified_gmt":"2025-07-01T10:47:48","slug":"spinbetter-deposit-lottery","status":"publish","type":"page","link":"https:\/\/spinbetter-apk.app\/dk\/bonuses\/spinbetter-deposit-lottery\/","title":{"rendered":"SpinBetter indbetalingslotteri"},"content":{"rendered":"","protected":false},"excerpt":{"rendered":"","protected":false},"author":1,"featured_media":0,"parent":322,"menu_order":0,"comment_status":"closed","ping_status":"closed","template":"","meta":{"footnotes":""},"class_list":["post-551","page","type-page","status-publish","hentry"],"yoast_head":"<!-- This site is optimized with the Yoast SEO plugin v23.4 - https:\/\/yoast.com\/wordpress\/plugins\/seo\/ -->\n<title>SpinBetter Indbetalingslotteri &gt; Gratis v\u00e6ddem\u00e5l<\/title>\n<meta name=\"description\" content=\"Foretag indbetalinger fra 3 EUR p\u00e5 SpinBetter casino, f\u00e5 lodder og deltag i den ugentlige lodtr\u00e6kning om 30.000 EUR\" \/>\n<meta name=\"robots\" content=\"index, follow, max-snippet:-1, max-image-preview:large, max-video-preview:-1\" \/>\n<meta property=\"og:locale\" content=\"da_DK\" \/>\n<meta property=\"og:type\" content=\"article\" \/>\n<meta property=\"og:title\" content=\"SpinBetter Indbetalingslotteri &gt; Gratis v\u00e6ddem\u00e5l\" \/>\n<meta property=\"og:description\" content=\"Foretag indbetalinger fra 3 EUR p\u00e5 SpinBetter casino, f\u00e5 lodder og deltag i den ugentlige lodtr\u00e6kning om 30.000 EUR\" \/>\n<meta property=\"og:url\" content=\"https:\/\/spinbetter-apk.app\/dk\/bonuses\/spinbetter-deposit-lottery\/\" \/>\n<meta property=\"og:site_name\" content=\"Spinbetter apk DK\" \/>\n<meta property=\"article:modified_time\" content=\"2025-07-01T10:47:48+00:00\" \/>\n<meta name=\"twitter:card\" content=\"summary_large_image\" \/>\n<script type=\"application\/ld+json\" class=\"yoast-schema-graph\">{\"@context\":\"https:\/\/schema.org\",\"@graph\":[{\"@type\":\"WebPage\",\"@id\":\"https:\/\/spinbetter-apk.app\/dk\/bonuses\/spinbetter-deposit-lottery\/\",\"url\":\"https:\/\/spinbetter-apk.app\/dk\/bonuses\/spinbetter-deposit-lottery\/\",\"name\":\"SpinBetter Indbetalingslotteri > Gratis v\u00e6ddem\u00e5l\",\"isPartOf\":{\"@id\":\"https:\/\/spinbetter-apk.app\/dk\/#website\"},\"datePublished\":\"2025-06-23T10:58:39+00:00\",\"dateModified\":\"2025-07-01T10:47:48+00:00\",\"description\":\"Foretag indbetalinger fra 3 EUR p\u00e5 SpinBetter casino, f\u00e5 lodder og deltag i den ugentlige lodtr\u00e6kning om 30.000 EUR\",\"breadcrumb\":{\"@id\":\"https:\/\/spinbetter-apk.app\/dk\/bonuses\/spinbetter-deposit-lottery\/#breadcrumb\"},\"inLanguage\":\"da-DK\",\"potentialAction\":[{\"@type\":\"ReadAction\",\"target\":[\"https:\/\/spinbetter-apk.app\/dk\/bonuses\/spinbetter-deposit-lottery\/\"]}]},{\"@type\":\"BreadcrumbList\",\"@id\":\"https:\/\/spinbetter-apk.app\/dk\/bonuses\/spinbetter-deposit-lottery\/#breadcrumb\",\"itemListElement\":[{\"@type\":\"ListItem\",\"position\":1,\"name\":\"Home\",\"item\":\"https:\/\/spinbetter-apk.app\/dk\/\"},{\"@type\":\"ListItem\",\"position\":2,\"name\":\"Bonusser\",\"item\":\"https:\/\/spinbetter-apk.app\/dk\/bonuses\/\"},{\"@type\":\"ListItem\",\"position\":3,\"name\":\"SpinBetter indbetalingslotteri\"}]},{\"@type\":\"WebSite\",\"@id\":\"https:\/\/spinbetter-apk.app\/dk\/#website\",\"url\":\"https:\/\/spinbetter-apk.app\/dk\/\",\"name\":\"spinbetterapk\",\"description\":\"spinbetterapk casino\",\"potentialAction\":[{\"@type\":\"SearchAction\",\"target\":{\"@type\":\"EntryPoint\",\"urlTemplate\":\"https:\/\/spinbetter-apk.app\/dk\/?s={search_term_string}\"},\"query-input\":{\"@type\":\"PropertyValueSpecification\",\"valueRequired\":true,\"valueName\":\"search_term_string\"}}],\"inLanguage\":\"da-DK\"}]}<\/script>\n<!-- \/ Yoast SEO plugin. -->","yoast_head_json":{"title":"SpinBetter Indbetalingslotteri > Gratis v\u00e6ddem\u00e5l","description":"Foretag indbetalinger fra 3 EUR p\u00e5 SpinBetter casino, f\u00e5 lodder og deltag i den ugentlige lodtr\u00e6kning om 30.000 EUR","robots":{"index":"index","follow":"follow","max-snippet":"max-snippet:-1","max-image-preview":"max-image-preview:large","max-video-preview":"max-video-preview:-1"},"og_locale":"da_DK","og_type":"article","og_title":"SpinBetter Indbetalingslotteri > Gratis v\u00e6ddem\u00e5l","og_description":"Foretag indbetalinger fra 3 EUR p\u00e5 SpinBetter casino, f\u00e5 lodder og deltag i den ugentlige lodtr\u00e6kning om 30.000 EUR","og_url":"https:\/\/spinbetter-apk.app\/dk\/bonuses\/spinbetter-deposit-lottery\/","og_site_name":"Spinbetter apk DK","article_modified_time":"2025-07-01T10:47:48+00:00","twitter_card":"summary_large_image","schema":{"@context":"https:\/\/schema.org","@graph":[{"@type":"WebPage","@id":"https:\/\/spinbetter-apk.app\/dk\/bonuses\/spinbetter-deposit-lottery\/","url":"https:\/\/spinbetter-apk.app\/dk\/bonuses\/spinbetter-deposit-lottery\/","name":"SpinBetter Indbetalingslotteri > Gratis v\u00e6ddem\u00e5l","isPartOf":{"@id":"https:\/\/spinbetter-apk.app\/dk\/#website"},"datePublished":"2025-06-23T10:58:39+00:00","dateModified":"2025-07-01T10:47:48+00:00","description":"Foretag indbetalinger fra 3 EUR p\u00e5 SpinBetter casino, f\u00e5 lodder og deltag i den ugentlige lodtr\u00e6kning om 30.000 EUR","breadcrumb":{"@id":"https:\/\/spinbetter-apk.app\/dk\/bonuses\/spinbetter-deposit-lottery\/#breadcrumb"},"inLanguage":"da-DK","potentialAction":[{"@type":"ReadAction","target":["https:\/\/spinbetter-apk.app\/dk\/bonuses\/spinbetter-deposit-lottery\/"]}]},{"@type":"BreadcrumbList","@id":"https:\/\/spinbetter-apk.app\/dk\/bonuses\/spinbetter-deposit-lottery\/#breadcrumb","itemListElement":[{"@type":"ListItem","position":1,"name":"Home","item":"https:\/\/spinbetter-apk.app\/dk\/"},{"@type":"ListItem","position":2,"name":"Bonusser","item":"https:\/\/spinbetter-apk.app\/dk\/bonuses\/"},{"@type":"ListItem","position":3,"name":"SpinBetter indbetalingslotteri"}]},{"@type":"WebSite","@id":"https:\/\/spinbetter-apk.app\/dk\/#website","url":"https:\/\/spinbetter-apk.app\/dk\/","name":"spinbetterapk","description":"spinbetterapk casino","potentialAction":[{"@type":"SearchAction","target":{"@type":"EntryPoint","urlTemplate":"https:\/\/spinbetter-apk.app\/dk\/?s={search_term_string}"},"query-input":{"@type":"PropertyValueSpecification","valueRequired":true,"valueName":"search_term_string"}}],"inLanguage":"da-DK"}]}},"_links":{"self":[{"href":"https:\/\/spinbetter-apk.app\/dk\/wp-json\/wp\/v2\/pages\/551","targetHints":{"allow":["GET"]}}],"collection":[{"href":"https:\/\/spinbetter-apk.app\/dk\/wp-json\/wp\/v2\/pages"}],"about":[{"href":"https:\/\/spinbetter-apk.app\/dk\/wp-json\/wp\/v2\/types\/page"}],"author":[{"embeddable":true,"href":"https:\/\/spinbetter-apk.app\/dk\/wp-json\/wp\/v2\/users\/1"}],"replies":[{"embeddable":true,"href":"https:\/\/spinbetter-apk.app\/dk\/wp-json\/wp\/v2\/comments?post=551"}],"version-history":[{"count":2,"href":"https:\/\/spinbetter-apk.app\/dk\/wp-json\/wp\/v2\/pages\/551\/revisions"}],"predecessor-version":[{"id":553,"href":"https:\/\/spinbetter-apk.app\/dk\/wp-json\/wp\/v2\/pages\/551\/revisions\/553"}],"up":[{"embeddable":true,"href":"https:\/\/spinbetter-apk.app\/dk\/wp-json\/wp\/v2\/pages\/322"}],"wp:attachment":[{"href":"https:\/\/spinbetter-apk.app\/dk\/wp-json\/wp\/v2\/media?parent=551"}],"curies":[{"name":"wp","href":"https:\/\/api.w.org\/{rel}","templated":true}]}}