{"id":329,"date":"2024-11-11T07:31:17","date_gmt":"2024-11-11T07:31:17","guid":{"rendered":"https:\/\/spinbetter-apk.app\/de\/?page_id=329"},"modified":"2025-07-01T11:40:19","modified_gmt":"2025-07-01T11:40:19","slug":"download","status":"publish","type":"page","link":"https:\/\/spinbetter-apk.app\/de\/download\/","title":{"rendered":"Herunterladen"},"content":{"rendered":"","protected":false},"excerpt":{"rendered":"","protected":false},"author":1,"featured_media":0,"parent":0,"menu_order":0,"comment_status":"closed","ping_status":"closed","template":"","meta":{"footnotes":""},"class_list":["post-329","page","type-page","status-publish","hentry"],"yoast_head":"<!-- This site is optimized with the Yoast SEO plugin v23.4 - https:\/\/yoast.com\/wordpress\/plugins\/seo\/ -->\n<title>SpinBetter APK Download &gt; Wie man die App installiert<\/title>\n<meta name=\"description\" content=\"Erfahren Sie, wie Sie SpinBetter apk f\u00fcr komfortables Spielen herunterladen und konfigurieren k\u00f6nnen. \u00dcbersicht der SpinBetter apk.\" \/>\n<meta name=\"robots\" content=\"index, follow, max-snippet:-1, max-image-preview:large, max-video-preview:-1\" \/>\n<meta property=\"og:locale\" content=\"de_DE\" \/>\n<meta property=\"og:type\" content=\"article\" \/>\n<meta property=\"og:title\" content=\"SpinBetter APK Download &gt; Wie man die App installiert\" \/>\n<meta property=\"og:description\" content=\"Erfahren Sie, wie Sie SpinBetter apk f\u00fcr komfortables Spielen herunterladen und konfigurieren k\u00f6nnen. \u00dcbersicht der SpinBetter apk.\" \/>\n<meta property=\"og:url\" content=\"https:\/\/spinbetter-apk.app\/de\/download\/\" \/>\n<meta property=\"og:site_name\" content=\"Spinbetter Apk DE\" \/>\n<meta property=\"article:modified_time\" content=\"2025-07-01T11:40:19+00:00\" \/>\n<meta name=\"twitter:card\" content=\"summary_large_image\" \/>\n<script type=\"application\/ld+json\" class=\"yoast-schema-graph\">{\"@context\":\"https:\/\/schema.org\",\"@graph\":[{\"@type\":\"WebPage\",\"@id\":\"https:\/\/spinbetter-apk.app\/de\/download\/\",\"url\":\"https:\/\/spinbetter-apk.app\/de\/download\/\",\"name\":\"SpinBetter APK Download > Wie man die App installiert\",\"isPartOf\":{\"@id\":\"https:\/\/spinbetter-apk.app\/de\/#website\"},\"datePublished\":\"2024-11-11T07:31:17+00:00\",\"dateModified\":\"2025-07-01T11:40:19+00:00\",\"description\":\"Erfahren Sie, wie Sie SpinBetter apk f\u00fcr komfortables Spielen herunterladen und konfigurieren k\u00f6nnen. \u00dcbersicht der SpinBetter apk.\",\"breadcrumb\":{\"@id\":\"https:\/\/spinbetter-apk.app\/de\/download\/#breadcrumb\"},\"inLanguage\":\"de\",\"potentialAction\":[{\"@type\":\"ReadAction\",\"target\":[\"https:\/\/spinbetter-apk.app\/de\/download\/\"]}]},{\"@type\":\"BreadcrumbList\",\"@id\":\"https:\/\/spinbetter-apk.app\/de\/download\/#breadcrumb\",\"itemListElement\":[{\"@type\":\"ListItem\",\"position\":1,\"name\":\"Startseite\",\"item\":\"https:\/\/spinbetter-apk.app\/de\/\"},{\"@type\":\"ListItem\",\"position\":2,\"name\":\"Herunterladen\"}]},{\"@type\":\"WebSite\",\"@id\":\"https:\/\/spinbetter-apk.app\/de\/#website\",\"url\":\"https:\/\/spinbetter-apk.app\/de\/\",\"name\":\"Spinbetter Apk DE\",\"description\":\"spinbetterapk casino\",\"potentialAction\":[{\"@type\":\"SearchAction\",\"target\":{\"@type\":\"EntryPoint\",\"urlTemplate\":\"https:\/\/spinbetter-apk.app\/de\/?s={search_term_string}\"},\"query-input\":{\"@type\":\"PropertyValueSpecification\",\"valueRequired\":true,\"valueName\":\"search_term_string\"}}],\"inLanguage\":\"de\"}]}<\/script>\n<!-- \/ Yoast SEO plugin. -->","yoast_head_json":{"title":"SpinBetter APK Download > Wie man die App installiert","description":"Erfahren Sie, wie Sie SpinBetter apk f\u00fcr komfortables Spielen herunterladen und konfigurieren k\u00f6nnen. \u00dcbersicht der SpinBetter apk.","robots":{"index":"index","follow":"follow","max-snippet":"max-snippet:-1","max-image-preview":"max-image-preview:large","max-video-preview":"max-video-preview:-1"},"og_locale":"de_DE","og_type":"article","og_title":"SpinBetter APK Download > Wie man die App installiert","og_description":"Erfahren Sie, wie Sie SpinBetter apk f\u00fcr komfortables Spielen herunterladen und konfigurieren k\u00f6nnen. \u00dcbersicht der SpinBetter apk.","og_url":"https:\/\/spinbetter-apk.app\/de\/download\/","og_site_name":"Spinbetter Apk DE","article_modified_time":"2025-07-01T11:40:19+00:00","twitter_card":"summary_large_image","schema":{"@context":"https:\/\/schema.org","@graph":[{"@type":"WebPage","@id":"https:\/\/spinbetter-apk.app\/de\/download\/","url":"https:\/\/spinbetter-apk.app\/de\/download\/","name":"SpinBetter APK Download > Wie man die App installiert","isPartOf":{"@id":"https:\/\/spinbetter-apk.app\/de\/#website"},"datePublished":"2024-11-11T07:31:17+00:00","dateModified":"2025-07-01T11:40:19+00:00","description":"Erfahren Sie, wie Sie SpinBetter apk f\u00fcr komfortables Spielen herunterladen und konfigurieren k\u00f6nnen. \u00dcbersicht der SpinBetter apk.","breadcrumb":{"@id":"https:\/\/spinbetter-apk.app\/de\/download\/#breadcrumb"},"inLanguage":"de","potentialAction":[{"@type":"ReadAction","target":["https:\/\/spinbetter-apk.app\/de\/download\/"]}]},{"@type":"BreadcrumbList","@id":"https:\/\/spinbetter-apk.app\/de\/download\/#breadcrumb","itemListElement":[{"@type":"ListItem","position":1,"name":"Startseite","item":"https:\/\/spinbetter-apk.app\/de\/"},{"@type":"ListItem","position":2,"name":"Herunterladen"}]},{"@type":"WebSite","@id":"https:\/\/spinbetter-apk.app\/de\/#website","url":"https:\/\/spinbetter-apk.app\/de\/","name":"Spinbetter Apk DE","description":"spinbetterapk casino","potentialAction":[{"@type":"SearchAction","target":{"@type":"EntryPoint","urlTemplate":"https:\/\/spinbetter-apk.app\/de\/?s={search_term_string}"},"query-input":{"@type":"PropertyValueSpecification","valueRequired":true,"valueName":"search_term_string"}}],"inLanguage":"de"}]}},"_links":{"self":[{"href":"https:\/\/spinbetter-apk.app\/de\/wp-json\/wp\/v2\/pages\/329","targetHints":{"allow":["GET"]}}],"collection":[{"href":"https:\/\/spinbetter-apk.app\/de\/wp-json\/wp\/v2\/pages"}],"about":[{"href":"https:\/\/spinbetter-apk.app\/de\/wp-json\/wp\/v2\/types\/page"}],"author":[{"embeddable":true,"href":"https:\/\/spinbetter-apk.app\/de\/wp-json\/wp\/v2\/users\/1"}],"replies":[{"embeddable":true,"href":"https:\/\/spinbetter-apk.app\/de\/wp-json\/wp\/v2\/comments?post=329"}],"version-history":[{"count":21,"href":"https:\/\/spinbetter-apk.app\/de\/wp-json\/wp\/v2\/pages\/329\/revisions"}],"predecessor-version":[{"id":515,"href":"https:\/\/spinbetter-apk.app\/de\/wp-json\/wp\/v2\/pages\/329\/revisions\/515"}],"wp:attachment":[{"href":"https:\/\/spinbetter-apk.app\/de\/wp-json\/wp\/v2\/media?parent=329"}],"curies":[{"name":"wp","href":"https:\/\/api.w.org\/{rel}","templated":true}]}}