{"id":280,"date":"2024-11-08T13:51:48","date_gmt":"2024-11-08T13:51:48","guid":{"rendered":"https:\/\/spinbetter-apk.app\/de\/?page_id=280"},"modified":"2026-01-12T13:55:40","modified_gmt":"2026-01-12T13:55:40","slug":"registration","status":"publish","type":"page","link":"https:\/\/spinbetter-apk.app\/de\/registration\/","title":{"rendered":"Anmeldung"},"content":{"rendered":"","protected":false},"excerpt":{"rendered":"","protected":false},"author":1,"featured_media":0,"parent":0,"menu_order":0,"comment_status":"closed","ping_status":"closed","template":"","meta":{"footnotes":""},"class_list":["post-280","page","type-page","status-publish","hentry"],"yoast_head":"<!-- This site is optimized with the Yoast SEO plugin v23.4 - https:\/\/yoast.com\/wordpress\/plugins\/seo\/ -->\n<title>SpinBetter Deutschland Registrierung &gt; Schritt f\u00fcr Schritt Anleitung<\/title>\n<meta name=\"description\" content=\"Erfahren Sie, wie einfach es ist, die SpinBetter-Registrierung Deutschland durchzuf\u00fchren. Sicherheitstipps f\u00fcr die SpinBetter Registrierung.\" \/>\n<meta name=\"robots\" content=\"index, follow, max-snippet:-1, max-image-preview:large, max-video-preview:-1\" \/>\n<meta property=\"og:locale\" content=\"de_DE\" \/>\n<meta property=\"og:type\" content=\"article\" \/>\n<meta property=\"og:title\" content=\"SpinBetter Deutschland Registrierung &gt; Schritt f\u00fcr Schritt Anleitung\" \/>\n<meta property=\"og:description\" content=\"Erfahren Sie, wie einfach es ist, die SpinBetter-Registrierung Deutschland durchzuf\u00fchren. Sicherheitstipps f\u00fcr die SpinBetter Registrierung.\" \/>\n<meta property=\"og:url\" content=\"https:\/\/spinbetter-apk.app\/de\/registration\/\" \/>\n<meta property=\"og:site_name\" content=\"Spinbetter Apk DE\" \/>\n<meta property=\"article:modified_time\" content=\"2026-01-12T13:55:40+00:00\" \/>\n<meta name=\"twitter:card\" content=\"summary_large_image\" \/>\n<script type=\"application\/ld+json\" class=\"yoast-schema-graph\">{\"@context\":\"https:\/\/schema.org\",\"@graph\":[{\"@type\":\"WebPage\",\"@id\":\"https:\/\/spinbetter-apk.app\/de\/registration\/\",\"url\":\"https:\/\/spinbetter-apk.app\/de\/registration\/\",\"name\":\"SpinBetter Deutschland Registrierung > Schritt f\u00fcr Schritt Anleitung\",\"isPartOf\":{\"@id\":\"https:\/\/spinbetter-apk.app\/de\/#website\"},\"datePublished\":\"2024-11-08T13:51:48+00:00\",\"dateModified\":\"2026-01-12T13:55:40+00:00\",\"description\":\"Erfahren Sie, wie einfach es ist, die SpinBetter-Registrierung Deutschland durchzuf\u00fchren. Sicherheitstipps f\u00fcr die SpinBetter Registrierung.\",\"breadcrumb\":{\"@id\":\"https:\/\/spinbetter-apk.app\/de\/registration\/#breadcrumb\"},\"inLanguage\":\"de\",\"potentialAction\":[{\"@type\":\"ReadAction\",\"target\":[\"https:\/\/spinbetter-apk.app\/de\/registration\/\"]}]},{\"@type\":\"BreadcrumbList\",\"@id\":\"https:\/\/spinbetter-apk.app\/de\/registration\/#breadcrumb\",\"itemListElement\":[{\"@type\":\"ListItem\",\"position\":1,\"name\":\"Startseite\",\"item\":\"https:\/\/spinbetter-apk.app\/de\/\"},{\"@type\":\"ListItem\",\"position\":2,\"name\":\"Anmeldung\"}]},{\"@type\":\"WebSite\",\"@id\":\"https:\/\/spinbetter-apk.app\/de\/#website\",\"url\":\"https:\/\/spinbetter-apk.app\/de\/\",\"name\":\"Spinbetter Apk DE\",\"description\":\"spinbetterapk casino\",\"potentialAction\":[{\"@type\":\"SearchAction\",\"target\":{\"@type\":\"EntryPoint\",\"urlTemplate\":\"https:\/\/spinbetter-apk.app\/de\/?s={search_term_string}\"},\"query-input\":{\"@type\":\"PropertyValueSpecification\",\"valueRequired\":true,\"valueName\":\"search_term_string\"}}],\"inLanguage\":\"de\"}]}<\/script>\n<!-- \/ Yoast SEO plugin. -->","yoast_head_json":{"title":"SpinBetter Deutschland Registrierung > Schritt f\u00fcr Schritt Anleitung","description":"Erfahren Sie, wie einfach es ist, die SpinBetter-Registrierung Deutschland durchzuf\u00fchren. Sicherheitstipps f\u00fcr die SpinBetter Registrierung.","robots":{"index":"index","follow":"follow","max-snippet":"max-snippet:-1","max-image-preview":"max-image-preview:large","max-video-preview":"max-video-preview:-1"},"og_locale":"de_DE","og_type":"article","og_title":"SpinBetter Deutschland Registrierung > Schritt f\u00fcr Schritt Anleitung","og_description":"Erfahren Sie, wie einfach es ist, die SpinBetter-Registrierung Deutschland durchzuf\u00fchren. Sicherheitstipps f\u00fcr die SpinBetter Registrierung.","og_url":"https:\/\/spinbetter-apk.app\/de\/registration\/","og_site_name":"Spinbetter Apk DE","article_modified_time":"2026-01-12T13:55:40+00:00","twitter_card":"summary_large_image","schema":{"@context":"https:\/\/schema.org","@graph":[{"@type":"WebPage","@id":"https:\/\/spinbetter-apk.app\/de\/registration\/","url":"https:\/\/spinbetter-apk.app\/de\/registration\/","name":"SpinBetter Deutschland Registrierung > Schritt f\u00fcr Schritt Anleitung","isPartOf":{"@id":"https:\/\/spinbetter-apk.app\/de\/#website"},"datePublished":"2024-11-08T13:51:48+00:00","dateModified":"2026-01-12T13:55:40+00:00","description":"Erfahren Sie, wie einfach es ist, die SpinBetter-Registrierung Deutschland durchzuf\u00fchren. Sicherheitstipps f\u00fcr die SpinBetter Registrierung.","breadcrumb":{"@id":"https:\/\/spinbetter-apk.app\/de\/registration\/#breadcrumb"},"inLanguage":"de","potentialAction":[{"@type":"ReadAction","target":["https:\/\/spinbetter-apk.app\/de\/registration\/"]}]},{"@type":"BreadcrumbList","@id":"https:\/\/spinbetter-apk.app\/de\/registration\/#breadcrumb","itemListElement":[{"@type":"ListItem","position":1,"name":"Startseite","item":"https:\/\/spinbetter-apk.app\/de\/"},{"@type":"ListItem","position":2,"name":"Anmeldung"}]},{"@type":"WebSite","@id":"https:\/\/spinbetter-apk.app\/de\/#website","url":"https:\/\/spinbetter-apk.app\/de\/","name":"Spinbetter Apk DE","description":"spinbetterapk casino","potentialAction":[{"@type":"SearchAction","target":{"@type":"EntryPoint","urlTemplate":"https:\/\/spinbetter-apk.app\/de\/?s={search_term_string}"},"query-input":{"@type":"PropertyValueSpecification","valueRequired":true,"valueName":"search_term_string"}}],"inLanguage":"de"}]}},"_links":{"self":[{"href":"https:\/\/spinbetter-apk.app\/de\/wp-json\/wp\/v2\/pages\/280","targetHints":{"allow":["GET"]}}],"collection":[{"href":"https:\/\/spinbetter-apk.app\/de\/wp-json\/wp\/v2\/pages"}],"about":[{"href":"https:\/\/spinbetter-apk.app\/de\/wp-json\/wp\/v2\/types\/page"}],"author":[{"embeddable":true,"href":"https:\/\/spinbetter-apk.app\/de\/wp-json\/wp\/v2\/users\/1"}],"replies":[{"embeddable":true,"href":"https:\/\/spinbetter-apk.app\/de\/wp-json\/wp\/v2\/comments?post=280"}],"version-history":[{"count":25,"href":"https:\/\/spinbetter-apk.app\/de\/wp-json\/wp\/v2\/pages\/280\/revisions"}],"predecessor-version":[{"id":574,"href":"https:\/\/spinbetter-apk.app\/de\/wp-json\/wp\/v2\/pages\/280\/revisions\/574"}],"wp:attachment":[{"href":"https:\/\/spinbetter-apk.app\/de\/wp-json\/wp\/v2\/media?parent=280"}],"curies":[{"name":"wp","href":"https:\/\/api.w.org\/{rel}","templated":true}]}}