{"id":574,"date":"2025-07-29T07:58:17","date_gmt":"2025-07-29T07:58:17","guid":{"rendered":"https:\/\/spinbetter-apk.app\/cz\/?page_id=574"},"modified":"2025-07-29T07:58:25","modified_gmt":"2025-07-29T07:58:25","slug":"freebet-200","status":"publish","type":"page","link":"https:\/\/spinbetter-apk.app\/cz\/bonuses\/freebet-200\/","title":{"rendered":"Freebet a\u017e do v\u00fd\u0161e 200 EUR"},"content":{"rendered":"","protected":false},"excerpt":{"rendered":"","protected":false},"author":1,"featured_media":0,"parent":322,"menu_order":0,"comment_status":"closed","ping_status":"closed","template":"","meta":{"footnotes":""},"class_list":["post-574","page","type-page","status-publish","hentry"],"yoast_head":"<!-- This site is optimized with the Yoast SEO plugin v23.4 - https:\/\/yoast.com\/wordpress\/plugins\/seo\/ -->\n<title>SpinBetter Freebet pro s\u00e1zky na The International \u1405 A\u017e 200 EUR<\/title>\n<meta name=\"description\" content=\"Vsa\u010fte si na z\u00e1pasy The International a z\u00edskejte s\u00e1zku zdarma a\u017e do v\u00fd\u0161e 200 EUR. V\u00fdhern\u00ed s\u00e1zky jsou pouze od 10 EUR - zaregistrujte se a z\u00fa\u010dastn\u011bte se do 16. z\u00e1\u0159\u00ed!\" \/>\n<meta name=\"robots\" content=\"index, follow, max-snippet:-1, max-image-preview:large, max-video-preview:-1\" \/>\n<meta property=\"og:locale\" content=\"cs_CZ\" \/>\n<meta property=\"og:type\" content=\"article\" \/>\n<meta property=\"og:title\" content=\"SpinBetter Freebet pro s\u00e1zky na The International \u1405 A\u017e 200 EUR\" \/>\n<meta property=\"og:description\" content=\"Vsa\u010fte si na z\u00e1pasy The International a z\u00edskejte s\u00e1zku zdarma a\u017e do v\u00fd\u0161e 200 EUR. V\u00fdhern\u00ed s\u00e1zky jsou pouze od 10 EUR - zaregistrujte se a z\u00fa\u010dastn\u011bte se do 16. z\u00e1\u0159\u00ed!\" \/>\n<meta property=\"og:url\" content=\"https:\/\/spinbetter-apk.app\/cz\/bonuses\/freebet-200\/\" \/>\n<meta property=\"og:site_name\" content=\"Spinbetter APK CZ\" \/>\n<meta property=\"article:modified_time\" content=\"2025-07-29T07:58:25+00:00\" \/>\n<meta name=\"twitter:card\" content=\"summary_large_image\" \/>\n<script type=\"application\/ld+json\" class=\"yoast-schema-graph\">{\"@context\":\"https:\/\/schema.org\",\"@graph\":[{\"@type\":\"WebPage\",\"@id\":\"https:\/\/spinbetter-apk.app\/cz\/bonuses\/freebet-200\/\",\"url\":\"https:\/\/spinbetter-apk.app\/cz\/bonuses\/freebet-200\/\",\"name\":\"SpinBetter Freebet pro s\u00e1zky na The International \u1405 A\u017e 200 EUR\",\"isPartOf\":{\"@id\":\"https:\/\/spinbetter-apk.app\/cz\/#website\"},\"datePublished\":\"2025-07-29T07:58:17+00:00\",\"dateModified\":\"2025-07-29T07:58:25+00:00\",\"description\":\"Vsa\u010fte si na z\u00e1pasy The International a z\u00edskejte s\u00e1zku zdarma a\u017e do v\u00fd\u0161e 200 EUR. V\u00fdhern\u00ed s\u00e1zky jsou pouze od 10 EUR - zaregistrujte se a z\u00fa\u010dastn\u011bte se do 16. z\u00e1\u0159\u00ed!\",\"breadcrumb\":{\"@id\":\"https:\/\/spinbetter-apk.app\/cz\/bonuses\/freebet-200\/#breadcrumb\"},\"inLanguage\":\"cs\",\"potentialAction\":[{\"@type\":\"ReadAction\",\"target\":[\"https:\/\/spinbetter-apk.app\/cz\/bonuses\/freebet-200\/\"]}]},{\"@type\":\"BreadcrumbList\",\"@id\":\"https:\/\/spinbetter-apk.app\/cz\/bonuses\/freebet-200\/#breadcrumb\",\"itemListElement\":[{\"@type\":\"ListItem\",\"position\":1,\"name\":\"Dom\u016f\",\"item\":\"https:\/\/spinbetter-apk.app\/cz\/\"},{\"@type\":\"ListItem\",\"position\":2,\"name\":\"Bonusy\",\"item\":\"https:\/\/spinbetter-apk.app\/cz\/bonuses\/\"},{\"@type\":\"ListItem\",\"position\":3,\"name\":\"Freebet a\u017e do v\u00fd\u0161e 200 EUR\"}]},{\"@type\":\"WebSite\",\"@id\":\"https:\/\/spinbetter-apk.app\/cz\/#website\",\"url\":\"https:\/\/spinbetter-apk.app\/cz\/\",\"name\":\"Spinbetter APK CZ\",\"description\":\"spinbetterapk casino\",\"potentialAction\":[{\"@type\":\"SearchAction\",\"target\":{\"@type\":\"EntryPoint\",\"urlTemplate\":\"https:\/\/spinbetter-apk.app\/cz\/?s={search_term_string}\"},\"query-input\":{\"@type\":\"PropertyValueSpecification\",\"valueRequired\":true,\"valueName\":\"search_term_string\"}}],\"inLanguage\":\"cs\"}]}<\/script>\n<!-- \/ Yoast SEO plugin. -->","yoast_head_json":{"title":"SpinBetter Freebet pro s\u00e1zky na The International \u1405 A\u017e 200 EUR","description":"Vsa\u010fte si na z\u00e1pasy The International a z\u00edskejte s\u00e1zku zdarma a\u017e do v\u00fd\u0161e 200 EUR. V\u00fdhern\u00ed s\u00e1zky jsou pouze od 10 EUR - zaregistrujte se a z\u00fa\u010dastn\u011bte se do 16. z\u00e1\u0159\u00ed!","robots":{"index":"index","follow":"follow","max-snippet":"max-snippet:-1","max-image-preview":"max-image-preview:large","max-video-preview":"max-video-preview:-1"},"og_locale":"cs_CZ","og_type":"article","og_title":"SpinBetter Freebet pro s\u00e1zky na The International \u1405 A\u017e 200 EUR","og_description":"Vsa\u010fte si na z\u00e1pasy The International a z\u00edskejte s\u00e1zku zdarma a\u017e do v\u00fd\u0161e 200 EUR. V\u00fdhern\u00ed s\u00e1zky jsou pouze od 10 EUR - zaregistrujte se a z\u00fa\u010dastn\u011bte se do 16. z\u00e1\u0159\u00ed!","og_url":"https:\/\/spinbetter-apk.app\/cz\/bonuses\/freebet-200\/","og_site_name":"Spinbetter APK CZ","article_modified_time":"2025-07-29T07:58:25+00:00","twitter_card":"summary_large_image","schema":{"@context":"https:\/\/schema.org","@graph":[{"@type":"WebPage","@id":"https:\/\/spinbetter-apk.app\/cz\/bonuses\/freebet-200\/","url":"https:\/\/spinbetter-apk.app\/cz\/bonuses\/freebet-200\/","name":"SpinBetter Freebet pro s\u00e1zky na The International \u1405 A\u017e 200 EUR","isPartOf":{"@id":"https:\/\/spinbetter-apk.app\/cz\/#website"},"datePublished":"2025-07-29T07:58:17+00:00","dateModified":"2025-07-29T07:58:25+00:00","description":"Vsa\u010fte si na z\u00e1pasy The International a z\u00edskejte s\u00e1zku zdarma a\u017e do v\u00fd\u0161e 200 EUR. V\u00fdhern\u00ed s\u00e1zky jsou pouze od 10 EUR - zaregistrujte se a z\u00fa\u010dastn\u011bte se do 16. z\u00e1\u0159\u00ed!","breadcrumb":{"@id":"https:\/\/spinbetter-apk.app\/cz\/bonuses\/freebet-200\/#breadcrumb"},"inLanguage":"cs","potentialAction":[{"@type":"ReadAction","target":["https:\/\/spinbetter-apk.app\/cz\/bonuses\/freebet-200\/"]}]},{"@type":"BreadcrumbList","@id":"https:\/\/spinbetter-apk.app\/cz\/bonuses\/freebet-200\/#breadcrumb","itemListElement":[{"@type":"ListItem","position":1,"name":"Dom\u016f","item":"https:\/\/spinbetter-apk.app\/cz\/"},{"@type":"ListItem","position":2,"name":"Bonusy","item":"https:\/\/spinbetter-apk.app\/cz\/bonuses\/"},{"@type":"ListItem","position":3,"name":"Freebet a\u017e do v\u00fd\u0161e 200 EUR"}]},{"@type":"WebSite","@id":"https:\/\/spinbetter-apk.app\/cz\/#website","url":"https:\/\/spinbetter-apk.app\/cz\/","name":"Spinbetter APK CZ","description":"spinbetterapk casino","potentialAction":[{"@type":"SearchAction","target":{"@type":"EntryPoint","urlTemplate":"https:\/\/spinbetter-apk.app\/cz\/?s={search_term_string}"},"query-input":{"@type":"PropertyValueSpecification","valueRequired":true,"valueName":"search_term_string"}}],"inLanguage":"cs"}]}},"_links":{"self":[{"href":"https:\/\/spinbetter-apk.app\/cz\/wp-json\/wp\/v2\/pages\/574","targetHints":{"allow":["GET"]}}],"collection":[{"href":"https:\/\/spinbetter-apk.app\/cz\/wp-json\/wp\/v2\/pages"}],"about":[{"href":"https:\/\/spinbetter-apk.app\/cz\/wp-json\/wp\/v2\/types\/page"}],"author":[{"embeddable":true,"href":"https:\/\/spinbetter-apk.app\/cz\/wp-json\/wp\/v2\/users\/1"}],"replies":[{"embeddable":true,"href":"https:\/\/spinbetter-apk.app\/cz\/wp-json\/wp\/v2\/comments?post=574"}],"version-history":[{"count":1,"href":"https:\/\/spinbetter-apk.app\/cz\/wp-json\/wp\/v2\/pages\/574\/revisions"}],"predecessor-version":[{"id":575,"href":"https:\/\/spinbetter-apk.app\/cz\/wp-json\/wp\/v2\/pages\/574\/revisions\/575"}],"up":[{"embeddable":true,"href":"https:\/\/spinbetter-apk.app\/cz\/wp-json\/wp\/v2\/pages\/322"}],"wp:attachment":[{"href":"https:\/\/spinbetter-apk.app\/cz\/wp-json\/wp\/v2\/media?parent=574"}],"curies":[{"name":"wp","href":"https:\/\/api.w.org\/{rel}","templated":true}]}}