{"id":572,"date":"2025-07-28T11:11:55","date_gmt":"2025-07-28T11:11:55","guid":{"rendered":"https:\/\/spinbetter-apk.app\/cz\/?page_id=572"},"modified":"2025-07-28T11:12:03","modified_gmt":"2025-07-28T11:12:03","slug":"get-cashback","status":"publish","type":"page","link":"https:\/\/spinbetter-apk.app\/cz\/bonuses\/get-cashback\/","title":{"rendered":"Z\u00edskejte cashback a\u017e 20 %"},"content":{"rendered":"","protected":false},"excerpt":{"rendered":"","protected":false},"author":1,"featured_media":0,"parent":322,"menu_order":0,"comment_status":"closed","ping_status":"closed","template":"","meta":{"footnotes":""},"class_list":["post-572","page","type-page","status-publish","hentry"],"yoast_head":"<!-- This site is optimized with the Yoast SEO plugin v23.4 - https:\/\/yoast.com\/wordpress\/plugins\/seo\/ -->\n<title>SpinBetter cashback \u1405 A\u017e 20 % na s\u00e1zky na fotbal<\/title>\n<meta name=\"description\" content=\"S\u00e1zejte na fotbal a z\u00edskejte cashback od SpinBetteru \u2013 a\u017e 20 % t\u00fddn\u011b. Akce je k dispozici z po\u010d\u00edta\u010de a mobiln\u00edch za\u0159\u00edzen\u00ed od 4. 8. do 5. 10. 2025.\" \/>\n<meta name=\"robots\" content=\"index, follow, max-snippet:-1, max-image-preview:large, max-video-preview:-1\" \/>\n<meta property=\"og:locale\" content=\"cs_CZ\" \/>\n<meta property=\"og:type\" content=\"article\" \/>\n<meta property=\"og:title\" content=\"SpinBetter cashback \u1405 A\u017e 20 % na s\u00e1zky na fotbal\" \/>\n<meta property=\"og:description\" content=\"S\u00e1zejte na fotbal a z\u00edskejte cashback od SpinBetteru \u2013 a\u017e 20 % t\u00fddn\u011b. Akce je k dispozici z po\u010d\u00edta\u010de a mobiln\u00edch za\u0159\u00edzen\u00ed od 4. 8. do 5. 10. 2025.\" \/>\n<meta property=\"og:url\" content=\"https:\/\/spinbetter-apk.app\/cz\/bonuses\/get-cashback\/\" \/>\n<meta property=\"og:site_name\" content=\"Spinbetter APK CZ\" \/>\n<meta property=\"article:modified_time\" content=\"2025-07-28T11:12:03+00:00\" \/>\n<meta name=\"twitter:card\" content=\"summary_large_image\" \/>\n<script type=\"application\/ld+json\" class=\"yoast-schema-graph\">{\"@context\":\"https:\/\/schema.org\",\"@graph\":[{\"@type\":\"WebPage\",\"@id\":\"https:\/\/spinbetter-apk.app\/cz\/bonuses\/get-cashback\/\",\"url\":\"https:\/\/spinbetter-apk.app\/cz\/bonuses\/get-cashback\/\",\"name\":\"SpinBetter cashback \u1405 A\u017e 20 % na s\u00e1zky na fotbal\",\"isPartOf\":{\"@id\":\"https:\/\/spinbetter-apk.app\/cz\/#website\"},\"datePublished\":\"2025-07-28T11:11:55+00:00\",\"dateModified\":\"2025-07-28T11:12:03+00:00\",\"description\":\"S\u00e1zejte na fotbal a z\u00edskejte cashback od SpinBetteru \u2013 a\u017e 20 % t\u00fddn\u011b. Akce je k dispozici z po\u010d\u00edta\u010de a mobiln\u00edch za\u0159\u00edzen\u00ed od 4. 8. do 5. 10. 2025.\",\"breadcrumb\":{\"@id\":\"https:\/\/spinbetter-apk.app\/cz\/bonuses\/get-cashback\/#breadcrumb\"},\"inLanguage\":\"cs\",\"potentialAction\":[{\"@type\":\"ReadAction\",\"target\":[\"https:\/\/spinbetter-apk.app\/cz\/bonuses\/get-cashback\/\"]}]},{\"@type\":\"BreadcrumbList\",\"@id\":\"https:\/\/spinbetter-apk.app\/cz\/bonuses\/get-cashback\/#breadcrumb\",\"itemListElement\":[{\"@type\":\"ListItem\",\"position\":1,\"name\":\"Dom\u016f\",\"item\":\"https:\/\/spinbetter-apk.app\/cz\/\"},{\"@type\":\"ListItem\",\"position\":2,\"name\":\"Bonusy\",\"item\":\"https:\/\/spinbetter-apk.app\/cz\/bonuses\/\"},{\"@type\":\"ListItem\",\"position\":3,\"name\":\"Z\u00edskejte cashback a\u017e 20 %\"}]},{\"@type\":\"WebSite\",\"@id\":\"https:\/\/spinbetter-apk.app\/cz\/#website\",\"url\":\"https:\/\/spinbetter-apk.app\/cz\/\",\"name\":\"Spinbetter APK CZ\",\"description\":\"spinbetterapk casino\",\"potentialAction\":[{\"@type\":\"SearchAction\",\"target\":{\"@type\":\"EntryPoint\",\"urlTemplate\":\"https:\/\/spinbetter-apk.app\/cz\/?s={search_term_string}\"},\"query-input\":{\"@type\":\"PropertyValueSpecification\",\"valueRequired\":true,\"valueName\":\"search_term_string\"}}],\"inLanguage\":\"cs\"}]}<\/script>\n<!-- \/ Yoast SEO plugin. -->","yoast_head_json":{"title":"SpinBetter cashback \u1405 A\u017e 20 % na s\u00e1zky na fotbal","description":"S\u00e1zejte na fotbal a z\u00edskejte cashback od SpinBetteru \u2013 a\u017e 20 % t\u00fddn\u011b. Akce je k dispozici z po\u010d\u00edta\u010de a mobiln\u00edch za\u0159\u00edzen\u00ed od 4. 8. do 5. 10. 2025.","robots":{"index":"index","follow":"follow","max-snippet":"max-snippet:-1","max-image-preview":"max-image-preview:large","max-video-preview":"max-video-preview:-1"},"og_locale":"cs_CZ","og_type":"article","og_title":"SpinBetter cashback \u1405 A\u017e 20 % na s\u00e1zky na fotbal","og_description":"S\u00e1zejte na fotbal a z\u00edskejte cashback od SpinBetteru \u2013 a\u017e 20 % t\u00fddn\u011b. Akce je k dispozici z po\u010d\u00edta\u010de a mobiln\u00edch za\u0159\u00edzen\u00ed od 4. 8. do 5. 10. 2025.","og_url":"https:\/\/spinbetter-apk.app\/cz\/bonuses\/get-cashback\/","og_site_name":"Spinbetter APK CZ","article_modified_time":"2025-07-28T11:12:03+00:00","twitter_card":"summary_large_image","schema":{"@context":"https:\/\/schema.org","@graph":[{"@type":"WebPage","@id":"https:\/\/spinbetter-apk.app\/cz\/bonuses\/get-cashback\/","url":"https:\/\/spinbetter-apk.app\/cz\/bonuses\/get-cashback\/","name":"SpinBetter cashback \u1405 A\u017e 20 % na s\u00e1zky na fotbal","isPartOf":{"@id":"https:\/\/spinbetter-apk.app\/cz\/#website"},"datePublished":"2025-07-28T11:11:55+00:00","dateModified":"2025-07-28T11:12:03+00:00","description":"S\u00e1zejte na fotbal a z\u00edskejte cashback od SpinBetteru \u2013 a\u017e 20 % t\u00fddn\u011b. Akce je k dispozici z po\u010d\u00edta\u010de a mobiln\u00edch za\u0159\u00edzen\u00ed od 4. 8. do 5. 10. 2025.","breadcrumb":{"@id":"https:\/\/spinbetter-apk.app\/cz\/bonuses\/get-cashback\/#breadcrumb"},"inLanguage":"cs","potentialAction":[{"@type":"ReadAction","target":["https:\/\/spinbetter-apk.app\/cz\/bonuses\/get-cashback\/"]}]},{"@type":"BreadcrumbList","@id":"https:\/\/spinbetter-apk.app\/cz\/bonuses\/get-cashback\/#breadcrumb","itemListElement":[{"@type":"ListItem","position":1,"name":"Dom\u016f","item":"https:\/\/spinbetter-apk.app\/cz\/"},{"@type":"ListItem","position":2,"name":"Bonusy","item":"https:\/\/spinbetter-apk.app\/cz\/bonuses\/"},{"@type":"ListItem","position":3,"name":"Z\u00edskejte cashback a\u017e 20 %"}]},{"@type":"WebSite","@id":"https:\/\/spinbetter-apk.app\/cz\/#website","url":"https:\/\/spinbetter-apk.app\/cz\/","name":"Spinbetter APK CZ","description":"spinbetterapk casino","potentialAction":[{"@type":"SearchAction","target":{"@type":"EntryPoint","urlTemplate":"https:\/\/spinbetter-apk.app\/cz\/?s={search_term_string}"},"query-input":{"@type":"PropertyValueSpecification","valueRequired":true,"valueName":"search_term_string"}}],"inLanguage":"cs"}]}},"_links":{"self":[{"href":"https:\/\/spinbetter-apk.app\/cz\/wp-json\/wp\/v2\/pages\/572","targetHints":{"allow":["GET"]}}],"collection":[{"href":"https:\/\/spinbetter-apk.app\/cz\/wp-json\/wp\/v2\/pages"}],"about":[{"href":"https:\/\/spinbetter-apk.app\/cz\/wp-json\/wp\/v2\/types\/page"}],"author":[{"embeddable":true,"href":"https:\/\/spinbetter-apk.app\/cz\/wp-json\/wp\/v2\/users\/1"}],"replies":[{"embeddable":true,"href":"https:\/\/spinbetter-apk.app\/cz\/wp-json\/wp\/v2\/comments?post=572"}],"version-history":[{"count":1,"href":"https:\/\/spinbetter-apk.app\/cz\/wp-json\/wp\/v2\/pages\/572\/revisions"}],"predecessor-version":[{"id":573,"href":"https:\/\/spinbetter-apk.app\/cz\/wp-json\/wp\/v2\/pages\/572\/revisions\/573"}],"up":[{"embeddable":true,"href":"https:\/\/spinbetter-apk.app\/cz\/wp-json\/wp\/v2\/pages\/322"}],"wp:attachment":[{"href":"https:\/\/spinbetter-apk.app\/cz\/wp-json\/wp\/v2\/media?parent=572"}],"curies":[{"name":"wp","href":"https:\/\/api.w.org\/{rel}","templated":true}]}}