{"id":566,"date":"2025-07-09T07:15:01","date_gmt":"2025-07-09T07:15:01","guid":{"rendered":"https:\/\/spinbetter-apk.app\/cz\/?page_id=566"},"modified":"2025-07-09T07:15:01","modified_gmt":"2025-07-09T07:15:01","slug":"spinbetter-loyalty-program","status":"publish","type":"page","link":"https:\/\/spinbetter-apk.app\/cz\/bonuses\/spinbetter-loyalty-program\/","title":{"rendered":"V\u011brnostn\u00ed program SpinBetter"},"content":{"rendered":"","protected":false},"excerpt":{"rendered":"","protected":false},"author":1,"featured_media":0,"parent":322,"menu_order":0,"comment_status":"closed","ping_status":"closed","template":"","meta":{"footnotes":""},"class_list":["post-566","page","type-page","status-publish","hentry"],"yoast_head":"<!-- This site is optimized with the Yoast SEO plugin v23.4 - https:\/\/yoast.com\/wordpress\/plugins\/seo\/ -->\n<title>V\u011brnostn\u00ed program SpinBetter &gt; Cashback a\u017e 11 % a VIP status<\/title>\n<meta name=\"description\" content=\"Zvy\u0161te si \u00farove\u0148, z\u00edskejte a\u017e 11% cashback a exkluzivn\u00ed bonusy. Hran\u00edm na SpinBetter v\u017edy vyhr\u00e1v\u00e1te v\u00edce \u2013 sta\u0148te se VIP a u\u017e\u00edvejte si privilegi\u00ed!\" \/>\n<meta name=\"robots\" content=\"index, follow, max-snippet:-1, max-image-preview:large, max-video-preview:-1\" \/>\n<meta property=\"og:locale\" content=\"cs_CZ\" \/>\n<meta property=\"og:type\" content=\"article\" \/>\n<meta property=\"og:title\" content=\"V\u011brnostn\u00ed program SpinBetter &gt; Cashback a\u017e 11 % a VIP status\" \/>\n<meta property=\"og:description\" content=\"Zvy\u0161te si \u00farove\u0148, z\u00edskejte a\u017e 11% cashback a exkluzivn\u00ed bonusy. Hran\u00edm na SpinBetter v\u017edy vyhr\u00e1v\u00e1te v\u00edce \u2013 sta\u0148te se VIP a u\u017e\u00edvejte si privilegi\u00ed!\" \/>\n<meta property=\"og:url\" content=\"https:\/\/spinbetter-apk.app\/cz\/bonuses\/spinbetter-loyalty-program\/\" \/>\n<meta property=\"og:site_name\" content=\"Spinbetter APK CZ\" \/>\n<meta name=\"twitter:card\" content=\"summary_large_image\" \/>\n<script type=\"application\/ld+json\" class=\"yoast-schema-graph\">{\"@context\":\"https:\/\/schema.org\",\"@graph\":[{\"@type\":\"WebPage\",\"@id\":\"https:\/\/spinbetter-apk.app\/cz\/bonuses\/spinbetter-loyalty-program\/\",\"url\":\"https:\/\/spinbetter-apk.app\/cz\/bonuses\/spinbetter-loyalty-program\/\",\"name\":\"V\u011brnostn\u00ed program SpinBetter > Cashback a\u017e 11 % a VIP status\",\"isPartOf\":{\"@id\":\"https:\/\/spinbetter-apk.app\/cz\/#website\"},\"datePublished\":\"2025-07-09T07:15:01+00:00\",\"dateModified\":\"2025-07-09T07:15:01+00:00\",\"description\":\"Zvy\u0161te si \u00farove\u0148, z\u00edskejte a\u017e 11% cashback a exkluzivn\u00ed bonusy. Hran\u00edm na SpinBetter v\u017edy vyhr\u00e1v\u00e1te v\u00edce \u2013 sta\u0148te se VIP a u\u017e\u00edvejte si privilegi\u00ed!\",\"breadcrumb\":{\"@id\":\"https:\/\/spinbetter-apk.app\/cz\/bonuses\/spinbetter-loyalty-program\/#breadcrumb\"},\"inLanguage\":\"cs\",\"potentialAction\":[{\"@type\":\"ReadAction\",\"target\":[\"https:\/\/spinbetter-apk.app\/cz\/bonuses\/spinbetter-loyalty-program\/\"]}]},{\"@type\":\"BreadcrumbList\",\"@id\":\"https:\/\/spinbetter-apk.app\/cz\/bonuses\/spinbetter-loyalty-program\/#breadcrumb\",\"itemListElement\":[{\"@type\":\"ListItem\",\"position\":1,\"name\":\"Dom\u016f\",\"item\":\"https:\/\/spinbetter-apk.app\/cz\/\"},{\"@type\":\"ListItem\",\"position\":2,\"name\":\"Bonusy\",\"item\":\"https:\/\/spinbetter-apk.app\/cz\/bonuses\/\"},{\"@type\":\"ListItem\",\"position\":3,\"name\":\"V\u011brnostn\u00ed program SpinBetter\"}]},{\"@type\":\"WebSite\",\"@id\":\"https:\/\/spinbetter-apk.app\/cz\/#website\",\"url\":\"https:\/\/spinbetter-apk.app\/cz\/\",\"name\":\"Spinbetter APK CZ\",\"description\":\"spinbetterapk casino\",\"potentialAction\":[{\"@type\":\"SearchAction\",\"target\":{\"@type\":\"EntryPoint\",\"urlTemplate\":\"https:\/\/spinbetter-apk.app\/cz\/?s={search_term_string}\"},\"query-input\":{\"@type\":\"PropertyValueSpecification\",\"valueRequired\":true,\"valueName\":\"search_term_string\"}}],\"inLanguage\":\"cs\"}]}<\/script>\n<!-- \/ Yoast SEO plugin. -->","yoast_head_json":{"title":"V\u011brnostn\u00ed program SpinBetter > Cashback a\u017e 11 % a VIP status","description":"Zvy\u0161te si \u00farove\u0148, z\u00edskejte a\u017e 11% cashback a exkluzivn\u00ed bonusy. Hran\u00edm na SpinBetter v\u017edy vyhr\u00e1v\u00e1te v\u00edce \u2013 sta\u0148te se VIP a u\u017e\u00edvejte si privilegi\u00ed!","robots":{"index":"index","follow":"follow","max-snippet":"max-snippet:-1","max-image-preview":"max-image-preview:large","max-video-preview":"max-video-preview:-1"},"og_locale":"cs_CZ","og_type":"article","og_title":"V\u011brnostn\u00ed program SpinBetter > Cashback a\u017e 11 % a VIP status","og_description":"Zvy\u0161te si \u00farove\u0148, z\u00edskejte a\u017e 11% cashback a exkluzivn\u00ed bonusy. Hran\u00edm na SpinBetter v\u017edy vyhr\u00e1v\u00e1te v\u00edce \u2013 sta\u0148te se VIP a u\u017e\u00edvejte si privilegi\u00ed!","og_url":"https:\/\/spinbetter-apk.app\/cz\/bonuses\/spinbetter-loyalty-program\/","og_site_name":"Spinbetter APK CZ","twitter_card":"summary_large_image","schema":{"@context":"https:\/\/schema.org","@graph":[{"@type":"WebPage","@id":"https:\/\/spinbetter-apk.app\/cz\/bonuses\/spinbetter-loyalty-program\/","url":"https:\/\/spinbetter-apk.app\/cz\/bonuses\/spinbetter-loyalty-program\/","name":"V\u011brnostn\u00ed program SpinBetter > Cashback a\u017e 11 % a VIP status","isPartOf":{"@id":"https:\/\/spinbetter-apk.app\/cz\/#website"},"datePublished":"2025-07-09T07:15:01+00:00","dateModified":"2025-07-09T07:15:01+00:00","description":"Zvy\u0161te si \u00farove\u0148, z\u00edskejte a\u017e 11% cashback a exkluzivn\u00ed bonusy. Hran\u00edm na SpinBetter v\u017edy vyhr\u00e1v\u00e1te v\u00edce \u2013 sta\u0148te se VIP a u\u017e\u00edvejte si privilegi\u00ed!","breadcrumb":{"@id":"https:\/\/spinbetter-apk.app\/cz\/bonuses\/spinbetter-loyalty-program\/#breadcrumb"},"inLanguage":"cs","potentialAction":[{"@type":"ReadAction","target":["https:\/\/spinbetter-apk.app\/cz\/bonuses\/spinbetter-loyalty-program\/"]}]},{"@type":"BreadcrumbList","@id":"https:\/\/spinbetter-apk.app\/cz\/bonuses\/spinbetter-loyalty-program\/#breadcrumb","itemListElement":[{"@type":"ListItem","position":1,"name":"Dom\u016f","item":"https:\/\/spinbetter-apk.app\/cz\/"},{"@type":"ListItem","position":2,"name":"Bonusy","item":"https:\/\/spinbetter-apk.app\/cz\/bonuses\/"},{"@type":"ListItem","position":3,"name":"V\u011brnostn\u00ed program SpinBetter"}]},{"@type":"WebSite","@id":"https:\/\/spinbetter-apk.app\/cz\/#website","url":"https:\/\/spinbetter-apk.app\/cz\/","name":"Spinbetter APK CZ","description":"spinbetterapk casino","potentialAction":[{"@type":"SearchAction","target":{"@type":"EntryPoint","urlTemplate":"https:\/\/spinbetter-apk.app\/cz\/?s={search_term_string}"},"query-input":{"@type":"PropertyValueSpecification","valueRequired":true,"valueName":"search_term_string"}}],"inLanguage":"cs"}]}},"_links":{"self":[{"href":"https:\/\/spinbetter-apk.app\/cz\/wp-json\/wp\/v2\/pages\/566","targetHints":{"allow":["GET"]}}],"collection":[{"href":"https:\/\/spinbetter-apk.app\/cz\/wp-json\/wp\/v2\/pages"}],"about":[{"href":"https:\/\/spinbetter-apk.app\/cz\/wp-json\/wp\/v2\/types\/page"}],"author":[{"embeddable":true,"href":"https:\/\/spinbetter-apk.app\/cz\/wp-json\/wp\/v2\/users\/1"}],"replies":[{"embeddable":true,"href":"https:\/\/spinbetter-apk.app\/cz\/wp-json\/wp\/v2\/comments?post=566"}],"version-history":[{"count":1,"href":"https:\/\/spinbetter-apk.app\/cz\/wp-json\/wp\/v2\/pages\/566\/revisions"}],"predecessor-version":[{"id":567,"href":"https:\/\/spinbetter-apk.app\/cz\/wp-json\/wp\/v2\/pages\/566\/revisions\/567"}],"up":[{"embeddable":true,"href":"https:\/\/spinbetter-apk.app\/cz\/wp-json\/wp\/v2\/pages\/322"}],"wp:attachment":[{"href":"https:\/\/spinbetter-apk.app\/cz\/wp-json\/wp\/v2\/media?parent=566"}],"curies":[{"name":"wp","href":"https:\/\/api.w.org\/{rel}","templated":true}]}}