{"id":561,"date":"2025-05-29T13:52:49","date_gmt":"2025-05-29T13:52:49","guid":{"rendered":"https:\/\/spinbetter-apk.app\/cz\/?page_id=561"},"modified":"2025-07-01T10:33:27","modified_gmt":"2025-07-01T10:33:27","slug":"telegram","status":"publish","type":"page","link":"https:\/\/spinbetter-apk.app\/cz\/bonuses\/telegram\/","title":{"rendered":"Telegram"},"content":{"rendered":"","protected":false},"excerpt":{"rendered":"","protected":false},"author":1,"featured_media":0,"parent":322,"menu_order":0,"comment_status":"closed","ping_status":"closed","template":"","meta":{"footnotes":""},"class_list":["post-561","page","type-page","status-publish","hentry"],"yoast_head":"<!-- This site is optimized with the Yoast SEO plugin v23.4 - https:\/\/yoast.com\/wordpress\/plugins\/seo\/ -->\n<title>100 FS za p\u0159edplatn\u00e9 &gt; Z\u00edskejte bonus na Telegramu<\/title>\n<meta name=\"description\" content=\"P\u0159ihlaste se k odb\u011bru SpinBetter casino Telegram kan\u00e1lu a z\u00edskejte 100 FS bonus! Sledujte exkluzivn\u00ed akce, aktivujte promo k\u00f3d a vyhrajte!\" \/>\n<meta name=\"robots\" content=\"index, follow, max-snippet:-1, max-image-preview:large, max-video-preview:-1\" \/>\n<meta property=\"og:locale\" content=\"cs_CZ\" \/>\n<meta property=\"og:type\" content=\"article\" \/>\n<meta property=\"og:title\" content=\"100 FS za p\u0159edplatn\u00e9 &gt; Z\u00edskejte bonus na Telegramu\" \/>\n<meta property=\"og:description\" content=\"P\u0159ihlaste se k odb\u011bru SpinBetter casino Telegram kan\u00e1lu a z\u00edskejte 100 FS bonus! Sledujte exkluzivn\u00ed akce, aktivujte promo k\u00f3d a vyhrajte!\" \/>\n<meta property=\"og:url\" content=\"https:\/\/spinbetter-apk.app\/cz\/bonuses\/telegram\/\" \/>\n<meta property=\"og:site_name\" content=\"Spinbetter APK CZ\" \/>\n<meta property=\"article:modified_time\" content=\"2025-07-01T10:33:27+00:00\" \/>\n<meta name=\"twitter:card\" content=\"summary_large_image\" \/>\n<script type=\"application\/ld+json\" class=\"yoast-schema-graph\">{\"@context\":\"https:\/\/schema.org\",\"@graph\":[{\"@type\":\"WebPage\",\"@id\":\"https:\/\/spinbetter-apk.app\/cz\/bonuses\/telegram\/\",\"url\":\"https:\/\/spinbetter-apk.app\/cz\/bonuses\/telegram\/\",\"name\":\"100 FS za p\u0159edplatn\u00e9 > Z\u00edskejte bonus na Telegramu\",\"isPartOf\":{\"@id\":\"https:\/\/spinbetter-apk.app\/cz\/#website\"},\"datePublished\":\"2025-05-29T13:52:49+00:00\",\"dateModified\":\"2025-07-01T10:33:27+00:00\",\"description\":\"P\u0159ihlaste se k odb\u011bru SpinBetter casino Telegram kan\u00e1lu a z\u00edskejte 100 FS bonus! Sledujte exkluzivn\u00ed akce, aktivujte promo k\u00f3d a vyhrajte!\",\"breadcrumb\":{\"@id\":\"https:\/\/spinbetter-apk.app\/cz\/bonuses\/telegram\/#breadcrumb\"},\"inLanguage\":\"cs\",\"potentialAction\":[{\"@type\":\"ReadAction\",\"target\":[\"https:\/\/spinbetter-apk.app\/cz\/bonuses\/telegram\/\"]}]},{\"@type\":\"BreadcrumbList\",\"@id\":\"https:\/\/spinbetter-apk.app\/cz\/bonuses\/telegram\/#breadcrumb\",\"itemListElement\":[{\"@type\":\"ListItem\",\"position\":1,\"name\":\"Dom\u016f\",\"item\":\"https:\/\/spinbetter-apk.app\/cz\/\"},{\"@type\":\"ListItem\",\"position\":2,\"name\":\"Bonusy\",\"item\":\"https:\/\/spinbetter-apk.app\/cz\/bonuses\/\"},{\"@type\":\"ListItem\",\"position\":3,\"name\":\"Telegram\"}]},{\"@type\":\"WebSite\",\"@id\":\"https:\/\/spinbetter-apk.app\/cz\/#website\",\"url\":\"https:\/\/spinbetter-apk.app\/cz\/\",\"name\":\"Spinbetter APK CZ\",\"description\":\"spinbetterapk casino\",\"potentialAction\":[{\"@type\":\"SearchAction\",\"target\":{\"@type\":\"EntryPoint\",\"urlTemplate\":\"https:\/\/spinbetter-apk.app\/cz\/?s={search_term_string}\"},\"query-input\":{\"@type\":\"PropertyValueSpecification\",\"valueRequired\":true,\"valueName\":\"search_term_string\"}}],\"inLanguage\":\"cs\"}]}<\/script>\n<!-- \/ Yoast SEO plugin. -->","yoast_head_json":{"title":"100 FS za p\u0159edplatn\u00e9 > Z\u00edskejte bonus na Telegramu","description":"P\u0159ihlaste se k odb\u011bru SpinBetter casino Telegram kan\u00e1lu a z\u00edskejte 100 FS bonus! Sledujte exkluzivn\u00ed akce, aktivujte promo k\u00f3d a vyhrajte!","robots":{"index":"index","follow":"follow","max-snippet":"max-snippet:-1","max-image-preview":"max-image-preview:large","max-video-preview":"max-video-preview:-1"},"og_locale":"cs_CZ","og_type":"article","og_title":"100 FS za p\u0159edplatn\u00e9 > Z\u00edskejte bonus na Telegramu","og_description":"P\u0159ihlaste se k odb\u011bru SpinBetter casino Telegram kan\u00e1lu a z\u00edskejte 100 FS bonus! Sledujte exkluzivn\u00ed akce, aktivujte promo k\u00f3d a vyhrajte!","og_url":"https:\/\/spinbetter-apk.app\/cz\/bonuses\/telegram\/","og_site_name":"Spinbetter APK CZ","article_modified_time":"2025-07-01T10:33:27+00:00","twitter_card":"summary_large_image","schema":{"@context":"https:\/\/schema.org","@graph":[{"@type":"WebPage","@id":"https:\/\/spinbetter-apk.app\/cz\/bonuses\/telegram\/","url":"https:\/\/spinbetter-apk.app\/cz\/bonuses\/telegram\/","name":"100 FS za p\u0159edplatn\u00e9 > Z\u00edskejte bonus na Telegramu","isPartOf":{"@id":"https:\/\/spinbetter-apk.app\/cz\/#website"},"datePublished":"2025-05-29T13:52:49+00:00","dateModified":"2025-07-01T10:33:27+00:00","description":"P\u0159ihlaste se k odb\u011bru SpinBetter casino Telegram kan\u00e1lu a z\u00edskejte 100 FS bonus! Sledujte exkluzivn\u00ed akce, aktivujte promo k\u00f3d a vyhrajte!","breadcrumb":{"@id":"https:\/\/spinbetter-apk.app\/cz\/bonuses\/telegram\/#breadcrumb"},"inLanguage":"cs","potentialAction":[{"@type":"ReadAction","target":["https:\/\/spinbetter-apk.app\/cz\/bonuses\/telegram\/"]}]},{"@type":"BreadcrumbList","@id":"https:\/\/spinbetter-apk.app\/cz\/bonuses\/telegram\/#breadcrumb","itemListElement":[{"@type":"ListItem","position":1,"name":"Dom\u016f","item":"https:\/\/spinbetter-apk.app\/cz\/"},{"@type":"ListItem","position":2,"name":"Bonusy","item":"https:\/\/spinbetter-apk.app\/cz\/bonuses\/"},{"@type":"ListItem","position":3,"name":"Telegram"}]},{"@type":"WebSite","@id":"https:\/\/spinbetter-apk.app\/cz\/#website","url":"https:\/\/spinbetter-apk.app\/cz\/","name":"Spinbetter APK CZ","description":"spinbetterapk casino","potentialAction":[{"@type":"SearchAction","target":{"@type":"EntryPoint","urlTemplate":"https:\/\/spinbetter-apk.app\/cz\/?s={search_term_string}"},"query-input":{"@type":"PropertyValueSpecification","valueRequired":true,"valueName":"search_term_string"}}],"inLanguage":"cs"}]}},"_links":{"self":[{"href":"https:\/\/spinbetter-apk.app\/cz\/wp-json\/wp\/v2\/pages\/561","targetHints":{"allow":["GET"]}}],"collection":[{"href":"https:\/\/spinbetter-apk.app\/cz\/wp-json\/wp\/v2\/pages"}],"about":[{"href":"https:\/\/spinbetter-apk.app\/cz\/wp-json\/wp\/v2\/types\/page"}],"author":[{"embeddable":true,"href":"https:\/\/spinbetter-apk.app\/cz\/wp-json\/wp\/v2\/users\/1"}],"replies":[{"embeddable":true,"href":"https:\/\/spinbetter-apk.app\/cz\/wp-json\/wp\/v2\/comments?post=561"}],"version-history":[{"count":1,"href":"https:\/\/spinbetter-apk.app\/cz\/wp-json\/wp\/v2\/pages\/561\/revisions"}],"predecessor-version":[{"id":562,"href":"https:\/\/spinbetter-apk.app\/cz\/wp-json\/wp\/v2\/pages\/561\/revisions\/562"}],"up":[{"embeddable":true,"href":"https:\/\/spinbetter-apk.app\/cz\/wp-json\/wp\/v2\/pages\/322"}],"wp:attachment":[{"href":"https:\/\/spinbetter-apk.app\/cz\/wp-json\/wp\/v2\/media?parent=561"}],"curies":[{"name":"wp","href":"https:\/\/api.w.org\/{rel}","templated":true}]}}