{"id":556,"date":"2025-05-28T08:24:32","date_gmt":"2025-05-28T08:24:32","guid":{"rendered":"https:\/\/spinbetter-apk.app\/cz\/?page_id=556"},"modified":"2025-07-01T10:20:11","modified_gmt":"2025-07-01T10:20:11","slug":"spinbetter-deposit-lottery","status":"publish","type":"page","link":"https:\/\/spinbetter-apk.app\/cz\/bonuses\/spinbetter-deposit-lottery\/","title":{"rendered":"SpinBetter deposit lottery"},"content":{"rendered":"","protected":false},"excerpt":{"rendered":"","protected":false},"author":1,"featured_media":0,"parent":322,"menu_order":0,"comment_status":"closed","ping_status":"closed","template":"","meta":{"footnotes":""},"class_list":["post-556","page","type-page","status-publish","hentry"],"yoast_head":"<!-- This site is optimized with the Yoast SEO plugin v23.4 - https:\/\/yoast.com\/wordpress\/plugins\/seo\/ -->\n<title>SpinBetter Deposit Lottery &gt; Freebety a promo body ka\u017ed\u00fd t\u00fdden<\/title>\n<meta name=\"description\" content=\"Prov\u00e1d\u011bjte vklady od 75 CZK v kasinu SpinBetter, z\u00edskejte vstupenky a z\u00fa\u010dastn\u011bte se t\u00fddenn\u00edho losov\u00e1n\u00ed o 750 000 CZK freebet\u016f\" \/>\n<meta name=\"robots\" content=\"index, follow, max-snippet:-1, max-image-preview:large, max-video-preview:-1\" \/>\n<meta property=\"og:locale\" content=\"cs_CZ\" \/>\n<meta property=\"og:type\" content=\"article\" \/>\n<meta property=\"og:title\" content=\"SpinBetter Deposit Lottery &gt; Freebety a promo body ka\u017ed\u00fd t\u00fdden\" \/>\n<meta property=\"og:description\" content=\"Prov\u00e1d\u011bjte vklady od 75 CZK v kasinu SpinBetter, z\u00edskejte vstupenky a z\u00fa\u010dastn\u011bte se t\u00fddenn\u00edho losov\u00e1n\u00ed o 750 000 CZK freebet\u016f\" \/>\n<meta property=\"og:url\" content=\"https:\/\/spinbetter-apk.app\/cz\/bonuses\/spinbetter-deposit-lottery\/\" \/>\n<meta property=\"og:site_name\" content=\"Spinbetter APK CZ\" \/>\n<meta property=\"article:modified_time\" content=\"2025-07-01T10:20:11+00:00\" \/>\n<meta name=\"twitter:card\" content=\"summary_large_image\" \/>\n<script type=\"application\/ld+json\" class=\"yoast-schema-graph\">{\"@context\":\"https:\/\/schema.org\",\"@graph\":[{\"@type\":\"WebPage\",\"@id\":\"https:\/\/spinbetter-apk.app\/cz\/bonuses\/spinbetter-deposit-lottery\/\",\"url\":\"https:\/\/spinbetter-apk.app\/cz\/bonuses\/spinbetter-deposit-lottery\/\",\"name\":\"SpinBetter Deposit Lottery > Freebety a promo body ka\u017ed\u00fd t\u00fdden\",\"isPartOf\":{\"@id\":\"https:\/\/spinbetter-apk.app\/cz\/#website\"},\"datePublished\":\"2025-05-28T08:24:32+00:00\",\"dateModified\":\"2025-07-01T10:20:11+00:00\",\"description\":\"Prov\u00e1d\u011bjte vklady od 75 CZK v kasinu SpinBetter, z\u00edskejte vstupenky a z\u00fa\u010dastn\u011bte se t\u00fddenn\u00edho losov\u00e1n\u00ed o 750 000 CZK freebet\u016f\",\"breadcrumb\":{\"@id\":\"https:\/\/spinbetter-apk.app\/cz\/bonuses\/spinbetter-deposit-lottery\/#breadcrumb\"},\"inLanguage\":\"cs\",\"potentialAction\":[{\"@type\":\"ReadAction\",\"target\":[\"https:\/\/spinbetter-apk.app\/cz\/bonuses\/spinbetter-deposit-lottery\/\"]}]},{\"@type\":\"BreadcrumbList\",\"@id\":\"https:\/\/spinbetter-apk.app\/cz\/bonuses\/spinbetter-deposit-lottery\/#breadcrumb\",\"itemListElement\":[{\"@type\":\"ListItem\",\"position\":1,\"name\":\"Dom\u016f\",\"item\":\"https:\/\/spinbetter-apk.app\/cz\/\"},{\"@type\":\"ListItem\",\"position\":2,\"name\":\"Bonusy\",\"item\":\"https:\/\/spinbetter-apk.app\/cz\/bonuses\/\"},{\"@type\":\"ListItem\",\"position\":3,\"name\":\"SpinBetter deposit lottery\"}]},{\"@type\":\"WebSite\",\"@id\":\"https:\/\/spinbetter-apk.app\/cz\/#website\",\"url\":\"https:\/\/spinbetter-apk.app\/cz\/\",\"name\":\"Spinbetter APK CZ\",\"description\":\"spinbetterapk casino\",\"potentialAction\":[{\"@type\":\"SearchAction\",\"target\":{\"@type\":\"EntryPoint\",\"urlTemplate\":\"https:\/\/spinbetter-apk.app\/cz\/?s={search_term_string}\"},\"query-input\":{\"@type\":\"PropertyValueSpecification\",\"valueRequired\":true,\"valueName\":\"search_term_string\"}}],\"inLanguage\":\"cs\"}]}<\/script>\n<!-- \/ Yoast SEO plugin. -->","yoast_head_json":{"title":"SpinBetter Deposit Lottery > Freebety a promo body ka\u017ed\u00fd t\u00fdden","description":"Prov\u00e1d\u011bjte vklady od 75 CZK v kasinu SpinBetter, z\u00edskejte vstupenky a z\u00fa\u010dastn\u011bte se t\u00fddenn\u00edho losov\u00e1n\u00ed o 750 000 CZK freebet\u016f","robots":{"index":"index","follow":"follow","max-snippet":"max-snippet:-1","max-image-preview":"max-image-preview:large","max-video-preview":"max-video-preview:-1"},"og_locale":"cs_CZ","og_type":"article","og_title":"SpinBetter Deposit Lottery > Freebety a promo body ka\u017ed\u00fd t\u00fdden","og_description":"Prov\u00e1d\u011bjte vklady od 75 CZK v kasinu SpinBetter, z\u00edskejte vstupenky a z\u00fa\u010dastn\u011bte se t\u00fddenn\u00edho losov\u00e1n\u00ed o 750 000 CZK freebet\u016f","og_url":"https:\/\/spinbetter-apk.app\/cz\/bonuses\/spinbetter-deposit-lottery\/","og_site_name":"Spinbetter APK CZ","article_modified_time":"2025-07-01T10:20:11+00:00","twitter_card":"summary_large_image","schema":{"@context":"https:\/\/schema.org","@graph":[{"@type":"WebPage","@id":"https:\/\/spinbetter-apk.app\/cz\/bonuses\/spinbetter-deposit-lottery\/","url":"https:\/\/spinbetter-apk.app\/cz\/bonuses\/spinbetter-deposit-lottery\/","name":"SpinBetter Deposit Lottery > Freebety a promo body ka\u017ed\u00fd t\u00fdden","isPartOf":{"@id":"https:\/\/spinbetter-apk.app\/cz\/#website"},"datePublished":"2025-05-28T08:24:32+00:00","dateModified":"2025-07-01T10:20:11+00:00","description":"Prov\u00e1d\u011bjte vklady od 75 CZK v kasinu SpinBetter, z\u00edskejte vstupenky a z\u00fa\u010dastn\u011bte se t\u00fddenn\u00edho losov\u00e1n\u00ed o 750 000 CZK freebet\u016f","breadcrumb":{"@id":"https:\/\/spinbetter-apk.app\/cz\/bonuses\/spinbetter-deposit-lottery\/#breadcrumb"},"inLanguage":"cs","potentialAction":[{"@type":"ReadAction","target":["https:\/\/spinbetter-apk.app\/cz\/bonuses\/spinbetter-deposit-lottery\/"]}]},{"@type":"BreadcrumbList","@id":"https:\/\/spinbetter-apk.app\/cz\/bonuses\/spinbetter-deposit-lottery\/#breadcrumb","itemListElement":[{"@type":"ListItem","position":1,"name":"Dom\u016f","item":"https:\/\/spinbetter-apk.app\/cz\/"},{"@type":"ListItem","position":2,"name":"Bonusy","item":"https:\/\/spinbetter-apk.app\/cz\/bonuses\/"},{"@type":"ListItem","position":3,"name":"SpinBetter deposit lottery"}]},{"@type":"WebSite","@id":"https:\/\/spinbetter-apk.app\/cz\/#website","url":"https:\/\/spinbetter-apk.app\/cz\/","name":"Spinbetter APK CZ","description":"spinbetterapk casino","potentialAction":[{"@type":"SearchAction","target":{"@type":"EntryPoint","urlTemplate":"https:\/\/spinbetter-apk.app\/cz\/?s={search_term_string}"},"query-input":{"@type":"PropertyValueSpecification","valueRequired":true,"valueName":"search_term_string"}}],"inLanguage":"cs"}]}},"_links":{"self":[{"href":"https:\/\/spinbetter-apk.app\/cz\/wp-json\/wp\/v2\/pages\/556","targetHints":{"allow":["GET"]}}],"collection":[{"href":"https:\/\/spinbetter-apk.app\/cz\/wp-json\/wp\/v2\/pages"}],"about":[{"href":"https:\/\/spinbetter-apk.app\/cz\/wp-json\/wp\/v2\/types\/page"}],"author":[{"embeddable":true,"href":"https:\/\/spinbetter-apk.app\/cz\/wp-json\/wp\/v2\/users\/1"}],"replies":[{"embeddable":true,"href":"https:\/\/spinbetter-apk.app\/cz\/wp-json\/wp\/v2\/comments?post=556"}],"version-history":[{"count":2,"href":"https:\/\/spinbetter-apk.app\/cz\/wp-json\/wp\/v2\/pages\/556\/revisions"}],"predecessor-version":[{"id":558,"href":"https:\/\/spinbetter-apk.app\/cz\/wp-json\/wp\/v2\/pages\/556\/revisions\/558"}],"up":[{"embeddable":true,"href":"https:\/\/spinbetter-apk.app\/cz\/wp-json\/wp\/v2\/pages\/322"}],"wp:attachment":[{"href":"https:\/\/spinbetter-apk.app\/cz\/wp-json\/wp\/v2\/media?parent=556"}],"curies":[{"name":"wp","href":"https:\/\/api.w.org\/{rel}","templated":true}]}}