{"id":553,"date":"2025-05-28T08:20:57","date_gmt":"2025-05-28T08:20:57","guid":{"rendered":"https:\/\/spinbetter-apk.app\/cz\/?page_id=553"},"modified":"2025-07-01T10:21:02","modified_gmt":"2025-07-01T10:21:02","slug":"freebet-app","status":"publish","type":"page","link":"https:\/\/spinbetter-apk.app\/cz\/bonuses\/freebet-app\/","title":{"rendered":"Freebet"},"content":{"rendered":"","protected":false},"excerpt":{"rendered":"","protected":false},"author":1,"featured_media":0,"parent":322,"menu_order":0,"comment_status":"closed","ping_status":"closed","template":"","meta":{"footnotes":""},"class_list":["post-553","page","type-page","status-publish","hentry"],"yoast_head":"<!-- This site is optimized with the Yoast SEO plugin v23.4 - https:\/\/yoast.com\/wordpress\/plugins\/seo\/ -->\n<title>Freebet a\u017e 250 CZK za s\u00e1zen\u00ed v aplikaci SpinBetter<\/title>\n<meta name=\"description\" content=\"Podejte 10 s\u00e1zek prost\u0159ednictv\u00edm kasinov\u00e9 aplikace SpinBetter a z\u00edskejte freebet a\u017e do v\u00fd\u0161e 250 CZK. Z\u00fa\u010dastn\u011bte se a vyhrajte pr\u00e1v\u011b te\u010f!\" \/>\n<meta name=\"robots\" content=\"index, follow, max-snippet:-1, max-image-preview:large, max-video-preview:-1\" \/>\n<meta property=\"og:locale\" content=\"cs_CZ\" \/>\n<meta property=\"og:type\" content=\"article\" \/>\n<meta property=\"og:title\" content=\"Freebet a\u017e 250 CZK za s\u00e1zen\u00ed v aplikaci SpinBetter\" \/>\n<meta property=\"og:description\" content=\"Podejte 10 s\u00e1zek prost\u0159ednictv\u00edm kasinov\u00e9 aplikace SpinBetter a z\u00edskejte freebet a\u017e do v\u00fd\u0161e 250 CZK. Z\u00fa\u010dastn\u011bte se a vyhrajte pr\u00e1v\u011b te\u010f!\" \/>\n<meta property=\"og:url\" content=\"https:\/\/spinbetter-apk.app\/cz\/bonuses\/freebet-app\/\" \/>\n<meta property=\"og:site_name\" content=\"Spinbetter APK CZ\" \/>\n<meta property=\"article:modified_time\" content=\"2025-07-01T10:21:02+00:00\" \/>\n<meta name=\"twitter:card\" content=\"summary_large_image\" \/>\n<script type=\"application\/ld+json\" class=\"yoast-schema-graph\">{\"@context\":\"https:\/\/schema.org\",\"@graph\":[{\"@type\":\"WebPage\",\"@id\":\"https:\/\/spinbetter-apk.app\/cz\/bonuses\/freebet-app\/\",\"url\":\"https:\/\/spinbetter-apk.app\/cz\/bonuses\/freebet-app\/\",\"name\":\"Freebet a\u017e 250 CZK za s\u00e1zen\u00ed v aplikaci SpinBetter\",\"isPartOf\":{\"@id\":\"https:\/\/spinbetter-apk.app\/cz\/#website\"},\"datePublished\":\"2025-05-28T08:20:57+00:00\",\"dateModified\":\"2025-07-01T10:21:02+00:00\",\"description\":\"Podejte 10 s\u00e1zek prost\u0159ednictv\u00edm kasinov\u00e9 aplikace SpinBetter a z\u00edskejte freebet a\u017e do v\u00fd\u0161e 250 CZK. Z\u00fa\u010dastn\u011bte se a vyhrajte pr\u00e1v\u011b te\u010f!\",\"breadcrumb\":{\"@id\":\"https:\/\/spinbetter-apk.app\/cz\/bonuses\/freebet-app\/#breadcrumb\"},\"inLanguage\":\"cs\",\"potentialAction\":[{\"@type\":\"ReadAction\",\"target\":[\"https:\/\/spinbetter-apk.app\/cz\/bonuses\/freebet-app\/\"]}]},{\"@type\":\"BreadcrumbList\",\"@id\":\"https:\/\/spinbetter-apk.app\/cz\/bonuses\/freebet-app\/#breadcrumb\",\"itemListElement\":[{\"@type\":\"ListItem\",\"position\":1,\"name\":\"Dom\u016f\",\"item\":\"https:\/\/spinbetter-apk.app\/cz\/\"},{\"@type\":\"ListItem\",\"position\":2,\"name\":\"Bonusy\",\"item\":\"https:\/\/spinbetter-apk.app\/cz\/bonuses\/\"},{\"@type\":\"ListItem\",\"position\":3,\"name\":\"Freebet\"}]},{\"@type\":\"WebSite\",\"@id\":\"https:\/\/spinbetter-apk.app\/cz\/#website\",\"url\":\"https:\/\/spinbetter-apk.app\/cz\/\",\"name\":\"Spinbetter APK CZ\",\"description\":\"spinbetterapk casino\",\"potentialAction\":[{\"@type\":\"SearchAction\",\"target\":{\"@type\":\"EntryPoint\",\"urlTemplate\":\"https:\/\/spinbetter-apk.app\/cz\/?s={search_term_string}\"},\"query-input\":{\"@type\":\"PropertyValueSpecification\",\"valueRequired\":true,\"valueName\":\"search_term_string\"}}],\"inLanguage\":\"cs\"}]}<\/script>\n<!-- \/ Yoast SEO plugin. -->","yoast_head_json":{"title":"Freebet a\u017e 250 CZK za s\u00e1zen\u00ed v aplikaci SpinBetter","description":"Podejte 10 s\u00e1zek prost\u0159ednictv\u00edm kasinov\u00e9 aplikace SpinBetter a z\u00edskejte freebet a\u017e do v\u00fd\u0161e 250 CZK. Z\u00fa\u010dastn\u011bte se a vyhrajte pr\u00e1v\u011b te\u010f!","robots":{"index":"index","follow":"follow","max-snippet":"max-snippet:-1","max-image-preview":"max-image-preview:large","max-video-preview":"max-video-preview:-1"},"og_locale":"cs_CZ","og_type":"article","og_title":"Freebet a\u017e 250 CZK za s\u00e1zen\u00ed v aplikaci SpinBetter","og_description":"Podejte 10 s\u00e1zek prost\u0159ednictv\u00edm kasinov\u00e9 aplikace SpinBetter a z\u00edskejte freebet a\u017e do v\u00fd\u0161e 250 CZK. Z\u00fa\u010dastn\u011bte se a vyhrajte pr\u00e1v\u011b te\u010f!","og_url":"https:\/\/spinbetter-apk.app\/cz\/bonuses\/freebet-app\/","og_site_name":"Spinbetter APK CZ","article_modified_time":"2025-07-01T10:21:02+00:00","twitter_card":"summary_large_image","schema":{"@context":"https:\/\/schema.org","@graph":[{"@type":"WebPage","@id":"https:\/\/spinbetter-apk.app\/cz\/bonuses\/freebet-app\/","url":"https:\/\/spinbetter-apk.app\/cz\/bonuses\/freebet-app\/","name":"Freebet a\u017e 250 CZK za s\u00e1zen\u00ed v aplikaci SpinBetter","isPartOf":{"@id":"https:\/\/spinbetter-apk.app\/cz\/#website"},"datePublished":"2025-05-28T08:20:57+00:00","dateModified":"2025-07-01T10:21:02+00:00","description":"Podejte 10 s\u00e1zek prost\u0159ednictv\u00edm kasinov\u00e9 aplikace SpinBetter a z\u00edskejte freebet a\u017e do v\u00fd\u0161e 250 CZK. Z\u00fa\u010dastn\u011bte se a vyhrajte pr\u00e1v\u011b te\u010f!","breadcrumb":{"@id":"https:\/\/spinbetter-apk.app\/cz\/bonuses\/freebet-app\/#breadcrumb"},"inLanguage":"cs","potentialAction":[{"@type":"ReadAction","target":["https:\/\/spinbetter-apk.app\/cz\/bonuses\/freebet-app\/"]}]},{"@type":"BreadcrumbList","@id":"https:\/\/spinbetter-apk.app\/cz\/bonuses\/freebet-app\/#breadcrumb","itemListElement":[{"@type":"ListItem","position":1,"name":"Dom\u016f","item":"https:\/\/spinbetter-apk.app\/cz\/"},{"@type":"ListItem","position":2,"name":"Bonusy","item":"https:\/\/spinbetter-apk.app\/cz\/bonuses\/"},{"@type":"ListItem","position":3,"name":"Freebet"}]},{"@type":"WebSite","@id":"https:\/\/spinbetter-apk.app\/cz\/#website","url":"https:\/\/spinbetter-apk.app\/cz\/","name":"Spinbetter APK CZ","description":"spinbetterapk casino","potentialAction":[{"@type":"SearchAction","target":{"@type":"EntryPoint","urlTemplate":"https:\/\/spinbetter-apk.app\/cz\/?s={search_term_string}"},"query-input":{"@type":"PropertyValueSpecification","valueRequired":true,"valueName":"search_term_string"}}],"inLanguage":"cs"}]}},"_links":{"self":[{"href":"https:\/\/spinbetter-apk.app\/cz\/wp-json\/wp\/v2\/pages\/553","targetHints":{"allow":["GET"]}}],"collection":[{"href":"https:\/\/spinbetter-apk.app\/cz\/wp-json\/wp\/v2\/pages"}],"about":[{"href":"https:\/\/spinbetter-apk.app\/cz\/wp-json\/wp\/v2\/types\/page"}],"author":[{"embeddable":true,"href":"https:\/\/spinbetter-apk.app\/cz\/wp-json\/wp\/v2\/users\/1"}],"replies":[{"embeddable":true,"href":"https:\/\/spinbetter-apk.app\/cz\/wp-json\/wp\/v2\/comments?post=553"}],"version-history":[{"count":2,"href":"https:\/\/spinbetter-apk.app\/cz\/wp-json\/wp\/v2\/pages\/553\/revisions"}],"predecessor-version":[{"id":555,"href":"https:\/\/spinbetter-apk.app\/cz\/wp-json\/wp\/v2\/pages\/553\/revisions\/555"}],"up":[{"embeddable":true,"href":"https:\/\/spinbetter-apk.app\/cz\/wp-json\/wp\/v2\/pages\/322"}],"wp:attachment":[{"href":"https:\/\/spinbetter-apk.app\/cz\/wp-json\/wp\/v2\/media?parent=553"}],"curies":[{"name":"wp","href":"https:\/\/api.w.org\/{rel}","templated":true}]}}