{"id":544,"date":"2025-05-28T07:57:54","date_gmt":"2025-05-28T07:57:54","guid":{"rendered":"https:\/\/spinbetter-apk.app\/cz\/?page_id=544"},"modified":"2025-07-01T10:32:50","modified_gmt":"2025-07-01T10:32:50","slug":"advance-bet","status":"publish","type":"page","link":"https:\/\/spinbetter-apk.app\/cz\/bonuses\/advance-bet\/","title":{"rendered":"S\u00e1zka p\u0159edem"},"content":{"rendered":"","protected":false},"excerpt":{"rendered":"","protected":false},"author":1,"featured_media":0,"parent":322,"menu_order":0,"comment_status":"closed","ping_status":"closed","template":"","meta":{"footnotes":""},"class_list":["post-544","page","type-page","status-publish","hentry"],"yoast_head":"<!-- This site is optimized with the Yoast SEO plugin v23.4 - https:\/\/yoast.com\/wordpress\/plugins\/seo\/ -->\n<title>S\u00e1zen\u00ed p\u0159edem &gt; S\u00e1zen\u00ed i bez z\u016fstatku<\/title>\n<meta name=\"description\" content=\"M\u00e1te nevypo\u010d\u00edtan\u00e9 s\u00e1zky? SpinBetter nab\u00edz\u00ed s\u00e1zen\u00ed p\u0159edem! S\u00e1zejte na \u017eiv\u00e9 a nadch\u00e1zej\u00edc\u00ed ud\u00e1losti bez \u010dek\u00e1n\u00ed na vklad.\" \/>\n<meta name=\"robots\" content=\"index, follow, max-snippet:-1, max-image-preview:large, max-video-preview:-1\" \/>\n<meta property=\"og:locale\" content=\"cs_CZ\" \/>\n<meta property=\"og:type\" content=\"article\" \/>\n<meta property=\"og:title\" content=\"S\u00e1zen\u00ed p\u0159edem &gt; S\u00e1zen\u00ed i bez z\u016fstatku\" \/>\n<meta property=\"og:description\" content=\"M\u00e1te nevypo\u010d\u00edtan\u00e9 s\u00e1zky? SpinBetter nab\u00edz\u00ed s\u00e1zen\u00ed p\u0159edem! S\u00e1zejte na \u017eiv\u00e9 a nadch\u00e1zej\u00edc\u00ed ud\u00e1losti bez \u010dek\u00e1n\u00ed na vklad.\" \/>\n<meta property=\"og:url\" content=\"https:\/\/spinbetter-apk.app\/cz\/bonuses\/advance-bet\/\" \/>\n<meta property=\"og:site_name\" content=\"Spinbetter APK CZ\" \/>\n<meta property=\"article:modified_time\" content=\"2025-07-01T10:32:50+00:00\" \/>\n<meta name=\"twitter:card\" content=\"summary_large_image\" \/>\n<script type=\"application\/ld+json\" class=\"yoast-schema-graph\">{\"@context\":\"https:\/\/schema.org\",\"@graph\":[{\"@type\":\"WebPage\",\"@id\":\"https:\/\/spinbetter-apk.app\/cz\/bonuses\/advance-bet\/\",\"url\":\"https:\/\/spinbetter-apk.app\/cz\/bonuses\/advance-bet\/\",\"name\":\"S\u00e1zen\u00ed p\u0159edem > S\u00e1zen\u00ed i bez z\u016fstatku\",\"isPartOf\":{\"@id\":\"https:\/\/spinbetter-apk.app\/cz\/#website\"},\"datePublished\":\"2025-05-28T07:57:54+00:00\",\"dateModified\":\"2025-07-01T10:32:50+00:00\",\"description\":\"M\u00e1te nevypo\u010d\u00edtan\u00e9 s\u00e1zky? SpinBetter nab\u00edz\u00ed s\u00e1zen\u00ed p\u0159edem! S\u00e1zejte na \u017eiv\u00e9 a nadch\u00e1zej\u00edc\u00ed ud\u00e1losti bez \u010dek\u00e1n\u00ed na vklad.\",\"breadcrumb\":{\"@id\":\"https:\/\/spinbetter-apk.app\/cz\/bonuses\/advance-bet\/#breadcrumb\"},\"inLanguage\":\"cs\",\"potentialAction\":[{\"@type\":\"ReadAction\",\"target\":[\"https:\/\/spinbetter-apk.app\/cz\/bonuses\/advance-bet\/\"]}]},{\"@type\":\"BreadcrumbList\",\"@id\":\"https:\/\/spinbetter-apk.app\/cz\/bonuses\/advance-bet\/#breadcrumb\",\"itemListElement\":[{\"@type\":\"ListItem\",\"position\":1,\"name\":\"Dom\u016f\",\"item\":\"https:\/\/spinbetter-apk.app\/cz\/\"},{\"@type\":\"ListItem\",\"position\":2,\"name\":\"Bonusy\",\"item\":\"https:\/\/spinbetter-apk.app\/cz\/bonuses\/\"},{\"@type\":\"ListItem\",\"position\":3,\"name\":\"S\u00e1zka p\u0159edem\"}]},{\"@type\":\"WebSite\",\"@id\":\"https:\/\/spinbetter-apk.app\/cz\/#website\",\"url\":\"https:\/\/spinbetter-apk.app\/cz\/\",\"name\":\"Spinbetter APK CZ\",\"description\":\"spinbetterapk casino\",\"potentialAction\":[{\"@type\":\"SearchAction\",\"target\":{\"@type\":\"EntryPoint\",\"urlTemplate\":\"https:\/\/spinbetter-apk.app\/cz\/?s={search_term_string}\"},\"query-input\":{\"@type\":\"PropertyValueSpecification\",\"valueRequired\":true,\"valueName\":\"search_term_string\"}}],\"inLanguage\":\"cs\"}]}<\/script>\n<!-- \/ Yoast SEO plugin. -->","yoast_head_json":{"title":"S\u00e1zen\u00ed p\u0159edem > S\u00e1zen\u00ed i bez z\u016fstatku","description":"M\u00e1te nevypo\u010d\u00edtan\u00e9 s\u00e1zky? SpinBetter nab\u00edz\u00ed s\u00e1zen\u00ed p\u0159edem! S\u00e1zejte na \u017eiv\u00e9 a nadch\u00e1zej\u00edc\u00ed ud\u00e1losti bez \u010dek\u00e1n\u00ed na vklad.","robots":{"index":"index","follow":"follow","max-snippet":"max-snippet:-1","max-image-preview":"max-image-preview:large","max-video-preview":"max-video-preview:-1"},"og_locale":"cs_CZ","og_type":"article","og_title":"S\u00e1zen\u00ed p\u0159edem > S\u00e1zen\u00ed i bez z\u016fstatku","og_description":"M\u00e1te nevypo\u010d\u00edtan\u00e9 s\u00e1zky? SpinBetter nab\u00edz\u00ed s\u00e1zen\u00ed p\u0159edem! S\u00e1zejte na \u017eiv\u00e9 a nadch\u00e1zej\u00edc\u00ed ud\u00e1losti bez \u010dek\u00e1n\u00ed na vklad.","og_url":"https:\/\/spinbetter-apk.app\/cz\/bonuses\/advance-bet\/","og_site_name":"Spinbetter APK CZ","article_modified_time":"2025-07-01T10:32:50+00:00","twitter_card":"summary_large_image","schema":{"@context":"https:\/\/schema.org","@graph":[{"@type":"WebPage","@id":"https:\/\/spinbetter-apk.app\/cz\/bonuses\/advance-bet\/","url":"https:\/\/spinbetter-apk.app\/cz\/bonuses\/advance-bet\/","name":"S\u00e1zen\u00ed p\u0159edem > S\u00e1zen\u00ed i bez z\u016fstatku","isPartOf":{"@id":"https:\/\/spinbetter-apk.app\/cz\/#website"},"datePublished":"2025-05-28T07:57:54+00:00","dateModified":"2025-07-01T10:32:50+00:00","description":"M\u00e1te nevypo\u010d\u00edtan\u00e9 s\u00e1zky? SpinBetter nab\u00edz\u00ed s\u00e1zen\u00ed p\u0159edem! S\u00e1zejte na \u017eiv\u00e9 a nadch\u00e1zej\u00edc\u00ed ud\u00e1losti bez \u010dek\u00e1n\u00ed na vklad.","breadcrumb":{"@id":"https:\/\/spinbetter-apk.app\/cz\/bonuses\/advance-bet\/#breadcrumb"},"inLanguage":"cs","potentialAction":[{"@type":"ReadAction","target":["https:\/\/spinbetter-apk.app\/cz\/bonuses\/advance-bet\/"]}]},{"@type":"BreadcrumbList","@id":"https:\/\/spinbetter-apk.app\/cz\/bonuses\/advance-bet\/#breadcrumb","itemListElement":[{"@type":"ListItem","position":1,"name":"Dom\u016f","item":"https:\/\/spinbetter-apk.app\/cz\/"},{"@type":"ListItem","position":2,"name":"Bonusy","item":"https:\/\/spinbetter-apk.app\/cz\/bonuses\/"},{"@type":"ListItem","position":3,"name":"S\u00e1zka p\u0159edem"}]},{"@type":"WebSite","@id":"https:\/\/spinbetter-apk.app\/cz\/#website","url":"https:\/\/spinbetter-apk.app\/cz\/","name":"Spinbetter APK CZ","description":"spinbetterapk casino","potentialAction":[{"@type":"SearchAction","target":{"@type":"EntryPoint","urlTemplate":"https:\/\/spinbetter-apk.app\/cz\/?s={search_term_string}"},"query-input":{"@type":"PropertyValueSpecification","valueRequired":true,"valueName":"search_term_string"}}],"inLanguage":"cs"}]}},"_links":{"self":[{"href":"https:\/\/spinbetter-apk.app\/cz\/wp-json\/wp\/v2\/pages\/544","targetHints":{"allow":["GET"]}}],"collection":[{"href":"https:\/\/spinbetter-apk.app\/cz\/wp-json\/wp\/v2\/pages"}],"about":[{"href":"https:\/\/spinbetter-apk.app\/cz\/wp-json\/wp\/v2\/types\/page"}],"author":[{"embeddable":true,"href":"https:\/\/spinbetter-apk.app\/cz\/wp-json\/wp\/v2\/users\/1"}],"replies":[{"embeddable":true,"href":"https:\/\/spinbetter-apk.app\/cz\/wp-json\/wp\/v2\/comments?post=544"}],"version-history":[{"count":2,"href":"https:\/\/spinbetter-apk.app\/cz\/wp-json\/wp\/v2\/pages\/544\/revisions"}],"predecessor-version":[{"id":546,"href":"https:\/\/spinbetter-apk.app\/cz\/wp-json\/wp\/v2\/pages\/544\/revisions\/546"}],"up":[{"embeddable":true,"href":"https:\/\/spinbetter-apk.app\/cz\/wp-json\/wp\/v2\/pages\/322"}],"wp:attachment":[{"href":"https:\/\/spinbetter-apk.app\/cz\/wp-json\/wp\/v2\/media?parent=544"}],"curies":[{"name":"wp","href":"https:\/\/api.w.org\/{rel}","templated":true}]}}