{"id":322,"date":"2024-11-11T06:50:59","date_gmt":"2024-11-11T06:50:59","guid":{"rendered":"https:\/\/spinbetter-apk.app\/cz\/?page_id=322"},"modified":"2025-07-30T10:50:01","modified_gmt":"2025-07-30T10:50:01","slug":"bonuses","status":"publish","type":"page","link":"https:\/\/spinbetter-apk.app\/cz\/bonuses\/","title":{"rendered":"Bonusy"},"content":{"rendered":"","protected":false},"excerpt":{"rendered":"","protected":false},"author":1,"featured_media":0,"parent":0,"menu_order":0,"comment_status":"closed","ping_status":"closed","template":"","meta":{"footnotes":""},"class_list":["post-322","page","type-page","status-publish","hentry"],"yoast_head":"<!-- This site is optimized with the Yoast SEO plugin v23.4 - https:\/\/yoast.com\/wordpress\/plugins\/seo\/ -->\n<title>Bonusy SpinBetter \u010cesko &gt; Kompletn\u00ed recenze a tipy na pou\u017eit\u00ed<\/title>\n<meta name=\"description\" content=\"V tomto \u010dl\u00e1nku se dozv\u00edte v\u0161e o bonusech SpinBetter \u010cesko! Tipy, jak aktivovat bonus SpinBetter, podm\u00ednky s\u00e1zen\u00ed.\" \/>\n<meta name=\"robots\" content=\"index, follow, max-snippet:-1, max-image-preview:large, max-video-preview:-1\" \/>\n<meta property=\"og:locale\" content=\"cs_CZ\" \/>\n<meta property=\"og:type\" content=\"article\" \/>\n<meta property=\"og:title\" content=\"Bonusy SpinBetter \u010cesko &gt; Kompletn\u00ed recenze a tipy na pou\u017eit\u00ed\" \/>\n<meta property=\"og:description\" content=\"V tomto \u010dl\u00e1nku se dozv\u00edte v\u0161e o bonusech SpinBetter \u010cesko! Tipy, jak aktivovat bonus SpinBetter, podm\u00ednky s\u00e1zen\u00ed.\" \/>\n<meta property=\"og:url\" content=\"https:\/\/spinbetter-apk.app\/cz\/bonuses\/\" \/>\n<meta property=\"og:site_name\" content=\"Spinbetter APK CZ\" \/>\n<meta property=\"article:modified_time\" content=\"2025-07-30T10:50:01+00:00\" \/>\n<meta name=\"twitter:card\" content=\"summary_large_image\" \/>\n<script type=\"application\/ld+json\" class=\"yoast-schema-graph\">{\"@context\":\"https:\/\/schema.org\",\"@graph\":[{\"@type\":\"WebPage\",\"@id\":\"https:\/\/spinbetter-apk.app\/cz\/bonuses\/\",\"url\":\"https:\/\/spinbetter-apk.app\/cz\/bonuses\/\",\"name\":\"Bonusy SpinBetter \u010cesko > Kompletn\u00ed recenze a tipy na pou\u017eit\u00ed\",\"isPartOf\":{\"@id\":\"https:\/\/spinbetter-apk.app\/cz\/#website\"},\"datePublished\":\"2024-11-11T06:50:59+00:00\",\"dateModified\":\"2025-07-30T10:50:01+00:00\",\"description\":\"V tomto \u010dl\u00e1nku se dozv\u00edte v\u0161e o bonusech SpinBetter \u010cesko! Tipy, jak aktivovat bonus SpinBetter, podm\u00ednky s\u00e1zen\u00ed.\",\"breadcrumb\":{\"@id\":\"https:\/\/spinbetter-apk.app\/cz\/bonuses\/#breadcrumb\"},\"inLanguage\":\"cs\",\"potentialAction\":[{\"@type\":\"ReadAction\",\"target\":[\"https:\/\/spinbetter-apk.app\/cz\/bonuses\/\"]}]},{\"@type\":\"BreadcrumbList\",\"@id\":\"https:\/\/spinbetter-apk.app\/cz\/bonuses\/#breadcrumb\",\"itemListElement\":[{\"@type\":\"ListItem\",\"position\":1,\"name\":\"Dom\u016f\",\"item\":\"https:\/\/spinbetter-apk.app\/cz\/\"},{\"@type\":\"ListItem\",\"position\":2,\"name\":\"Bonusy\"}]},{\"@type\":\"WebSite\",\"@id\":\"https:\/\/spinbetter-apk.app\/cz\/#website\",\"url\":\"https:\/\/spinbetter-apk.app\/cz\/\",\"name\":\"Spinbetter APK CZ\",\"description\":\"spinbetterapk casino\",\"potentialAction\":[{\"@type\":\"SearchAction\",\"target\":{\"@type\":\"EntryPoint\",\"urlTemplate\":\"https:\/\/spinbetter-apk.app\/cz\/?s={search_term_string}\"},\"query-input\":{\"@type\":\"PropertyValueSpecification\",\"valueRequired\":true,\"valueName\":\"search_term_string\"}}],\"inLanguage\":\"cs\"}]}<\/script>\n<!-- \/ Yoast SEO plugin. -->","yoast_head_json":{"title":"Bonusy SpinBetter \u010cesko > Kompletn\u00ed recenze a tipy na pou\u017eit\u00ed","description":"V tomto \u010dl\u00e1nku se dozv\u00edte v\u0161e o bonusech SpinBetter \u010cesko! Tipy, jak aktivovat bonus SpinBetter, podm\u00ednky s\u00e1zen\u00ed.","robots":{"index":"index","follow":"follow","max-snippet":"max-snippet:-1","max-image-preview":"max-image-preview:large","max-video-preview":"max-video-preview:-1"},"og_locale":"cs_CZ","og_type":"article","og_title":"Bonusy SpinBetter \u010cesko > Kompletn\u00ed recenze a tipy na pou\u017eit\u00ed","og_description":"V tomto \u010dl\u00e1nku se dozv\u00edte v\u0161e o bonusech SpinBetter \u010cesko! Tipy, jak aktivovat bonus SpinBetter, podm\u00ednky s\u00e1zen\u00ed.","og_url":"https:\/\/spinbetter-apk.app\/cz\/bonuses\/","og_site_name":"Spinbetter APK CZ","article_modified_time":"2025-07-30T10:50:01+00:00","twitter_card":"summary_large_image","schema":{"@context":"https:\/\/schema.org","@graph":[{"@type":"WebPage","@id":"https:\/\/spinbetter-apk.app\/cz\/bonuses\/","url":"https:\/\/spinbetter-apk.app\/cz\/bonuses\/","name":"Bonusy SpinBetter \u010cesko > Kompletn\u00ed recenze a tipy na pou\u017eit\u00ed","isPartOf":{"@id":"https:\/\/spinbetter-apk.app\/cz\/#website"},"datePublished":"2024-11-11T06:50:59+00:00","dateModified":"2025-07-30T10:50:01+00:00","description":"V tomto \u010dl\u00e1nku se dozv\u00edte v\u0161e o bonusech SpinBetter \u010cesko! Tipy, jak aktivovat bonus SpinBetter, podm\u00ednky s\u00e1zen\u00ed.","breadcrumb":{"@id":"https:\/\/spinbetter-apk.app\/cz\/bonuses\/#breadcrumb"},"inLanguage":"cs","potentialAction":[{"@type":"ReadAction","target":["https:\/\/spinbetter-apk.app\/cz\/bonuses\/"]}]},{"@type":"BreadcrumbList","@id":"https:\/\/spinbetter-apk.app\/cz\/bonuses\/#breadcrumb","itemListElement":[{"@type":"ListItem","position":1,"name":"Dom\u016f","item":"https:\/\/spinbetter-apk.app\/cz\/"},{"@type":"ListItem","position":2,"name":"Bonusy"}]},{"@type":"WebSite","@id":"https:\/\/spinbetter-apk.app\/cz\/#website","url":"https:\/\/spinbetter-apk.app\/cz\/","name":"Spinbetter APK CZ","description":"spinbetterapk casino","potentialAction":[{"@type":"SearchAction","target":{"@type":"EntryPoint","urlTemplate":"https:\/\/spinbetter-apk.app\/cz\/?s={search_term_string}"},"query-input":{"@type":"PropertyValueSpecification","valueRequired":true,"valueName":"search_term_string"}}],"inLanguage":"cs"}]}},"_links":{"self":[{"href":"https:\/\/spinbetter-apk.app\/cz\/wp-json\/wp\/v2\/pages\/322","targetHints":{"allow":["GET"]}}],"collection":[{"href":"https:\/\/spinbetter-apk.app\/cz\/wp-json\/wp\/v2\/pages"}],"about":[{"href":"https:\/\/spinbetter-apk.app\/cz\/wp-json\/wp\/v2\/types\/page"}],"author":[{"embeddable":true,"href":"https:\/\/spinbetter-apk.app\/cz\/wp-json\/wp\/v2\/users\/1"}],"replies":[{"embeddable":true,"href":"https:\/\/spinbetter-apk.app\/cz\/wp-json\/wp\/v2\/comments?post=322"}],"version-history":[{"count":21,"href":"https:\/\/spinbetter-apk.app\/cz\/wp-json\/wp\/v2\/pages\/322\/revisions"}],"predecessor-version":[{"id":578,"href":"https:\/\/spinbetter-apk.app\/cz\/wp-json\/wp\/v2\/pages\/322\/revisions\/578"}],"wp:attachment":[{"href":"https:\/\/spinbetter-apk.app\/cz\/wp-json\/wp\/v2\/media?parent=322"}],"curies":[{"name":"wp","href":"https:\/\/api.w.org\/{rel}","templated":true}]}}