{"id":316,"date":"2024-11-11T06:14:36","date_gmt":"2024-11-11T06:14:36","guid":{"rendered":"https:\/\/spinbetter-apk.app\/cz\/?page_id=316"},"modified":"2024-12-03T19:51:52","modified_gmt":"2024-12-03T19:51:52","slug":"mirror","status":"publish","type":"page","link":"https:\/\/spinbetter-apk.app\/cz\/mirror\/","title":{"rendered":"Zrcadlo"},"content":{"rendered":"","protected":false},"excerpt":{"rendered":"","protected":false},"author":1,"featured_media":0,"parent":0,"menu_order":0,"comment_status":"closed","ping_status":"closed","template":"","meta":{"footnotes":""},"class_list":["post-316","page","type-page","status-publish","hentry"],"yoast_head":"<!-- This site is optimized with the Yoast SEO plugin v23.4 - https:\/\/yoast.com\/wordpress\/plugins\/seo\/ -->\n<title>SpinBetter \u010cesko Mirror &gt; obch\u00e1zen\u00ed blokov\u00e1n\u00ed, bezpe\u010dn\u00fd p\u0159\u00edstup<\/title>\n<meta name=\"description\" content=\"Zjist\u011bte, co jsou zrcadla SpinBetter \u010cesko. Jak funguj\u00ed a poskytuj\u00ed p\u0159\u00edstup ke hr\u00e1m? Podrobn\u00fd pr\u016fvodce zrcadly kasin SpinBetter.\" \/>\n<meta name=\"robots\" content=\"index, follow, max-snippet:-1, max-image-preview:large, max-video-preview:-1\" \/>\n<meta property=\"og:locale\" content=\"cs_CZ\" \/>\n<meta property=\"og:type\" content=\"article\" \/>\n<meta property=\"og:title\" content=\"SpinBetter \u010cesko Mirror &gt; obch\u00e1zen\u00ed blokov\u00e1n\u00ed, bezpe\u010dn\u00fd p\u0159\u00edstup\" \/>\n<meta property=\"og:description\" content=\"Zjist\u011bte, co jsou zrcadla SpinBetter \u010cesko. Jak funguj\u00ed a poskytuj\u00ed p\u0159\u00edstup ke hr\u00e1m? Podrobn\u00fd pr\u016fvodce zrcadly kasin SpinBetter.\" \/>\n<meta property=\"og:url\" content=\"https:\/\/spinbetter-apk.app\/cz\/mirror\/\" \/>\n<meta property=\"og:site_name\" content=\"Spinbetter APK CZ\" \/>\n<meta property=\"article:modified_time\" content=\"2024-12-03T19:51:52+00:00\" \/>\n<meta name=\"twitter:card\" content=\"summary_large_image\" \/>\n<script type=\"application\/ld+json\" class=\"yoast-schema-graph\">{\"@context\":\"https:\/\/schema.org\",\"@graph\":[{\"@type\":\"WebPage\",\"@id\":\"https:\/\/spinbetter-apk.app\/cz\/mirror\/\",\"url\":\"https:\/\/spinbetter-apk.app\/cz\/mirror\/\",\"name\":\"SpinBetter \u010cesko Mirror > obch\u00e1zen\u00ed blokov\u00e1n\u00ed, bezpe\u010dn\u00fd p\u0159\u00edstup\",\"isPartOf\":{\"@id\":\"https:\/\/spinbetter-apk.app\/cz\/#website\"},\"datePublished\":\"2024-11-11T06:14:36+00:00\",\"dateModified\":\"2024-12-03T19:51:52+00:00\",\"description\":\"Zjist\u011bte, co jsou zrcadla SpinBetter \u010cesko. Jak funguj\u00ed a poskytuj\u00ed p\u0159\u00edstup ke hr\u00e1m? Podrobn\u00fd pr\u016fvodce zrcadly kasin SpinBetter.\",\"breadcrumb\":{\"@id\":\"https:\/\/spinbetter-apk.app\/cz\/mirror\/#breadcrumb\"},\"inLanguage\":\"cs\",\"potentialAction\":[{\"@type\":\"ReadAction\",\"target\":[\"https:\/\/spinbetter-apk.app\/cz\/mirror\/\"]}]},{\"@type\":\"BreadcrumbList\",\"@id\":\"https:\/\/spinbetter-apk.app\/cz\/mirror\/#breadcrumb\",\"itemListElement\":[{\"@type\":\"ListItem\",\"position\":1,\"name\":\"Dom\u016f\",\"item\":\"https:\/\/spinbetter-apk.app\/cz\/\"},{\"@type\":\"ListItem\",\"position\":2,\"name\":\"Zrcadlo\"}]},{\"@type\":\"WebSite\",\"@id\":\"https:\/\/spinbetter-apk.app\/cz\/#website\",\"url\":\"https:\/\/spinbetter-apk.app\/cz\/\",\"name\":\"Spinbetter APK CZ\",\"description\":\"spinbetterapk casino\",\"potentialAction\":[{\"@type\":\"SearchAction\",\"target\":{\"@type\":\"EntryPoint\",\"urlTemplate\":\"https:\/\/spinbetter-apk.app\/cz\/?s={search_term_string}\"},\"query-input\":{\"@type\":\"PropertyValueSpecification\",\"valueRequired\":true,\"valueName\":\"search_term_string\"}}],\"inLanguage\":\"cs\"}]}<\/script>\n<!-- \/ Yoast SEO plugin. -->","yoast_head_json":{"title":"SpinBetter \u010cesko Mirror > obch\u00e1zen\u00ed blokov\u00e1n\u00ed, bezpe\u010dn\u00fd p\u0159\u00edstup","description":"Zjist\u011bte, co jsou zrcadla SpinBetter \u010cesko. Jak funguj\u00ed a poskytuj\u00ed p\u0159\u00edstup ke hr\u00e1m? Podrobn\u00fd pr\u016fvodce zrcadly kasin SpinBetter.","robots":{"index":"index","follow":"follow","max-snippet":"max-snippet:-1","max-image-preview":"max-image-preview:large","max-video-preview":"max-video-preview:-1"},"og_locale":"cs_CZ","og_type":"article","og_title":"SpinBetter \u010cesko Mirror > obch\u00e1zen\u00ed blokov\u00e1n\u00ed, bezpe\u010dn\u00fd p\u0159\u00edstup","og_description":"Zjist\u011bte, co jsou zrcadla SpinBetter \u010cesko. Jak funguj\u00ed a poskytuj\u00ed p\u0159\u00edstup ke hr\u00e1m? Podrobn\u00fd pr\u016fvodce zrcadly kasin SpinBetter.","og_url":"https:\/\/spinbetter-apk.app\/cz\/mirror\/","og_site_name":"Spinbetter APK CZ","article_modified_time":"2024-12-03T19:51:52+00:00","twitter_card":"summary_large_image","schema":{"@context":"https:\/\/schema.org","@graph":[{"@type":"WebPage","@id":"https:\/\/spinbetter-apk.app\/cz\/mirror\/","url":"https:\/\/spinbetter-apk.app\/cz\/mirror\/","name":"SpinBetter \u010cesko Mirror > obch\u00e1zen\u00ed blokov\u00e1n\u00ed, bezpe\u010dn\u00fd p\u0159\u00edstup","isPartOf":{"@id":"https:\/\/spinbetter-apk.app\/cz\/#website"},"datePublished":"2024-11-11T06:14:36+00:00","dateModified":"2024-12-03T19:51:52+00:00","description":"Zjist\u011bte, co jsou zrcadla SpinBetter \u010cesko. Jak funguj\u00ed a poskytuj\u00ed p\u0159\u00edstup ke hr\u00e1m? Podrobn\u00fd pr\u016fvodce zrcadly kasin SpinBetter.","breadcrumb":{"@id":"https:\/\/spinbetter-apk.app\/cz\/mirror\/#breadcrumb"},"inLanguage":"cs","potentialAction":[{"@type":"ReadAction","target":["https:\/\/spinbetter-apk.app\/cz\/mirror\/"]}]},{"@type":"BreadcrumbList","@id":"https:\/\/spinbetter-apk.app\/cz\/mirror\/#breadcrumb","itemListElement":[{"@type":"ListItem","position":1,"name":"Dom\u016f","item":"https:\/\/spinbetter-apk.app\/cz\/"},{"@type":"ListItem","position":2,"name":"Zrcadlo"}]},{"@type":"WebSite","@id":"https:\/\/spinbetter-apk.app\/cz\/#website","url":"https:\/\/spinbetter-apk.app\/cz\/","name":"Spinbetter APK CZ","description":"spinbetterapk casino","potentialAction":[{"@type":"SearchAction","target":{"@type":"EntryPoint","urlTemplate":"https:\/\/spinbetter-apk.app\/cz\/?s={search_term_string}"},"query-input":{"@type":"PropertyValueSpecification","valueRequired":true,"valueName":"search_term_string"}}],"inLanguage":"cs"}]}},"_links":{"self":[{"href":"https:\/\/spinbetter-apk.app\/cz\/wp-json\/wp\/v2\/pages\/316","targetHints":{"allow":["GET"]}}],"collection":[{"href":"https:\/\/spinbetter-apk.app\/cz\/wp-json\/wp\/v2\/pages"}],"about":[{"href":"https:\/\/spinbetter-apk.app\/cz\/wp-json\/wp\/v2\/types\/page"}],"author":[{"embeddable":true,"href":"https:\/\/spinbetter-apk.app\/cz\/wp-json\/wp\/v2\/users\/1"}],"replies":[{"embeddable":true,"href":"https:\/\/spinbetter-apk.app\/cz\/wp-json\/wp\/v2\/comments?post=316"}],"version-history":[{"count":24,"href":"https:\/\/spinbetter-apk.app\/cz\/wp-json\/wp\/v2\/pages\/316\/revisions"}],"predecessor-version":[{"id":523,"href":"https:\/\/spinbetter-apk.app\/cz\/wp-json\/wp\/v2\/pages\/316\/revisions\/523"}],"wp:attachment":[{"href":"https:\/\/spinbetter-apk.app\/cz\/wp-json\/wp\/v2\/media?parent=316"}],"curies":[{"name":"wp","href":"https:\/\/api.w.org\/{rel}","templated":true}]}}