{"id":280,"date":"2024-11-08T13:51:48","date_gmt":"2024-11-08T13:51:48","guid":{"rendered":"https:\/\/spinbetter-apk.app\/cz\/?page_id=280"},"modified":"2024-12-03T20:00:58","modified_gmt":"2024-12-03T20:00:58","slug":"registration","status":"publish","type":"page","link":"https:\/\/spinbetter-apk.app\/cz\/registration\/","title":{"rendered":"Registrace"},"content":{"rendered":"","protected":false},"excerpt":{"rendered":"","protected":false},"author":1,"featured_media":0,"parent":0,"menu_order":0,"comment_status":"closed","ping_status":"closed","template":"","meta":{"footnotes":""},"class_list":["post-280","page","type-page","status-publish","hentry"],"yoast_head":"<!-- This site is optimized with the Yoast SEO plugin v23.4 - https:\/\/yoast.com\/wordpress\/plugins\/seo\/ -->\n<title>Registrace SpinBetter \u010cesko &gt; pr\u016fvodce krok za krokem a tipy<\/title>\n<meta name=\"description\" content=\"Zjist\u011bte, jak snadn\u00e9 je dokon\u010dit registraci SpinBetter \u010cesko. Kompletn\u00ed pr\u016fvodce a bezpe\u010dnostn\u00ed tipy pro registraci SpinBetter.\" \/>\n<meta name=\"robots\" content=\"index, follow, max-snippet:-1, max-image-preview:large, max-video-preview:-1\" \/>\n<meta property=\"og:locale\" content=\"cs_CZ\" \/>\n<meta property=\"og:type\" content=\"article\" \/>\n<meta property=\"og:title\" content=\"Registrace SpinBetter \u010cesko &gt; pr\u016fvodce krok za krokem a tipy\" \/>\n<meta property=\"og:description\" content=\"Zjist\u011bte, jak snadn\u00e9 je dokon\u010dit registraci SpinBetter \u010cesko. Kompletn\u00ed pr\u016fvodce a bezpe\u010dnostn\u00ed tipy pro registraci SpinBetter.\" \/>\n<meta property=\"og:url\" content=\"https:\/\/spinbetter-apk.app\/cz\/registration\/\" \/>\n<meta property=\"og:site_name\" content=\"Spinbetter APK CZ\" \/>\n<meta property=\"article:modified_time\" content=\"2024-12-03T20:00:58+00:00\" \/>\n<meta name=\"twitter:card\" content=\"summary_large_image\" \/>\n<script type=\"application\/ld+json\" class=\"yoast-schema-graph\">{\"@context\":\"https:\/\/schema.org\",\"@graph\":[{\"@type\":\"WebPage\",\"@id\":\"https:\/\/spinbetter-apk.app\/cz\/registration\/\",\"url\":\"https:\/\/spinbetter-apk.app\/cz\/registration\/\",\"name\":\"Registrace SpinBetter \u010cesko > pr\u016fvodce krok za krokem a tipy\",\"isPartOf\":{\"@id\":\"https:\/\/spinbetter-apk.app\/cz\/#website\"},\"datePublished\":\"2024-11-08T13:51:48+00:00\",\"dateModified\":\"2024-12-03T20:00:58+00:00\",\"description\":\"Zjist\u011bte, jak snadn\u00e9 je dokon\u010dit registraci SpinBetter \u010cesko. Kompletn\u00ed pr\u016fvodce a bezpe\u010dnostn\u00ed tipy pro registraci SpinBetter.\",\"breadcrumb\":{\"@id\":\"https:\/\/spinbetter-apk.app\/cz\/registration\/#breadcrumb\"},\"inLanguage\":\"cs\",\"potentialAction\":[{\"@type\":\"ReadAction\",\"target\":[\"https:\/\/spinbetter-apk.app\/cz\/registration\/\"]}]},{\"@type\":\"BreadcrumbList\",\"@id\":\"https:\/\/spinbetter-apk.app\/cz\/registration\/#breadcrumb\",\"itemListElement\":[{\"@type\":\"ListItem\",\"position\":1,\"name\":\"Dom\u016f\",\"item\":\"https:\/\/spinbetter-apk.app\/cz\/\"},{\"@type\":\"ListItem\",\"position\":2,\"name\":\"Registrace\"}]},{\"@type\":\"WebSite\",\"@id\":\"https:\/\/spinbetter-apk.app\/cz\/#website\",\"url\":\"https:\/\/spinbetter-apk.app\/cz\/\",\"name\":\"Spinbetter APK CZ\",\"description\":\"spinbetterapk casino\",\"potentialAction\":[{\"@type\":\"SearchAction\",\"target\":{\"@type\":\"EntryPoint\",\"urlTemplate\":\"https:\/\/spinbetter-apk.app\/cz\/?s={search_term_string}\"},\"query-input\":{\"@type\":\"PropertyValueSpecification\",\"valueRequired\":true,\"valueName\":\"search_term_string\"}}],\"inLanguage\":\"cs\"}]}<\/script>\n<!-- \/ Yoast SEO plugin. -->","yoast_head_json":{"title":"Registrace SpinBetter \u010cesko > pr\u016fvodce krok za krokem a tipy","description":"Zjist\u011bte, jak snadn\u00e9 je dokon\u010dit registraci SpinBetter \u010cesko. Kompletn\u00ed pr\u016fvodce a bezpe\u010dnostn\u00ed tipy pro registraci SpinBetter.","robots":{"index":"index","follow":"follow","max-snippet":"max-snippet:-1","max-image-preview":"max-image-preview:large","max-video-preview":"max-video-preview:-1"},"og_locale":"cs_CZ","og_type":"article","og_title":"Registrace SpinBetter \u010cesko > pr\u016fvodce krok za krokem a tipy","og_description":"Zjist\u011bte, jak snadn\u00e9 je dokon\u010dit registraci SpinBetter \u010cesko. Kompletn\u00ed pr\u016fvodce a bezpe\u010dnostn\u00ed tipy pro registraci SpinBetter.","og_url":"https:\/\/spinbetter-apk.app\/cz\/registration\/","og_site_name":"Spinbetter APK CZ","article_modified_time":"2024-12-03T20:00:58+00:00","twitter_card":"summary_large_image","schema":{"@context":"https:\/\/schema.org","@graph":[{"@type":"WebPage","@id":"https:\/\/spinbetter-apk.app\/cz\/registration\/","url":"https:\/\/spinbetter-apk.app\/cz\/registration\/","name":"Registrace SpinBetter \u010cesko > pr\u016fvodce krok za krokem a tipy","isPartOf":{"@id":"https:\/\/spinbetter-apk.app\/cz\/#website"},"datePublished":"2024-11-08T13:51:48+00:00","dateModified":"2024-12-03T20:00:58+00:00","description":"Zjist\u011bte, jak snadn\u00e9 je dokon\u010dit registraci SpinBetter \u010cesko. Kompletn\u00ed pr\u016fvodce a bezpe\u010dnostn\u00ed tipy pro registraci SpinBetter.","breadcrumb":{"@id":"https:\/\/spinbetter-apk.app\/cz\/registration\/#breadcrumb"},"inLanguage":"cs","potentialAction":[{"@type":"ReadAction","target":["https:\/\/spinbetter-apk.app\/cz\/registration\/"]}]},{"@type":"BreadcrumbList","@id":"https:\/\/spinbetter-apk.app\/cz\/registration\/#breadcrumb","itemListElement":[{"@type":"ListItem","position":1,"name":"Dom\u016f","item":"https:\/\/spinbetter-apk.app\/cz\/"},{"@type":"ListItem","position":2,"name":"Registrace"}]},{"@type":"WebSite","@id":"https:\/\/spinbetter-apk.app\/cz\/#website","url":"https:\/\/spinbetter-apk.app\/cz\/","name":"Spinbetter APK CZ","description":"spinbetterapk casino","potentialAction":[{"@type":"SearchAction","target":{"@type":"EntryPoint","urlTemplate":"https:\/\/spinbetter-apk.app\/cz\/?s={search_term_string}"},"query-input":{"@type":"PropertyValueSpecification","valueRequired":true,"valueName":"search_term_string"}}],"inLanguage":"cs"}]}},"_links":{"self":[{"href":"https:\/\/spinbetter-apk.app\/cz\/wp-json\/wp\/v2\/pages\/280","targetHints":{"allow":["GET"]}}],"collection":[{"href":"https:\/\/spinbetter-apk.app\/cz\/wp-json\/wp\/v2\/pages"}],"about":[{"href":"https:\/\/spinbetter-apk.app\/cz\/wp-json\/wp\/v2\/types\/page"}],"author":[{"embeddable":true,"href":"https:\/\/spinbetter-apk.app\/cz\/wp-json\/wp\/v2\/users\/1"}],"replies":[{"embeddable":true,"href":"https:\/\/spinbetter-apk.app\/cz\/wp-json\/wp\/v2\/comments?post=280"}],"version-history":[{"count":24,"href":"https:\/\/spinbetter-apk.app\/cz\/wp-json\/wp\/v2\/pages\/280\/revisions"}],"predecessor-version":[{"id":528,"href":"https:\/\/spinbetter-apk.app\/cz\/wp-json\/wp\/v2\/pages\/280\/revisions\/528"}],"wp:attachment":[{"href":"https:\/\/spinbetter-apk.app\/cz\/wp-json\/wp\/v2\/media?parent=280"}],"curies":[{"name":"wp","href":"https:\/\/api.w.org\/{rel}","templated":true}]}}