{"id":261,"date":"2024-11-08T11:08:00","date_gmt":"2024-11-08T11:08:00","guid":{"rendered":"https:\/\/spinbetter-apk.app\/cz\/?page_id=261"},"modified":"2026-01-12T15:59:30","modified_gmt":"2026-01-12T15:59:30","slug":"login","status":"publish","type":"page","link":"https:\/\/spinbetter-apk.app\/cz\/login\/","title":{"rendered":"P\u0159ihl\u00e1\u0161en\u00ed"},"content":{"rendered":"","protected":false},"excerpt":{"rendered":"","protected":false},"author":1,"featured_media":0,"parent":0,"menu_order":0,"comment_status":"closed","ping_status":"closed","template":"","meta":{"footnotes":""},"class_list":["post-261","page","type-page","status-publish","hentry"],"yoast_head":"<!-- This site is optimized with the Yoast SEO plugin v23.4 - https:\/\/yoast.com\/wordpress\/plugins\/seo\/ -->\n<title>SpinBetter \u010cesko Login &gt; pr\u016fvodce bezpe\u010dnost\u00ed a metodami<\/title>\n<meta name=\"description\" content=\"P\u0159e\u010dt\u011bte si v\u0161e o p\u0159ihla\u0161ovac\u00edm procesu SpinBetter \u010cesko &gt; nastaven\u00ed 2FA, pou\u017e\u00edv\u00e1n\u00ed soci\u00e1ln\u00edch m\u00e9di\u00ed a bezpe\u010dnostn\u00ed tipy.\" \/>\n<meta name=\"robots\" content=\"index, follow, max-snippet:-1, max-image-preview:large, max-video-preview:-1\" \/>\n<meta property=\"og:locale\" content=\"cs_CZ\" \/>\n<meta property=\"og:type\" content=\"article\" \/>\n<meta property=\"og:title\" content=\"SpinBetter \u010cesko Login &gt; pr\u016fvodce bezpe\u010dnost\u00ed a metodami\" \/>\n<meta property=\"og:description\" content=\"P\u0159e\u010dt\u011bte si v\u0161e o p\u0159ihla\u0161ovac\u00edm procesu SpinBetter \u010cesko &gt; nastaven\u00ed 2FA, pou\u017e\u00edv\u00e1n\u00ed soci\u00e1ln\u00edch m\u00e9di\u00ed a bezpe\u010dnostn\u00ed tipy.\" \/>\n<meta property=\"og:url\" content=\"https:\/\/spinbetter-apk.app\/cz\/login\/\" \/>\n<meta property=\"og:site_name\" content=\"Spinbetter APK CZ\" \/>\n<meta property=\"article:modified_time\" content=\"2026-01-12T15:59:30+00:00\" \/>\n<meta name=\"twitter:card\" content=\"summary_large_image\" \/>\n<script type=\"application\/ld+json\" class=\"yoast-schema-graph\">{\"@context\":\"https:\/\/schema.org\",\"@graph\":[{\"@type\":\"WebPage\",\"@id\":\"https:\/\/spinbetter-apk.app\/cz\/login\/\",\"url\":\"https:\/\/spinbetter-apk.app\/cz\/login\/\",\"name\":\"SpinBetter \u010cesko Login > pr\u016fvodce bezpe\u010dnost\u00ed a metodami\",\"isPartOf\":{\"@id\":\"https:\/\/spinbetter-apk.app\/cz\/#website\"},\"datePublished\":\"2024-11-08T11:08:00+00:00\",\"dateModified\":\"2026-01-12T15:59:30+00:00\",\"description\":\"P\u0159e\u010dt\u011bte si v\u0161e o p\u0159ihla\u0161ovac\u00edm procesu SpinBetter \u010cesko > nastaven\u00ed 2FA, pou\u017e\u00edv\u00e1n\u00ed soci\u00e1ln\u00edch m\u00e9di\u00ed a bezpe\u010dnostn\u00ed tipy.\",\"breadcrumb\":{\"@id\":\"https:\/\/spinbetter-apk.app\/cz\/login\/#breadcrumb\"},\"inLanguage\":\"cs\",\"potentialAction\":[{\"@type\":\"ReadAction\",\"target\":[\"https:\/\/spinbetter-apk.app\/cz\/login\/\"]}]},{\"@type\":\"BreadcrumbList\",\"@id\":\"https:\/\/spinbetter-apk.app\/cz\/login\/#breadcrumb\",\"itemListElement\":[{\"@type\":\"ListItem\",\"position\":1,\"name\":\"Dom\u016f\",\"item\":\"https:\/\/spinbetter-apk.app\/cz\/\"},{\"@type\":\"ListItem\",\"position\":2,\"name\":\"P\u0159ihl\u00e1\u0161en\u00ed\"}]},{\"@type\":\"WebSite\",\"@id\":\"https:\/\/spinbetter-apk.app\/cz\/#website\",\"url\":\"https:\/\/spinbetter-apk.app\/cz\/\",\"name\":\"Spinbetter APK CZ\",\"description\":\"spinbetterapk casino\",\"potentialAction\":[{\"@type\":\"SearchAction\",\"target\":{\"@type\":\"EntryPoint\",\"urlTemplate\":\"https:\/\/spinbetter-apk.app\/cz\/?s={search_term_string}\"},\"query-input\":{\"@type\":\"PropertyValueSpecification\",\"valueRequired\":true,\"valueName\":\"search_term_string\"}}],\"inLanguage\":\"cs\"}]}<\/script>\n<!-- \/ Yoast SEO plugin. -->","yoast_head_json":{"title":"SpinBetter \u010cesko Login > pr\u016fvodce bezpe\u010dnost\u00ed a metodami","description":"P\u0159e\u010dt\u011bte si v\u0161e o p\u0159ihla\u0161ovac\u00edm procesu SpinBetter \u010cesko > nastaven\u00ed 2FA, pou\u017e\u00edv\u00e1n\u00ed soci\u00e1ln\u00edch m\u00e9di\u00ed a bezpe\u010dnostn\u00ed tipy.","robots":{"index":"index","follow":"follow","max-snippet":"max-snippet:-1","max-image-preview":"max-image-preview:large","max-video-preview":"max-video-preview:-1"},"og_locale":"cs_CZ","og_type":"article","og_title":"SpinBetter \u010cesko Login > pr\u016fvodce bezpe\u010dnost\u00ed a metodami","og_description":"P\u0159e\u010dt\u011bte si v\u0161e o p\u0159ihla\u0161ovac\u00edm procesu SpinBetter \u010cesko > nastaven\u00ed 2FA, pou\u017e\u00edv\u00e1n\u00ed soci\u00e1ln\u00edch m\u00e9di\u00ed a bezpe\u010dnostn\u00ed tipy.","og_url":"https:\/\/spinbetter-apk.app\/cz\/login\/","og_site_name":"Spinbetter APK CZ","article_modified_time":"2026-01-12T15:59:30+00:00","twitter_card":"summary_large_image","schema":{"@context":"https:\/\/schema.org","@graph":[{"@type":"WebPage","@id":"https:\/\/spinbetter-apk.app\/cz\/login\/","url":"https:\/\/spinbetter-apk.app\/cz\/login\/","name":"SpinBetter \u010cesko Login > pr\u016fvodce bezpe\u010dnost\u00ed a metodami","isPartOf":{"@id":"https:\/\/spinbetter-apk.app\/cz\/#website"},"datePublished":"2024-11-08T11:08:00+00:00","dateModified":"2026-01-12T15:59:30+00:00","description":"P\u0159e\u010dt\u011bte si v\u0161e o p\u0159ihla\u0161ovac\u00edm procesu SpinBetter \u010cesko > nastaven\u00ed 2FA, pou\u017e\u00edv\u00e1n\u00ed soci\u00e1ln\u00edch m\u00e9di\u00ed a bezpe\u010dnostn\u00ed tipy.","breadcrumb":{"@id":"https:\/\/spinbetter-apk.app\/cz\/login\/#breadcrumb"},"inLanguage":"cs","potentialAction":[{"@type":"ReadAction","target":["https:\/\/spinbetter-apk.app\/cz\/login\/"]}]},{"@type":"BreadcrumbList","@id":"https:\/\/spinbetter-apk.app\/cz\/login\/#breadcrumb","itemListElement":[{"@type":"ListItem","position":1,"name":"Dom\u016f","item":"https:\/\/spinbetter-apk.app\/cz\/"},{"@type":"ListItem","position":2,"name":"P\u0159ihl\u00e1\u0161en\u00ed"}]},{"@type":"WebSite","@id":"https:\/\/spinbetter-apk.app\/cz\/#website","url":"https:\/\/spinbetter-apk.app\/cz\/","name":"Spinbetter APK CZ","description":"spinbetterapk casino","potentialAction":[{"@type":"SearchAction","target":{"@type":"EntryPoint","urlTemplate":"https:\/\/spinbetter-apk.app\/cz\/?s={search_term_string}"},"query-input":{"@type":"PropertyValueSpecification","valueRequired":true,"valueName":"search_term_string"}}],"inLanguage":"cs"}]}},"_links":{"self":[{"href":"https:\/\/spinbetter-apk.app\/cz\/wp-json\/wp\/v2\/pages\/261","targetHints":{"allow":["GET"]}}],"collection":[{"href":"https:\/\/spinbetter-apk.app\/cz\/wp-json\/wp\/v2\/pages"}],"about":[{"href":"https:\/\/spinbetter-apk.app\/cz\/wp-json\/wp\/v2\/types\/page"}],"author":[{"embeddable":true,"href":"https:\/\/spinbetter-apk.app\/cz\/wp-json\/wp\/v2\/users\/1"}],"replies":[{"embeddable":true,"href":"https:\/\/spinbetter-apk.app\/cz\/wp-json\/wp\/v2\/comments?post=261"}],"version-history":[{"count":28,"href":"https:\/\/spinbetter-apk.app\/cz\/wp-json\/wp\/v2\/pages\/261\/revisions"}],"predecessor-version":[{"id":584,"href":"https:\/\/spinbetter-apk.app\/cz\/wp-json\/wp\/v2\/pages\/261\/revisions\/584"}],"wp:attachment":[{"href":"https:\/\/spinbetter-apk.app\/cz\/wp-json\/wp\/v2\/media?parent=261"}],"curies":[{"name":"wp","href":"https:\/\/api.w.org\/{rel}","templated":true}]}}