{"id":233,"date":"2024-11-08T08:51:19","date_gmt":"2024-11-08T08:51:19","guid":{"rendered":"https:\/\/spinbetter-apk.app\/cz\/?page_id=233"},"modified":"2024-12-03T20:03:08","modified_gmt":"2024-12-03T20:03:08","slug":"casino","status":"publish","type":"page","link":"https:\/\/spinbetter-apk.app\/cz\/casino\/","title":{"rendered":"Kasino"},"content":{"rendered":"","protected":false},"excerpt":{"rendered":"","protected":false},"author":1,"featured_media":0,"parent":0,"menu_order":0,"comment_status":"closed","ping_status":"closed","template":"","meta":{"footnotes":""},"class_list":["post-233","page","type-page","status-publish","hentry"],"yoast_head":"<!-- This site is optimized with the Yoast SEO plugin v23.4 - https:\/\/yoast.com\/wordpress\/plugins\/seo\/ -->\n<title>SpinBetter \u010cesko Casino &gt; Hry, bonusy a funkce mobiln\u00edho kasina<\/title>\n<meta name=\"description\" content=\"P\u0159e\u010dt\u011bte si v\u0161e o mobiln\u00edm kasinu SpinBetter, od snadn\u00e9 registrace a exkluzivn\u00edch bonus\u016f a\u017e po recenze hr\u00e1\u010d\u016f a kl\u00ed\u010dov\u00e9 funkce!\" \/>\n<meta name=\"robots\" content=\"index, follow, max-snippet:-1, max-image-preview:large, max-video-preview:-1\" \/>\n<meta property=\"og:locale\" content=\"cs_CZ\" \/>\n<meta property=\"og:type\" content=\"article\" \/>\n<meta property=\"og:title\" content=\"SpinBetter \u010cesko Casino &gt; Hry, bonusy a funkce mobiln\u00edho kasina\" \/>\n<meta property=\"og:description\" content=\"P\u0159e\u010dt\u011bte si v\u0161e o mobiln\u00edm kasinu SpinBetter, od snadn\u00e9 registrace a exkluzivn\u00edch bonus\u016f a\u017e po recenze hr\u00e1\u010d\u016f a kl\u00ed\u010dov\u00e9 funkce!\" \/>\n<meta property=\"og:url\" content=\"https:\/\/spinbetter-apk.app\/cz\/casino\/\" \/>\n<meta property=\"og:site_name\" content=\"Spinbetter APK CZ\" \/>\n<meta property=\"article:modified_time\" content=\"2024-12-03T20:03:08+00:00\" \/>\n<meta name=\"twitter:card\" content=\"summary_large_image\" \/>\n<script type=\"application\/ld+json\" class=\"yoast-schema-graph\">{\"@context\":\"https:\/\/schema.org\",\"@graph\":[{\"@type\":\"WebPage\",\"@id\":\"https:\/\/spinbetter-apk.app\/cz\/casino\/\",\"url\":\"https:\/\/spinbetter-apk.app\/cz\/casino\/\",\"name\":\"SpinBetter \u010cesko Casino > Hry, bonusy a funkce mobiln\u00edho kasina\",\"isPartOf\":{\"@id\":\"https:\/\/spinbetter-apk.app\/cz\/#website\"},\"datePublished\":\"2024-11-08T08:51:19+00:00\",\"dateModified\":\"2024-12-03T20:03:08+00:00\",\"description\":\"P\u0159e\u010dt\u011bte si v\u0161e o mobiln\u00edm kasinu SpinBetter, od snadn\u00e9 registrace a exkluzivn\u00edch bonus\u016f a\u017e po recenze hr\u00e1\u010d\u016f a kl\u00ed\u010dov\u00e9 funkce!\",\"breadcrumb\":{\"@id\":\"https:\/\/spinbetter-apk.app\/cz\/casino\/#breadcrumb\"},\"inLanguage\":\"cs\",\"potentialAction\":[{\"@type\":\"ReadAction\",\"target\":[\"https:\/\/spinbetter-apk.app\/cz\/casino\/\"]}]},{\"@type\":\"BreadcrumbList\",\"@id\":\"https:\/\/spinbetter-apk.app\/cz\/casino\/#breadcrumb\",\"itemListElement\":[{\"@type\":\"ListItem\",\"position\":1,\"name\":\"Dom\u016f\",\"item\":\"https:\/\/spinbetter-apk.app\/cz\/\"},{\"@type\":\"ListItem\",\"position\":2,\"name\":\"Kasino\"}]},{\"@type\":\"WebSite\",\"@id\":\"https:\/\/spinbetter-apk.app\/cz\/#website\",\"url\":\"https:\/\/spinbetter-apk.app\/cz\/\",\"name\":\"Spinbetter APK CZ\",\"description\":\"spinbetterapk casino\",\"potentialAction\":[{\"@type\":\"SearchAction\",\"target\":{\"@type\":\"EntryPoint\",\"urlTemplate\":\"https:\/\/spinbetter-apk.app\/cz\/?s={search_term_string}\"},\"query-input\":{\"@type\":\"PropertyValueSpecification\",\"valueRequired\":true,\"valueName\":\"search_term_string\"}}],\"inLanguage\":\"cs\"}]}<\/script>\n<!-- \/ Yoast SEO plugin. -->","yoast_head_json":{"title":"SpinBetter \u010cesko Casino > Hry, bonusy a funkce mobiln\u00edho kasina","description":"P\u0159e\u010dt\u011bte si v\u0161e o mobiln\u00edm kasinu SpinBetter, od snadn\u00e9 registrace a exkluzivn\u00edch bonus\u016f a\u017e po recenze hr\u00e1\u010d\u016f a kl\u00ed\u010dov\u00e9 funkce!","robots":{"index":"index","follow":"follow","max-snippet":"max-snippet:-1","max-image-preview":"max-image-preview:large","max-video-preview":"max-video-preview:-1"},"og_locale":"cs_CZ","og_type":"article","og_title":"SpinBetter \u010cesko Casino > Hry, bonusy a funkce mobiln\u00edho kasina","og_description":"P\u0159e\u010dt\u011bte si v\u0161e o mobiln\u00edm kasinu SpinBetter, od snadn\u00e9 registrace a exkluzivn\u00edch bonus\u016f a\u017e po recenze hr\u00e1\u010d\u016f a kl\u00ed\u010dov\u00e9 funkce!","og_url":"https:\/\/spinbetter-apk.app\/cz\/casino\/","og_site_name":"Spinbetter APK CZ","article_modified_time":"2024-12-03T20:03:08+00:00","twitter_card":"summary_large_image","schema":{"@context":"https:\/\/schema.org","@graph":[{"@type":"WebPage","@id":"https:\/\/spinbetter-apk.app\/cz\/casino\/","url":"https:\/\/spinbetter-apk.app\/cz\/casino\/","name":"SpinBetter \u010cesko Casino > Hry, bonusy a funkce mobiln\u00edho kasina","isPartOf":{"@id":"https:\/\/spinbetter-apk.app\/cz\/#website"},"datePublished":"2024-11-08T08:51:19+00:00","dateModified":"2024-12-03T20:03:08+00:00","description":"P\u0159e\u010dt\u011bte si v\u0161e o mobiln\u00edm kasinu SpinBetter, od snadn\u00e9 registrace a exkluzivn\u00edch bonus\u016f a\u017e po recenze hr\u00e1\u010d\u016f a kl\u00ed\u010dov\u00e9 funkce!","breadcrumb":{"@id":"https:\/\/spinbetter-apk.app\/cz\/casino\/#breadcrumb"},"inLanguage":"cs","potentialAction":[{"@type":"ReadAction","target":["https:\/\/spinbetter-apk.app\/cz\/casino\/"]}]},{"@type":"BreadcrumbList","@id":"https:\/\/spinbetter-apk.app\/cz\/casino\/#breadcrumb","itemListElement":[{"@type":"ListItem","position":1,"name":"Dom\u016f","item":"https:\/\/spinbetter-apk.app\/cz\/"},{"@type":"ListItem","position":2,"name":"Kasino"}]},{"@type":"WebSite","@id":"https:\/\/spinbetter-apk.app\/cz\/#website","url":"https:\/\/spinbetter-apk.app\/cz\/","name":"Spinbetter APK CZ","description":"spinbetterapk casino","potentialAction":[{"@type":"SearchAction","target":{"@type":"EntryPoint","urlTemplate":"https:\/\/spinbetter-apk.app\/cz\/?s={search_term_string}"},"query-input":{"@type":"PropertyValueSpecification","valueRequired":true,"valueName":"search_term_string"}}],"inLanguage":"cs"}]}},"_links":{"self":[{"href":"https:\/\/spinbetter-apk.app\/cz\/wp-json\/wp\/v2\/pages\/233","targetHints":{"allow":["GET"]}}],"collection":[{"href":"https:\/\/spinbetter-apk.app\/cz\/wp-json\/wp\/v2\/pages"}],"about":[{"href":"https:\/\/spinbetter-apk.app\/cz\/wp-json\/wp\/v2\/types\/page"}],"author":[{"embeddable":true,"href":"https:\/\/spinbetter-apk.app\/cz\/wp-json\/wp\/v2\/users\/1"}],"replies":[{"embeddable":true,"href":"https:\/\/spinbetter-apk.app\/cz\/wp-json\/wp\/v2\/comments?post=233"}],"version-history":[{"count":34,"href":"https:\/\/spinbetter-apk.app\/cz\/wp-json\/wp\/v2\/pages\/233\/revisions"}],"predecessor-version":[{"id":529,"href":"https:\/\/spinbetter-apk.app\/cz\/wp-json\/wp\/v2\/pages\/233\/revisions\/529"}],"wp:attachment":[{"href":"https:\/\/spinbetter-apk.app\/cz\/wp-json\/wp\/v2\/media?parent=233"}],"curies":[{"name":"wp","href":"https:\/\/api.w.org\/{rel}","templated":true}]}}