{"id":329,"date":"2024-11-11T07:31:17","date_gmt":"2024-11-11T07:31:17","guid":{"rendered":"https:\/\/spinbetter-apk.app\/br\/?page_id=329"},"modified":"2025-02-23T23:19:06","modified_gmt":"2025-02-23T23:19:06","slug":"descarregar","status":"publish","type":"page","link":"https:\/\/spinbetter-apk.app\/br\/descarregar\/","title":{"rendered":"Descarregar"},"content":{"rendered":"","protected":false},"excerpt":{"rendered":"","protected":false},"author":1,"featured_media":0,"parent":0,"menu_order":0,"comment_status":"closed","ping_status":"closed","template":"","meta":{"footnotes":""},"class_list":["post-329","page","type-page","status-publish","hentry"],"yoast_head":"<!-- This site is optimized with the Yoast SEO plugin v23.4 - https:\/\/yoast.com\/wordpress\/plugins\/seo\/ -->\n<title>SpinBetter Brasil APK Download \u2192 Como instalar e personalizar a aplica\u00e7\u00e3o<\/title>\n<meta name=\"description\" content=\"Saiba como descarregar e configurar o SpinBetter Brasil apk para um jogo confort\u00e1vel. Vis\u00e3o geral do SpinBetter apk, defini\u00e7\u00f5es de seguran\u00e7a.\" \/>\n<meta name=\"robots\" content=\"index, follow, max-snippet:-1, max-image-preview:large, max-video-preview:-1\" \/>\n<meta property=\"og:locale\" content=\"pt_BR\" \/>\n<meta property=\"og:type\" content=\"article\" \/>\n<meta property=\"og:title\" content=\"SpinBetter Brasil APK Download \u2192 Como instalar e personalizar a aplica\u00e7\u00e3o\" \/>\n<meta property=\"og:description\" content=\"Saiba como descarregar e configurar o SpinBetter Brasil apk para um jogo confort\u00e1vel. Vis\u00e3o geral do SpinBetter apk, defini\u00e7\u00f5es de seguran\u00e7a.\" \/>\n<meta property=\"og:url\" content=\"https:\/\/spinbetter-apk.app\/br\/descarregar\/\" \/>\n<meta property=\"og:site_name\" content=\"Spinbetter APK BR\" \/>\n<meta property=\"article:modified_time\" content=\"2025-02-23T23:19:06+00:00\" \/>\n<meta name=\"twitter:card\" content=\"summary_large_image\" \/>\n<script type=\"application\/ld+json\" class=\"yoast-schema-graph\">{\"@context\":\"https:\/\/schema.org\",\"@graph\":[{\"@type\":\"WebPage\",\"@id\":\"https:\/\/spinbetter-apk.app\/br\/descarregar\/\",\"url\":\"https:\/\/spinbetter-apk.app\/br\/descarregar\/\",\"name\":\"SpinBetter Brasil APK Download \u2192 Como instalar e personalizar a aplica\u00e7\u00e3o\",\"isPartOf\":{\"@id\":\"https:\/\/spinbetter-apk.app\/br\/#website\"},\"datePublished\":\"2024-11-11T07:31:17+00:00\",\"dateModified\":\"2025-02-23T23:19:06+00:00\",\"description\":\"Saiba como descarregar e configurar o SpinBetter Brasil apk para um jogo confort\u00e1vel. Vis\u00e3o geral do SpinBetter apk, defini\u00e7\u00f5es de seguran\u00e7a.\",\"breadcrumb\":{\"@id\":\"https:\/\/spinbetter-apk.app\/br\/descarregar\/#breadcrumb\"},\"inLanguage\":\"pt-BR\",\"potentialAction\":[{\"@type\":\"ReadAction\",\"target\":[\"https:\/\/spinbetter-apk.app\/br\/descarregar\/\"]}]},{\"@type\":\"BreadcrumbList\",\"@id\":\"https:\/\/spinbetter-apk.app\/br\/descarregar\/#breadcrumb\",\"itemListElement\":[{\"@type\":\"ListItem\",\"position\":1,\"name\":\"In\u00edcio\",\"item\":\"https:\/\/spinbetter-apk.app\/br\/\"},{\"@type\":\"ListItem\",\"position\":2,\"name\":\"Descarregar\"}]},{\"@type\":\"WebSite\",\"@id\":\"https:\/\/spinbetter-apk.app\/br\/#website\",\"url\":\"https:\/\/spinbetter-apk.app\/br\/\",\"name\":\"Spinbetter APK BR\",\"description\":\"spinbetterapk casino\",\"potentialAction\":[{\"@type\":\"SearchAction\",\"target\":{\"@type\":\"EntryPoint\",\"urlTemplate\":\"https:\/\/spinbetter-apk.app\/br\/?s={search_term_string}\"},\"query-input\":{\"@type\":\"PropertyValueSpecification\",\"valueRequired\":true,\"valueName\":\"search_term_string\"}}],\"inLanguage\":\"pt-BR\"}]}<\/script>\n<!-- \/ Yoast SEO plugin. -->","yoast_head_json":{"title":"SpinBetter Brasil APK Download \u2192 Como instalar e personalizar a aplica\u00e7\u00e3o","description":"Saiba como descarregar e configurar o SpinBetter Brasil apk para um jogo confort\u00e1vel. Vis\u00e3o geral do SpinBetter apk, defini\u00e7\u00f5es de seguran\u00e7a.","robots":{"index":"index","follow":"follow","max-snippet":"max-snippet:-1","max-image-preview":"max-image-preview:large","max-video-preview":"max-video-preview:-1"},"og_locale":"pt_BR","og_type":"article","og_title":"SpinBetter Brasil APK Download \u2192 Como instalar e personalizar a aplica\u00e7\u00e3o","og_description":"Saiba como descarregar e configurar o SpinBetter Brasil apk para um jogo confort\u00e1vel. Vis\u00e3o geral do SpinBetter apk, defini\u00e7\u00f5es de seguran\u00e7a.","og_url":"https:\/\/spinbetter-apk.app\/br\/descarregar\/","og_site_name":"Spinbetter APK BR","article_modified_time":"2025-02-23T23:19:06+00:00","twitter_card":"summary_large_image","schema":{"@context":"https:\/\/schema.org","@graph":[{"@type":"WebPage","@id":"https:\/\/spinbetter-apk.app\/br\/descarregar\/","url":"https:\/\/spinbetter-apk.app\/br\/descarregar\/","name":"SpinBetter Brasil APK Download \u2192 Como instalar e personalizar a aplica\u00e7\u00e3o","isPartOf":{"@id":"https:\/\/spinbetter-apk.app\/br\/#website"},"datePublished":"2024-11-11T07:31:17+00:00","dateModified":"2025-02-23T23:19:06+00:00","description":"Saiba como descarregar e configurar o SpinBetter Brasil apk para um jogo confort\u00e1vel. Vis\u00e3o geral do SpinBetter apk, defini\u00e7\u00f5es de seguran\u00e7a.","breadcrumb":{"@id":"https:\/\/spinbetter-apk.app\/br\/descarregar\/#breadcrumb"},"inLanguage":"pt-BR","potentialAction":[{"@type":"ReadAction","target":["https:\/\/spinbetter-apk.app\/br\/descarregar\/"]}]},{"@type":"BreadcrumbList","@id":"https:\/\/spinbetter-apk.app\/br\/descarregar\/#breadcrumb","itemListElement":[{"@type":"ListItem","position":1,"name":"In\u00edcio","item":"https:\/\/spinbetter-apk.app\/br\/"},{"@type":"ListItem","position":2,"name":"Descarregar"}]},{"@type":"WebSite","@id":"https:\/\/spinbetter-apk.app\/br\/#website","url":"https:\/\/spinbetter-apk.app\/br\/","name":"Spinbetter APK BR","description":"spinbetterapk casino","potentialAction":[{"@type":"SearchAction","target":{"@type":"EntryPoint","urlTemplate":"https:\/\/spinbetter-apk.app\/br\/?s={search_term_string}"},"query-input":{"@type":"PropertyValueSpecification","valueRequired":true,"valueName":"search_term_string"}}],"inLanguage":"pt-BR"}]}},"_links":{"self":[{"href":"https:\/\/spinbetter-apk.app\/br\/wp-json\/wp\/v2\/pages\/329","targetHints":{"allow":["GET"]}}],"collection":[{"href":"https:\/\/spinbetter-apk.app\/br\/wp-json\/wp\/v2\/pages"}],"about":[{"href":"https:\/\/spinbetter-apk.app\/br\/wp-json\/wp\/v2\/types\/page"}],"author":[{"embeddable":true,"href":"https:\/\/spinbetter-apk.app\/br\/wp-json\/wp\/v2\/users\/1"}],"replies":[{"embeddable":true,"href":"https:\/\/spinbetter-apk.app\/br\/wp-json\/wp\/v2\/comments?post=329"}],"version-history":[{"count":25,"href":"https:\/\/spinbetter-apk.app\/br\/wp-json\/wp\/v2\/pages\/329\/revisions"}],"predecessor-version":[{"id":549,"href":"https:\/\/spinbetter-apk.app\/br\/wp-json\/wp\/v2\/pages\/329\/revisions\/549"}],"wp:attachment":[{"href":"https:\/\/spinbetter-apk.app\/br\/wp-json\/wp\/v2\/media?parent=329"}],"curies":[{"name":"wp","href":"https:\/\/api.w.org\/{rel}","templated":true}]}}