{"id":304,"date":"2024-11-11T05:29:16","date_gmt":"2024-11-11T05:29:16","guid":{"rendered":"https:\/\/spinbetter-apk.app\/br\/?page_id=304"},"modified":"2026-01-13T10:58:30","modified_gmt":"2026-01-13T10:58:30","slug":"promo-code","status":"publish","type":"page","link":"https:\/\/spinbetter-apk.app\/br\/promo-code\/","title":{"rendered":"C\u00f3digo promocional"},"content":{"rendered":"","protected":false},"excerpt":{"rendered":"","protected":false},"author":1,"featured_media":0,"parent":0,"menu_order":0,"comment_status":"closed","ping_status":"closed","template":"","meta":{"footnotes":""},"class_list":["post-304","page","type-page","status-publish","hentry"],"yoast_head":"<!-- This site is optimized with the Yoast SEO plugin v23.4 - https:\/\/yoast.com\/wordpress\/plugins\/seo\/ -->\n<title>C\u00f3digos promocionais do SpinBetter Brasil Mobile<\/title>\n<meta name=\"description\" content=\"Saiba tudo sobre os c\u00f3digos promocionais SpinBetter Brasil para dispositivos m\u00f3veis! Todos os c\u00f3digos promocionais SpinBetter dispon\u00edveis e os seus termos e condi\u00e7\u00f5es.\" \/>\n<meta name=\"robots\" content=\"index, follow, max-snippet:-1, max-image-preview:large, max-video-preview:-1\" \/>\n<meta property=\"og:locale\" content=\"pt_BR\" \/>\n<meta property=\"og:type\" content=\"article\" \/>\n<meta property=\"og:title\" content=\"C\u00f3digos promocionais do SpinBetter Brasil Mobile\" \/>\n<meta property=\"og:description\" content=\"Saiba tudo sobre os c\u00f3digos promocionais SpinBetter Brasil para dispositivos m\u00f3veis! Todos os c\u00f3digos promocionais SpinBetter dispon\u00edveis e os seus termos e condi\u00e7\u00f5es.\" \/>\n<meta property=\"og:url\" content=\"https:\/\/spinbetter-apk.app\/br\/promo-code\/\" \/>\n<meta property=\"og:site_name\" content=\"Spinbetter APK BR\" \/>\n<meta property=\"article:modified_time\" content=\"2026-01-13T10:58:30+00:00\" \/>\n<meta name=\"twitter:card\" content=\"summary_large_image\" \/>\n<script type=\"application\/ld+json\" class=\"yoast-schema-graph\">{\"@context\":\"https:\/\/schema.org\",\"@graph\":[{\"@type\":\"WebPage\",\"@id\":\"https:\/\/spinbetter-apk.app\/br\/promo-code\/\",\"url\":\"https:\/\/spinbetter-apk.app\/br\/promo-code\/\",\"name\":\"C\u00f3digos promocionais do SpinBetter Brasil Mobile\",\"isPartOf\":{\"@id\":\"https:\/\/spinbetter-apk.app\/br\/#website\"},\"datePublished\":\"2024-11-11T05:29:16+00:00\",\"dateModified\":\"2026-01-13T10:58:30+00:00\",\"description\":\"Saiba tudo sobre os c\u00f3digos promocionais SpinBetter Brasil para dispositivos m\u00f3veis! Todos os c\u00f3digos promocionais SpinBetter dispon\u00edveis e os seus termos e condi\u00e7\u00f5es.\",\"breadcrumb\":{\"@id\":\"https:\/\/spinbetter-apk.app\/br\/promo-code\/#breadcrumb\"},\"inLanguage\":\"pt-BR\",\"potentialAction\":[{\"@type\":\"ReadAction\",\"target\":[\"https:\/\/spinbetter-apk.app\/br\/promo-code\/\"]}]},{\"@type\":\"BreadcrumbList\",\"@id\":\"https:\/\/spinbetter-apk.app\/br\/promo-code\/#breadcrumb\",\"itemListElement\":[{\"@type\":\"ListItem\",\"position\":1,\"name\":\"In\u00edcio\",\"item\":\"https:\/\/spinbetter-apk.app\/br\/\"},{\"@type\":\"ListItem\",\"position\":2,\"name\":\"C\u00f3digo promocional\"}]},{\"@type\":\"WebSite\",\"@id\":\"https:\/\/spinbetter-apk.app\/br\/#website\",\"url\":\"https:\/\/spinbetter-apk.app\/br\/\",\"name\":\"Spinbetter APK BR\",\"description\":\"spinbetterapk casino\",\"potentialAction\":[{\"@type\":\"SearchAction\",\"target\":{\"@type\":\"EntryPoint\",\"urlTemplate\":\"https:\/\/spinbetter-apk.app\/br\/?s={search_term_string}\"},\"query-input\":{\"@type\":\"PropertyValueSpecification\",\"valueRequired\":true,\"valueName\":\"search_term_string\"}}],\"inLanguage\":\"pt-BR\"}]}<\/script>\n<!-- \/ Yoast SEO plugin. -->","yoast_head_json":{"title":"C\u00f3digos promocionais do SpinBetter Brasil Mobile","description":"Saiba tudo sobre os c\u00f3digos promocionais SpinBetter Brasil para dispositivos m\u00f3veis! Todos os c\u00f3digos promocionais SpinBetter dispon\u00edveis e os seus termos e condi\u00e7\u00f5es.","robots":{"index":"index","follow":"follow","max-snippet":"max-snippet:-1","max-image-preview":"max-image-preview:large","max-video-preview":"max-video-preview:-1"},"og_locale":"pt_BR","og_type":"article","og_title":"C\u00f3digos promocionais do SpinBetter Brasil Mobile","og_description":"Saiba tudo sobre os c\u00f3digos promocionais SpinBetter Brasil para dispositivos m\u00f3veis! Todos os c\u00f3digos promocionais SpinBetter dispon\u00edveis e os seus termos e condi\u00e7\u00f5es.","og_url":"https:\/\/spinbetter-apk.app\/br\/promo-code\/","og_site_name":"Spinbetter APK BR","article_modified_time":"2026-01-13T10:58:30+00:00","twitter_card":"summary_large_image","schema":{"@context":"https:\/\/schema.org","@graph":[{"@type":"WebPage","@id":"https:\/\/spinbetter-apk.app\/br\/promo-code\/","url":"https:\/\/spinbetter-apk.app\/br\/promo-code\/","name":"C\u00f3digos promocionais do SpinBetter Brasil Mobile","isPartOf":{"@id":"https:\/\/spinbetter-apk.app\/br\/#website"},"datePublished":"2024-11-11T05:29:16+00:00","dateModified":"2026-01-13T10:58:30+00:00","description":"Saiba tudo sobre os c\u00f3digos promocionais SpinBetter Brasil para dispositivos m\u00f3veis! Todos os c\u00f3digos promocionais SpinBetter dispon\u00edveis e os seus termos e condi\u00e7\u00f5es.","breadcrumb":{"@id":"https:\/\/spinbetter-apk.app\/br\/promo-code\/#breadcrumb"},"inLanguage":"pt-BR","potentialAction":[{"@type":"ReadAction","target":["https:\/\/spinbetter-apk.app\/br\/promo-code\/"]}]},{"@type":"BreadcrumbList","@id":"https:\/\/spinbetter-apk.app\/br\/promo-code\/#breadcrumb","itemListElement":[{"@type":"ListItem","position":1,"name":"In\u00edcio","item":"https:\/\/spinbetter-apk.app\/br\/"},{"@type":"ListItem","position":2,"name":"C\u00f3digo promocional"}]},{"@type":"WebSite","@id":"https:\/\/spinbetter-apk.app\/br\/#website","url":"https:\/\/spinbetter-apk.app\/br\/","name":"Spinbetter APK BR","description":"spinbetterapk casino","potentialAction":[{"@type":"SearchAction","target":{"@type":"EntryPoint","urlTemplate":"https:\/\/spinbetter-apk.app\/br\/?s={search_term_string}"},"query-input":{"@type":"PropertyValueSpecification","valueRequired":true,"valueName":"search_term_string"}}],"inLanguage":"pt-BR"}]}},"_links":{"self":[{"href":"https:\/\/spinbetter-apk.app\/br\/wp-json\/wp\/v2\/pages\/304","targetHints":{"allow":["GET"]}}],"collection":[{"href":"https:\/\/spinbetter-apk.app\/br\/wp-json\/wp\/v2\/pages"}],"about":[{"href":"https:\/\/spinbetter-apk.app\/br\/wp-json\/wp\/v2\/types\/page"}],"author":[{"embeddable":true,"href":"https:\/\/spinbetter-apk.app\/br\/wp-json\/wp\/v2\/users\/1"}],"replies":[{"embeddable":true,"href":"https:\/\/spinbetter-apk.app\/br\/wp-json\/wp\/v2\/comments?post=304"}],"version-history":[{"count":22,"href":"https:\/\/spinbetter-apk.app\/br\/wp-json\/wp\/v2\/pages\/304\/revisions"}],"predecessor-version":[{"id":575,"href":"https:\/\/spinbetter-apk.app\/br\/wp-json\/wp\/v2\/pages\/304\/revisions\/575"}],"wp:attachment":[{"href":"https:\/\/spinbetter-apk.app\/br\/wp-json\/wp\/v2\/media?parent=304"}],"curies":[{"name":"wp","href":"https:\/\/api.w.org\/{rel}","templated":true}]}}