{"id":233,"date":"2024-11-08T08:51:19","date_gmt":"2024-11-08T08:51:19","guid":{"rendered":"https:\/\/spinbetter-apk.app\/br\/?page_id=233"},"modified":"2026-01-12T11:50:30","modified_gmt":"2026-01-12T11:50:30","slug":"casino","status":"publish","type":"page","link":"https:\/\/spinbetter-apk.app\/br\/casino\/","title":{"rendered":"Cassino"},"content":{"rendered":"","protected":false},"excerpt":{"rendered":"","protected":false},"author":1,"featured_media":0,"parent":0,"menu_order":0,"comment_status":"closed","ping_status":"closed","template":"","meta":{"footnotes":""},"class_list":["post-233","page","type-page","status-publish","hentry"],"yoast_head":"<!-- This site is optimized with the Yoast SEO plugin v23.4 - https:\/\/yoast.com\/wordpress\/plugins\/seo\/ -->\n<title>SpinBetter Brasil Casino - Jogos, B\u00f3nus e Carater\u00edsticas do Casino M\u00f3vel<\/title>\n<meta name=\"description\" content=\"Saiba tudo sobre o casino m\u00f3vel SpinBetter Brasil, desde o registo f\u00e1cil e os b\u00f3nus exclusivos at\u00e9 \u00e0s avalia\u00e7\u00f5es dos jogadores e \u00e0s principais carater\u00edsticas!\" \/>\n<meta name=\"robots\" content=\"index, follow, max-snippet:-1, max-image-preview:large, max-video-preview:-1\" \/>\n<meta property=\"og:locale\" content=\"pt_BR\" \/>\n<meta property=\"og:type\" content=\"article\" \/>\n<meta property=\"og:title\" content=\"SpinBetter Brasil Casino - Jogos, B\u00f3nus e Carater\u00edsticas do Casino M\u00f3vel\" \/>\n<meta property=\"og:description\" content=\"Saiba tudo sobre o casino m\u00f3vel SpinBetter Brasil, desde o registo f\u00e1cil e os b\u00f3nus exclusivos at\u00e9 \u00e0s avalia\u00e7\u00f5es dos jogadores e \u00e0s principais carater\u00edsticas!\" \/>\n<meta property=\"og:url\" content=\"https:\/\/spinbetter-apk.app\/br\/casino\/\" \/>\n<meta property=\"og:site_name\" content=\"Spinbetter APK BR\" \/>\n<meta property=\"article:modified_time\" content=\"2026-01-12T11:50:30+00:00\" \/>\n<meta name=\"twitter:card\" content=\"summary_large_image\" \/>\n<script type=\"application\/ld+json\" class=\"yoast-schema-graph\">{\"@context\":\"https:\/\/schema.org\",\"@graph\":[{\"@type\":\"WebPage\",\"@id\":\"https:\/\/spinbetter-apk.app\/br\/casino\/\",\"url\":\"https:\/\/spinbetter-apk.app\/br\/casino\/\",\"name\":\"SpinBetter Brasil Casino - Jogos, B\u00f3nus e Carater\u00edsticas do Casino M\u00f3vel\",\"isPartOf\":{\"@id\":\"https:\/\/spinbetter-apk.app\/br\/#website\"},\"datePublished\":\"2024-11-08T08:51:19+00:00\",\"dateModified\":\"2026-01-12T11:50:30+00:00\",\"description\":\"Saiba tudo sobre o casino m\u00f3vel SpinBetter Brasil, desde o registo f\u00e1cil e os b\u00f3nus exclusivos at\u00e9 \u00e0s avalia\u00e7\u00f5es dos jogadores e \u00e0s principais carater\u00edsticas!\",\"breadcrumb\":{\"@id\":\"https:\/\/spinbetter-apk.app\/br\/casino\/#breadcrumb\"},\"inLanguage\":\"pt-BR\",\"potentialAction\":[{\"@type\":\"ReadAction\",\"target\":[\"https:\/\/spinbetter-apk.app\/br\/casino\/\"]}]},{\"@type\":\"BreadcrumbList\",\"@id\":\"https:\/\/spinbetter-apk.app\/br\/casino\/#breadcrumb\",\"itemListElement\":[{\"@type\":\"ListItem\",\"position\":1,\"name\":\"In\u00edcio\",\"item\":\"https:\/\/spinbetter-apk.app\/br\/\"},{\"@type\":\"ListItem\",\"position\":2,\"name\":\"Cassino\"}]},{\"@type\":\"WebSite\",\"@id\":\"https:\/\/spinbetter-apk.app\/br\/#website\",\"url\":\"https:\/\/spinbetter-apk.app\/br\/\",\"name\":\"Spinbetter APK BR\",\"description\":\"spinbetterapk casino\",\"potentialAction\":[{\"@type\":\"SearchAction\",\"target\":{\"@type\":\"EntryPoint\",\"urlTemplate\":\"https:\/\/spinbetter-apk.app\/br\/?s={search_term_string}\"},\"query-input\":{\"@type\":\"PropertyValueSpecification\",\"valueRequired\":true,\"valueName\":\"search_term_string\"}}],\"inLanguage\":\"pt-BR\"}]}<\/script>\n<!-- \/ Yoast SEO plugin. -->","yoast_head_json":{"title":"SpinBetter Brasil Casino - Jogos, B\u00f3nus e Carater\u00edsticas do Casino M\u00f3vel","description":"Saiba tudo sobre o casino m\u00f3vel SpinBetter Brasil, desde o registo f\u00e1cil e os b\u00f3nus exclusivos at\u00e9 \u00e0s avalia\u00e7\u00f5es dos jogadores e \u00e0s principais carater\u00edsticas!","robots":{"index":"index","follow":"follow","max-snippet":"max-snippet:-1","max-image-preview":"max-image-preview:large","max-video-preview":"max-video-preview:-1"},"og_locale":"pt_BR","og_type":"article","og_title":"SpinBetter Brasil Casino - Jogos, B\u00f3nus e Carater\u00edsticas do Casino M\u00f3vel","og_description":"Saiba tudo sobre o casino m\u00f3vel SpinBetter Brasil, desde o registo f\u00e1cil e os b\u00f3nus exclusivos at\u00e9 \u00e0s avalia\u00e7\u00f5es dos jogadores e \u00e0s principais carater\u00edsticas!","og_url":"https:\/\/spinbetter-apk.app\/br\/casino\/","og_site_name":"Spinbetter APK BR","article_modified_time":"2026-01-12T11:50:30+00:00","twitter_card":"summary_large_image","schema":{"@context":"https:\/\/schema.org","@graph":[{"@type":"WebPage","@id":"https:\/\/spinbetter-apk.app\/br\/casino\/","url":"https:\/\/spinbetter-apk.app\/br\/casino\/","name":"SpinBetter Brasil Casino - Jogos, B\u00f3nus e Carater\u00edsticas do Casino M\u00f3vel","isPartOf":{"@id":"https:\/\/spinbetter-apk.app\/br\/#website"},"datePublished":"2024-11-08T08:51:19+00:00","dateModified":"2026-01-12T11:50:30+00:00","description":"Saiba tudo sobre o casino m\u00f3vel SpinBetter Brasil, desde o registo f\u00e1cil e os b\u00f3nus exclusivos at\u00e9 \u00e0s avalia\u00e7\u00f5es dos jogadores e \u00e0s principais carater\u00edsticas!","breadcrumb":{"@id":"https:\/\/spinbetter-apk.app\/br\/casino\/#breadcrumb"},"inLanguage":"pt-BR","potentialAction":[{"@type":"ReadAction","target":["https:\/\/spinbetter-apk.app\/br\/casino\/"]}]},{"@type":"BreadcrumbList","@id":"https:\/\/spinbetter-apk.app\/br\/casino\/#breadcrumb","itemListElement":[{"@type":"ListItem","position":1,"name":"In\u00edcio","item":"https:\/\/spinbetter-apk.app\/br\/"},{"@type":"ListItem","position":2,"name":"Cassino"}]},{"@type":"WebSite","@id":"https:\/\/spinbetter-apk.app\/br\/#website","url":"https:\/\/spinbetter-apk.app\/br\/","name":"Spinbetter APK BR","description":"spinbetterapk casino","potentialAction":[{"@type":"SearchAction","target":{"@type":"EntryPoint","urlTemplate":"https:\/\/spinbetter-apk.app\/br\/?s={search_term_string}"},"query-input":{"@type":"PropertyValueSpecification","valueRequired":true,"valueName":"search_term_string"}}],"inLanguage":"pt-BR"}]}},"_links":{"self":[{"href":"https:\/\/spinbetter-apk.app\/br\/wp-json\/wp\/v2\/pages\/233","targetHints":{"allow":["GET"]}}],"collection":[{"href":"https:\/\/spinbetter-apk.app\/br\/wp-json\/wp\/v2\/pages"}],"about":[{"href":"https:\/\/spinbetter-apk.app\/br\/wp-json\/wp\/v2\/types\/page"}],"author":[{"embeddable":true,"href":"https:\/\/spinbetter-apk.app\/br\/wp-json\/wp\/v2\/users\/1"}],"replies":[{"embeddable":true,"href":"https:\/\/spinbetter-apk.app\/br\/wp-json\/wp\/v2\/comments?post=233"}],"version-history":[{"count":38,"href":"https:\/\/spinbetter-apk.app\/br\/wp-json\/wp\/v2\/pages\/233\/revisions"}],"predecessor-version":[{"id":569,"href":"https:\/\/spinbetter-apk.app\/br\/wp-json\/wp\/v2\/pages\/233\/revisions\/569"}],"wp:attachment":[{"href":"https:\/\/spinbetter-apk.app\/br\/wp-json\/wp\/v2\/media?parent=233"}],"curies":[{"name":"wp","href":"https:\/\/api.w.org\/{rel}","templated":true}]}}