{"id":2,"date":"2023-05-18T17:18:34","date_gmt":"2023-05-18T17:18:34","guid":{"rendered":"https:\/\/spinbetter-apk.app\/br\/?page_id=2"},"modified":"2025-10-16T09:10:10","modified_gmt":"2025-10-16T09:10:10","slug":"spinbetter","status":"publish","type":"page","link":"https:\/\/spinbetter-apk.app\/br\/","title":{"rendered":"In\u00edcio"},"content":{"rendered":"","protected":false},"excerpt":{"rendered":"","protected":false},"author":1,"featured_media":0,"parent":0,"menu_order":0,"comment_status":"closed","ping_status":"open","template":"","meta":{"footnotes":""},"class_list":["post-2","page","type-page","status-publish","hentry"],"yoast_head":"<!-- This site is optimized with the Yoast SEO plugin v23.4 - https:\/\/yoast.com\/wordpress\/plugins\/seo\/ -->\n<title>SpinBetter Brasil: Carater\u00edsticas, b\u00f3nus e destaques<\/title>\n<meta name=\"description\" content=\"Tudo sobre o SpinBetter Brasil num s\u00f3 artigo - desde os b\u00f3nus e op\u00e7\u00f5es de apostas at\u00e9 ao apoio, seguran\u00e7a e disponibilidade regional.\" \/>\n<meta name=\"robots\" content=\"index, follow, max-snippet:-1, max-image-preview:large, max-video-preview:-1\" \/>\n<meta property=\"og:locale\" content=\"pt_BR\" \/>\n<meta property=\"og:type\" content=\"article\" \/>\n<meta property=\"og:title\" content=\"SpinBetter Brasil: Carater\u00edsticas, b\u00f3nus e destaques\" \/>\n<meta property=\"og:description\" content=\"Tudo sobre o SpinBetter Brasil num s\u00f3 artigo - desde os b\u00f3nus e op\u00e7\u00f5es de apostas at\u00e9 ao apoio, seguran\u00e7a e disponibilidade regional.\" \/>\n<meta property=\"og:url\" content=\"https:\/\/spinbetter-apk.app\/br\/\" \/>\n<meta property=\"og:site_name\" content=\"Spinbetter APK BR\" \/>\n<meta property=\"article:modified_time\" content=\"2025-10-16T09:10:10+00:00\" \/>\n<meta name=\"twitter:card\" content=\"summary_large_image\" \/>\n<script type=\"application\/ld+json\" class=\"yoast-schema-graph\">{\"@context\":\"https:\/\/schema.org\",\"@graph\":[{\"@type\":\"WebPage\",\"@id\":\"https:\/\/spinbetter-apk.app\/br\/\",\"url\":\"https:\/\/spinbetter-apk.app\/br\/\",\"name\":\"SpinBetter Brasil: Carater\u00edsticas, b\u00f3nus e destaques\",\"isPartOf\":{\"@id\":\"https:\/\/spinbetter-apk.app\/br\/#website\"},\"datePublished\":\"2023-05-18T17:18:34+00:00\",\"dateModified\":\"2025-10-16T09:10:10+00:00\",\"description\":\"Tudo sobre o SpinBetter Brasil num s\u00f3 artigo - desde os b\u00f3nus e op\u00e7\u00f5es de apostas at\u00e9 ao apoio, seguran\u00e7a e disponibilidade regional.\",\"breadcrumb\":{\"@id\":\"https:\/\/spinbetter-apk.app\/br\/#breadcrumb\"},\"inLanguage\":\"pt-BR\",\"potentialAction\":[{\"@type\":\"ReadAction\",\"target\":[\"https:\/\/spinbetter-apk.app\/br\/\"]}]},{\"@type\":\"BreadcrumbList\",\"@id\":\"https:\/\/spinbetter-apk.app\/br\/#breadcrumb\",\"itemListElement\":[{\"@type\":\"ListItem\",\"position\":1,\"name\":\"In\u00edcio\",\"item\":\"https:\/\/spinbetter-apk.app\/br\/\"},{\"@type\":\"ListItem\",\"position\":2,\"name\":\"In\u00edcio\"}]},{\"@type\":\"WebSite\",\"@id\":\"https:\/\/spinbetter-apk.app\/br\/#website\",\"url\":\"https:\/\/spinbetter-apk.app\/br\/\",\"name\":\"Spinbetter APK BR\",\"description\":\"spinbetterapk casino\",\"potentialAction\":[{\"@type\":\"SearchAction\",\"target\":{\"@type\":\"EntryPoint\",\"urlTemplate\":\"https:\/\/spinbetter-apk.app\/br\/?s={search_term_string}\"},\"query-input\":{\"@type\":\"PropertyValueSpecification\",\"valueRequired\":true,\"valueName\":\"search_term_string\"}}],\"inLanguage\":\"pt-BR\"}]}<\/script>\n<!-- \/ Yoast SEO plugin. -->","yoast_head_json":{"title":"SpinBetter Brasil: Carater\u00edsticas, b\u00f3nus e destaques","description":"Tudo sobre o SpinBetter Brasil num s\u00f3 artigo - desde os b\u00f3nus e op\u00e7\u00f5es de apostas at\u00e9 ao apoio, seguran\u00e7a e disponibilidade regional.","robots":{"index":"index","follow":"follow","max-snippet":"max-snippet:-1","max-image-preview":"max-image-preview:large","max-video-preview":"max-video-preview:-1"},"og_locale":"pt_BR","og_type":"article","og_title":"SpinBetter Brasil: Carater\u00edsticas, b\u00f3nus e destaques","og_description":"Tudo sobre o SpinBetter Brasil num s\u00f3 artigo - desde os b\u00f3nus e op\u00e7\u00f5es de apostas at\u00e9 ao apoio, seguran\u00e7a e disponibilidade regional.","og_url":"https:\/\/spinbetter-apk.app\/br\/","og_site_name":"Spinbetter APK BR","article_modified_time":"2025-10-16T09:10:10+00:00","twitter_card":"summary_large_image","schema":{"@context":"https:\/\/schema.org","@graph":[{"@type":"WebPage","@id":"https:\/\/spinbetter-apk.app\/br\/","url":"https:\/\/spinbetter-apk.app\/br\/","name":"SpinBetter Brasil: Carater\u00edsticas, b\u00f3nus e destaques","isPartOf":{"@id":"https:\/\/spinbetter-apk.app\/br\/#website"},"datePublished":"2023-05-18T17:18:34+00:00","dateModified":"2025-10-16T09:10:10+00:00","description":"Tudo sobre o SpinBetter Brasil num s\u00f3 artigo - desde os b\u00f3nus e op\u00e7\u00f5es de apostas at\u00e9 ao apoio, seguran\u00e7a e disponibilidade regional.","breadcrumb":{"@id":"https:\/\/spinbetter-apk.app\/br\/#breadcrumb"},"inLanguage":"pt-BR","potentialAction":[{"@type":"ReadAction","target":["https:\/\/spinbetter-apk.app\/br\/"]}]},{"@type":"BreadcrumbList","@id":"https:\/\/spinbetter-apk.app\/br\/#breadcrumb","itemListElement":[{"@type":"ListItem","position":1,"name":"In\u00edcio","item":"https:\/\/spinbetter-apk.app\/br\/"},{"@type":"ListItem","position":2,"name":"In\u00edcio"}]},{"@type":"WebSite","@id":"https:\/\/spinbetter-apk.app\/br\/#website","url":"https:\/\/spinbetter-apk.app\/br\/","name":"Spinbetter APK BR","description":"spinbetterapk casino","potentialAction":[{"@type":"SearchAction","target":{"@type":"EntryPoint","urlTemplate":"https:\/\/spinbetter-apk.app\/br\/?s={search_term_string}"},"query-input":{"@type":"PropertyValueSpecification","valueRequired":true,"valueName":"search_term_string"}}],"inLanguage":"pt-BR"}]}},"_links":{"self":[{"href":"https:\/\/spinbetter-apk.app\/br\/wp-json\/wp\/v2\/pages\/2","targetHints":{"allow":["GET"]}}],"collection":[{"href":"https:\/\/spinbetter-apk.app\/br\/wp-json\/wp\/v2\/pages"}],"about":[{"href":"https:\/\/spinbetter-apk.app\/br\/wp-json\/wp\/v2\/types\/page"}],"author":[{"embeddable":true,"href":"https:\/\/spinbetter-apk.app\/br\/wp-json\/wp\/v2\/users\/1"}],"replies":[{"embeddable":true,"href":"https:\/\/spinbetter-apk.app\/br\/wp-json\/wp\/v2\/comments?post=2"}],"version-history":[{"count":79,"href":"https:\/\/spinbetter-apk.app\/br\/wp-json\/wp\/v2\/pages\/2\/revisions"}],"predecessor-version":[{"id":567,"href":"https:\/\/spinbetter-apk.app\/br\/wp-json\/wp\/v2\/pages\/2\/revisions\/567"}],"wp:attachment":[{"href":"https:\/\/spinbetter-apk.app\/br\/wp-json\/wp\/v2\/media?parent=2"}],"curies":[{"name":"wp","href":"https:\/\/api.w.org\/{rel}","templated":true}]}}