{"id":329,"date":"2024-11-11T07:31:17","date_gmt":"2024-11-11T07:31:17","guid":{"rendered":"https:\/\/spinbetter-apk.app\/bf\/?page_id=329"},"modified":"2026-01-12T15:43:48","modified_gmt":"2026-01-12T15:43:48","slug":"download","status":"publish","type":"page","link":"https:\/\/spinbetter-apk.app\/bf\/download\/","title":{"rendered":"T\u00e9l\u00e9charger"},"content":{"rendered":"","protected":false},"excerpt":{"rendered":"","protected":false},"author":1,"featured_media":0,"parent":0,"menu_order":0,"comment_status":"closed","ping_status":"closed","template":"","meta":{"footnotes":""},"class_list":["post-329","page","type-page","status-publish","hentry"],"yoast_head":"<!-- This site is optimized with the Yoast SEO plugin v23.4 - https:\/\/yoast.com\/wordpress\/plugins\/seo\/ -->\n<title>T\u00e9l\u00e9charger SpinBetter Burkina Faso &gt; APK Android<\/title>\n<meta name=\"description\" content=\"Apprenez \u00e0 t\u00e9l\u00e9charger et \u00e0 configurer SpinBetter Burkina Faso APK pour un jeu confortable. SpinBetter APK Review!\" \/>\n<meta name=\"robots\" content=\"index, follow, max-snippet:-1, max-image-preview:large, max-video-preview:-1\" \/>\n<meta property=\"og:locale\" content=\"en_US\" \/>\n<meta property=\"og:type\" content=\"article\" \/>\n<meta property=\"og:title\" content=\"T\u00e9l\u00e9charger SpinBetter Burkina Faso &gt; APK Android\" \/>\n<meta property=\"og:description\" content=\"Apprenez \u00e0 t\u00e9l\u00e9charger et \u00e0 configurer SpinBetter Burkina Faso APK pour un jeu confortable. SpinBetter APK Review!\" \/>\n<meta property=\"og:url\" content=\"https:\/\/spinbetter-apk.app\/bf\/download\/\" \/>\n<meta property=\"og:site_name\" content=\"Spinbetter Apk BF\" \/>\n<meta property=\"article:modified_time\" content=\"2026-01-12T15:43:48+00:00\" \/>\n<meta name=\"twitter:card\" content=\"summary_large_image\" \/>\n<script type=\"application\/ld+json\" class=\"yoast-schema-graph\">{\"@context\":\"https:\/\/schema.org\",\"@graph\":[{\"@type\":\"WebPage\",\"@id\":\"https:\/\/spinbetter-apk.app\/bf\/download\/\",\"url\":\"https:\/\/spinbetter-apk.app\/bf\/download\/\",\"name\":\"T\u00e9l\u00e9charger SpinBetter Burkina Faso > APK Android\",\"isPartOf\":{\"@id\":\"https:\/\/spinbetter-apk.app\/bf\/#website\"},\"datePublished\":\"2024-11-11T07:31:17+00:00\",\"dateModified\":\"2026-01-12T15:43:48+00:00\",\"description\":\"Apprenez \u00e0 t\u00e9l\u00e9charger et \u00e0 configurer SpinBetter Burkina Faso APK pour un jeu confortable. SpinBetter APK Review!\",\"breadcrumb\":{\"@id\":\"https:\/\/spinbetter-apk.app\/bf\/download\/#breadcrumb\"},\"inLanguage\":\"fy\",\"potentialAction\":[{\"@type\":\"ReadAction\",\"target\":[\"https:\/\/spinbetter-apk.app\/bf\/download\/\"]}]},{\"@type\":\"BreadcrumbList\",\"@id\":\"https:\/\/spinbetter-apk.app\/bf\/download\/#breadcrumb\",\"itemListElement\":[{\"@type\":\"ListItem\",\"position\":1,\"name\":\"Th\u00fas\",\"item\":\"https:\/\/spinbetter-apk.app\/bf\/\"},{\"@type\":\"ListItem\",\"position\":2,\"name\":\"T\u00e9l\u00e9charger\"}]},{\"@type\":\"WebSite\",\"@id\":\"https:\/\/spinbetter-apk.app\/bf\/#website\",\"url\":\"https:\/\/spinbetter-apk.app\/bf\/\",\"name\":\"Spinbetter Apk BF\",\"description\":\"spinbetterapk casino\",\"potentialAction\":[{\"@type\":\"SearchAction\",\"target\":{\"@type\":\"EntryPoint\",\"urlTemplate\":\"https:\/\/spinbetter-apk.app\/bf\/?s={search_term_string}\"},\"query-input\":{\"@type\":\"PropertyValueSpecification\",\"valueRequired\":true,\"valueName\":\"search_term_string\"}}],\"inLanguage\":\"fy\"}]}<\/script>\n<!-- \/ Yoast SEO plugin. -->","yoast_head_json":{"title":"T\u00e9l\u00e9charger SpinBetter Burkina Faso > APK Android","description":"Apprenez \u00e0 t\u00e9l\u00e9charger et \u00e0 configurer SpinBetter Burkina Faso APK pour un jeu confortable. SpinBetter APK Review!","robots":{"index":"index","follow":"follow","max-snippet":"max-snippet:-1","max-image-preview":"max-image-preview:large","max-video-preview":"max-video-preview:-1"},"og_locale":"en_US","og_type":"article","og_title":"T\u00e9l\u00e9charger SpinBetter Burkina Faso > APK Android","og_description":"Apprenez \u00e0 t\u00e9l\u00e9charger et \u00e0 configurer SpinBetter Burkina Faso APK pour un jeu confortable. SpinBetter APK Review!","og_url":"https:\/\/spinbetter-apk.app\/bf\/download\/","og_site_name":"Spinbetter Apk BF","article_modified_time":"2026-01-12T15:43:48+00:00","twitter_card":"summary_large_image","schema":{"@context":"https:\/\/schema.org","@graph":[{"@type":"WebPage","@id":"https:\/\/spinbetter-apk.app\/bf\/download\/","url":"https:\/\/spinbetter-apk.app\/bf\/download\/","name":"T\u00e9l\u00e9charger SpinBetter Burkina Faso > APK Android","isPartOf":{"@id":"https:\/\/spinbetter-apk.app\/bf\/#website"},"datePublished":"2024-11-11T07:31:17+00:00","dateModified":"2026-01-12T15:43:48+00:00","description":"Apprenez \u00e0 t\u00e9l\u00e9charger et \u00e0 configurer SpinBetter Burkina Faso APK pour un jeu confortable. SpinBetter APK Review!","breadcrumb":{"@id":"https:\/\/spinbetter-apk.app\/bf\/download\/#breadcrumb"},"inLanguage":"fy","potentialAction":[{"@type":"ReadAction","target":["https:\/\/spinbetter-apk.app\/bf\/download\/"]}]},{"@type":"BreadcrumbList","@id":"https:\/\/spinbetter-apk.app\/bf\/download\/#breadcrumb","itemListElement":[{"@type":"ListItem","position":1,"name":"Th\u00fas","item":"https:\/\/spinbetter-apk.app\/bf\/"},{"@type":"ListItem","position":2,"name":"T\u00e9l\u00e9charger"}]},{"@type":"WebSite","@id":"https:\/\/spinbetter-apk.app\/bf\/#website","url":"https:\/\/spinbetter-apk.app\/bf\/","name":"Spinbetter Apk BF","description":"spinbetterapk casino","potentialAction":[{"@type":"SearchAction","target":{"@type":"EntryPoint","urlTemplate":"https:\/\/spinbetter-apk.app\/bf\/?s={search_term_string}"},"query-input":{"@type":"PropertyValueSpecification","valueRequired":true,"valueName":"search_term_string"}}],"inLanguage":"fy"}]}},"_links":{"self":[{"href":"https:\/\/spinbetter-apk.app\/bf\/wp-json\/wp\/v2\/pages\/329","targetHints":{"allow":["GET"]}}],"collection":[{"href":"https:\/\/spinbetter-apk.app\/bf\/wp-json\/wp\/v2\/pages"}],"about":[{"href":"https:\/\/spinbetter-apk.app\/bf\/wp-json\/wp\/v2\/types\/page"}],"author":[{"embeddable":true,"href":"https:\/\/spinbetter-apk.app\/bf\/wp-json\/wp\/v2\/users\/1"}],"replies":[{"embeddable":true,"href":"https:\/\/spinbetter-apk.app\/bf\/wp-json\/wp\/v2\/comments?post=329"}],"version-history":[{"count":24,"href":"https:\/\/spinbetter-apk.app\/bf\/wp-json\/wp\/v2\/pages\/329\/revisions"}],"predecessor-version":[{"id":563,"href":"https:\/\/spinbetter-apk.app\/bf\/wp-json\/wp\/v2\/pages\/329\/revisions\/563"}],"wp:attachment":[{"href":"https:\/\/spinbetter-apk.app\/bf\/wp-json\/wp\/v2\/media?parent=329"}],"curies":[{"name":"wp","href":"https:\/\/api.w.org\/{rel}","templated":true}]}}