{"id":2,"date":"2023-05-18T17:18:34","date_gmt":"2023-05-18T17:18:34","guid":{"rendered":"https:\/\/spinbetter-apk.app\/bf\/?page_id=2"},"modified":"2026-01-12T15:58:47","modified_gmt":"2026-01-12T15:58:47","slug":"spinbetter","status":"publish","type":"page","link":"https:\/\/spinbetter-apk.app\/bf\/","title":{"rendered":"Maison"},"content":{"rendered":"","protected":false},"excerpt":{"rendered":"","protected":false},"author":1,"featured_media":0,"parent":0,"menu_order":0,"comment_status":"closed","ping_status":"open","template":"","meta":{"footnotes":""},"class_list":["post-2","page","type-page","status-publish","hentry"],"yoast_head":"<!-- This site is optimized with the Yoast SEO plugin v23.4 - https:\/\/yoast.com\/wordpress\/plugins\/seo\/ -->\n<title>SpinBetter Burkina Faso &gt; fonctionnalit\u00e9s, bonus et points forts<\/title>\n<meta name=\"description\" content=\"Tout sur SpinBetter dans un seul article - des bonus et options de paris au support, \u00e0 la s\u00e9curit\u00e9 et \u00e0 la disponibilit\u00e9 r\u00e9gionale\" \/>\n<meta name=\"robots\" content=\"index, follow, max-snippet:-1, max-image-preview:large, max-video-preview:-1\" \/>\n<meta property=\"og:locale\" content=\"en_US\" \/>\n<meta property=\"og:type\" content=\"article\" \/>\n<meta property=\"og:title\" content=\"SpinBetter Burkina Faso &gt; fonctionnalit\u00e9s, bonus et points forts\" \/>\n<meta property=\"og:description\" content=\"Tout sur SpinBetter dans un seul article - des bonus et options de paris au support, \u00e0 la s\u00e9curit\u00e9 et \u00e0 la disponibilit\u00e9 r\u00e9gionale\" \/>\n<meta property=\"og:url\" content=\"https:\/\/spinbetter-apk.app\/bf\/\" \/>\n<meta property=\"og:site_name\" content=\"Spinbetter Apk BF\" \/>\n<meta property=\"article:modified_time\" content=\"2026-01-12T15:58:47+00:00\" \/>\n<meta name=\"twitter:card\" content=\"summary_large_image\" \/>\n<script type=\"application\/ld+json\" class=\"yoast-schema-graph\">{\"@context\":\"https:\/\/schema.org\",\"@graph\":[{\"@type\":\"WebPage\",\"@id\":\"https:\/\/spinbetter-apk.app\/bf\/\",\"url\":\"https:\/\/spinbetter-apk.app\/bf\/\",\"name\":\"SpinBetter Burkina Faso > fonctionnalit\u00e9s, bonus et points forts\",\"isPartOf\":{\"@id\":\"https:\/\/spinbetter-apk.app\/bf\/#website\"},\"datePublished\":\"2023-05-18T17:18:34+00:00\",\"dateModified\":\"2026-01-12T15:58:47+00:00\",\"description\":\"Tout sur SpinBetter dans un seul article - des bonus et options de paris au support, \u00e0 la s\u00e9curit\u00e9 et \u00e0 la disponibilit\u00e9 r\u00e9gionale\",\"breadcrumb\":{\"@id\":\"https:\/\/spinbetter-apk.app\/bf\/#breadcrumb\"},\"inLanguage\":\"fy\",\"potentialAction\":[{\"@type\":\"ReadAction\",\"target\":[\"https:\/\/spinbetter-apk.app\/bf\/\"]}]},{\"@type\":\"BreadcrumbList\",\"@id\":\"https:\/\/spinbetter-apk.app\/bf\/#breadcrumb\",\"itemListElement\":[{\"@type\":\"ListItem\",\"position\":1,\"name\":\"Th\u00fas\",\"item\":\"https:\/\/spinbetter-apk.app\/bf\/\"},{\"@type\":\"ListItem\",\"position\":2,\"name\":\"Maison\"}]},{\"@type\":\"WebSite\",\"@id\":\"https:\/\/spinbetter-apk.app\/bf\/#website\",\"url\":\"https:\/\/spinbetter-apk.app\/bf\/\",\"name\":\"Spinbetter Apk BF\",\"description\":\"spinbetterapk casino\",\"potentialAction\":[{\"@type\":\"SearchAction\",\"target\":{\"@type\":\"EntryPoint\",\"urlTemplate\":\"https:\/\/spinbetter-apk.app\/bf\/?s={search_term_string}\"},\"query-input\":{\"@type\":\"PropertyValueSpecification\",\"valueRequired\":true,\"valueName\":\"search_term_string\"}}],\"inLanguage\":\"fy\"}]}<\/script>\n<!-- \/ Yoast SEO plugin. -->","yoast_head_json":{"title":"SpinBetter Burkina Faso > fonctionnalit\u00e9s, bonus et points forts","description":"Tout sur SpinBetter dans un seul article - des bonus et options de paris au support, \u00e0 la s\u00e9curit\u00e9 et \u00e0 la disponibilit\u00e9 r\u00e9gionale","robots":{"index":"index","follow":"follow","max-snippet":"max-snippet:-1","max-image-preview":"max-image-preview:large","max-video-preview":"max-video-preview:-1"},"og_locale":"en_US","og_type":"article","og_title":"SpinBetter Burkina Faso > fonctionnalit\u00e9s, bonus et points forts","og_description":"Tout sur SpinBetter dans un seul article - des bonus et options de paris au support, \u00e0 la s\u00e9curit\u00e9 et \u00e0 la disponibilit\u00e9 r\u00e9gionale","og_url":"https:\/\/spinbetter-apk.app\/bf\/","og_site_name":"Spinbetter Apk BF","article_modified_time":"2026-01-12T15:58:47+00:00","twitter_card":"summary_large_image","schema":{"@context":"https:\/\/schema.org","@graph":[{"@type":"WebPage","@id":"https:\/\/spinbetter-apk.app\/bf\/","url":"https:\/\/spinbetter-apk.app\/bf\/","name":"SpinBetter Burkina Faso > fonctionnalit\u00e9s, bonus et points forts","isPartOf":{"@id":"https:\/\/spinbetter-apk.app\/bf\/#website"},"datePublished":"2023-05-18T17:18:34+00:00","dateModified":"2026-01-12T15:58:47+00:00","description":"Tout sur SpinBetter dans un seul article - des bonus et options de paris au support, \u00e0 la s\u00e9curit\u00e9 et \u00e0 la disponibilit\u00e9 r\u00e9gionale","breadcrumb":{"@id":"https:\/\/spinbetter-apk.app\/bf\/#breadcrumb"},"inLanguage":"fy","potentialAction":[{"@type":"ReadAction","target":["https:\/\/spinbetter-apk.app\/bf\/"]}]},{"@type":"BreadcrumbList","@id":"https:\/\/spinbetter-apk.app\/bf\/#breadcrumb","itemListElement":[{"@type":"ListItem","position":1,"name":"Th\u00fas","item":"https:\/\/spinbetter-apk.app\/bf\/"},{"@type":"ListItem","position":2,"name":"Maison"}]},{"@type":"WebSite","@id":"https:\/\/spinbetter-apk.app\/bf\/#website","url":"https:\/\/spinbetter-apk.app\/bf\/","name":"Spinbetter Apk BF","description":"spinbetterapk casino","potentialAction":[{"@type":"SearchAction","target":{"@type":"EntryPoint","urlTemplate":"https:\/\/spinbetter-apk.app\/bf\/?s={search_term_string}"},"query-input":{"@type":"PropertyValueSpecification","valueRequired":true,"valueName":"search_term_string"}}],"inLanguage":"fy"}]}},"_links":{"self":[{"href":"https:\/\/spinbetter-apk.app\/bf\/wp-json\/wp\/v2\/pages\/2","targetHints":{"allow":["GET"]}}],"collection":[{"href":"https:\/\/spinbetter-apk.app\/bf\/wp-json\/wp\/v2\/pages"}],"about":[{"href":"https:\/\/spinbetter-apk.app\/bf\/wp-json\/wp\/v2\/types\/page"}],"author":[{"embeddable":true,"href":"https:\/\/spinbetter-apk.app\/bf\/wp-json\/wp\/v2\/users\/1"}],"replies":[{"embeddable":true,"href":"https:\/\/spinbetter-apk.app\/bf\/wp-json\/wp\/v2\/comments?post=2"}],"version-history":[{"count":86,"href":"https:\/\/spinbetter-apk.app\/bf\/wp-json\/wp\/v2\/pages\/2\/revisions"}],"predecessor-version":[{"id":593,"href":"https:\/\/spinbetter-apk.app\/bf\/wp-json\/wp\/v2\/pages\/2\/revisions\/593"}],"wp:attachment":[{"href":"https:\/\/spinbetter-apk.app\/bf\/wp-json\/wp\/v2\/media?parent=2"}],"curies":[{"name":"wp","href":"https:\/\/api.w.org\/{rel}","templated":true}]}}