{"id":312,"date":"2024-11-11T06:10:52","date_gmt":"2024-11-11T06:10:52","guid":{"rendered":"https:\/\/spinbetter-apk.app\/ar\/?page_id=312"},"modified":"2026-02-04T12:22:37","modified_gmt":"2026-02-04T12:22:37","slug":"partners","status":"publish","type":"page","link":"https:\/\/spinbetter-apk.app\/ar\/partners\/","title":{"rendered":"Socios"},"content":{"rendered":"","protected":false},"excerpt":{"rendered":"","protected":false},"author":1,"featured_media":0,"parent":0,"menu_order":0,"comment_status":"closed","ping_status":"closed","template":"","meta":{"footnotes":""},"class_list":["post-312","page","type-page","status-publish","hentry"],"yoast_head":"<!-- This site is optimized with the Yoast SEO plugin v23.4 - https:\/\/yoast.com\/wordpress\/plugins\/seo\/ -->\n<title>Afiliados SpinBetter Argentina \u2192 Informaci\u00f3n sobre el programa<\/title>\n<meta name=\"description\" content=\"Conoc\u00e9 c\u00f3mo sumarte al programa de afiliados de SpinBetter en Argentina, qu\u00e9 tipo de comisiones pod\u00e9s obtener y cada cu\u00e1nto se realizan los pagos.\" \/>\n<meta name=\"robots\" content=\"index, follow, max-snippet:-1, max-image-preview:large, max-video-preview:-1\" \/>\n<meta property=\"og:locale\" content=\"es_ES\" \/>\n<meta property=\"og:type\" content=\"article\" \/>\n<meta property=\"og:title\" content=\"Afiliados SpinBetter Argentina \u2192 Informaci\u00f3n sobre el programa\" \/>\n<meta property=\"og:description\" content=\"Conoc\u00e9 c\u00f3mo sumarte al programa de afiliados de SpinBetter en Argentina, qu\u00e9 tipo de comisiones pod\u00e9s obtener y cada cu\u00e1nto se realizan los pagos.\" \/>\n<meta property=\"og:url\" content=\"https:\/\/spinbetter-apk.app\/ar\/partners\/\" \/>\n<meta property=\"og:site_name\" content=\"Spinbetter Apk AR\" \/>\n<meta property=\"article:modified_time\" content=\"2026-02-04T12:22:37+00:00\" \/>\n<meta name=\"twitter:card\" content=\"summary_large_image\" \/>\n<script type=\"application\/ld+json\" class=\"yoast-schema-graph\">{\"@context\":\"https:\/\/schema.org\",\"@graph\":[{\"@type\":\"WebPage\",\"@id\":\"https:\/\/spinbetter-apk.app\/ar\/partners\/\",\"url\":\"https:\/\/spinbetter-apk.app\/ar\/partners\/\",\"name\":\"Afiliados SpinBetter Argentina \u2192 Informaci\u00f3n sobre el programa\",\"isPartOf\":{\"@id\":\"https:\/\/spinbetter-apk.app\/ar\/#website\"},\"datePublished\":\"2024-11-11T06:10:52+00:00\",\"dateModified\":\"2026-02-04T12:22:37+00:00\",\"description\":\"Conoc\u00e9 c\u00f3mo sumarte al programa de afiliados de SpinBetter en Argentina, qu\u00e9 tipo de comisiones pod\u00e9s obtener y cada cu\u00e1nto se realizan los pagos.\",\"breadcrumb\":{\"@id\":\"https:\/\/spinbetter-apk.app\/ar\/partners\/#breadcrumb\"},\"inLanguage\":\"es-AR\",\"potentialAction\":[{\"@type\":\"ReadAction\",\"target\":[\"https:\/\/spinbetter-apk.app\/ar\/partners\/\"]}]},{\"@type\":\"BreadcrumbList\",\"@id\":\"https:\/\/spinbetter-apk.app\/ar\/partners\/#breadcrumb\",\"itemListElement\":[{\"@type\":\"ListItem\",\"position\":1,\"name\":\"Inicio\",\"item\":\"https:\/\/spinbetter-apk.app\/ar\/\"},{\"@type\":\"ListItem\",\"position\":2,\"name\":\"Socios\"}]},{\"@type\":\"WebSite\",\"@id\":\"https:\/\/spinbetter-apk.app\/ar\/#website\",\"url\":\"https:\/\/spinbetter-apk.app\/ar\/\",\"name\":\"Spinbetter Apk AR\",\"description\":\"spinbetterapk casino\",\"potentialAction\":[{\"@type\":\"SearchAction\",\"target\":{\"@type\":\"EntryPoint\",\"urlTemplate\":\"https:\/\/spinbetter-apk.app\/ar\/?s={search_term_string}\"},\"query-input\":{\"@type\":\"PropertyValueSpecification\",\"valueRequired\":true,\"valueName\":\"search_term_string\"}}],\"inLanguage\":\"es-AR\"}]}<\/script>\n<!-- \/ Yoast SEO plugin. -->","yoast_head_json":{"title":"Afiliados SpinBetter Argentina \u2192 Informaci\u00f3n sobre el programa","description":"Conoc\u00e9 c\u00f3mo sumarte al programa de afiliados de SpinBetter en Argentina, qu\u00e9 tipo de comisiones pod\u00e9s obtener y cada cu\u00e1nto se realizan los pagos.","robots":{"index":"index","follow":"follow","max-snippet":"max-snippet:-1","max-image-preview":"max-image-preview:large","max-video-preview":"max-video-preview:-1"},"og_locale":"es_ES","og_type":"article","og_title":"Afiliados SpinBetter Argentina \u2192 Informaci\u00f3n sobre el programa","og_description":"Conoc\u00e9 c\u00f3mo sumarte al programa de afiliados de SpinBetter en Argentina, qu\u00e9 tipo de comisiones pod\u00e9s obtener y cada cu\u00e1nto se realizan los pagos.","og_url":"https:\/\/spinbetter-apk.app\/ar\/partners\/","og_site_name":"Spinbetter Apk AR","article_modified_time":"2026-02-04T12:22:37+00:00","twitter_card":"summary_large_image","schema":{"@context":"https:\/\/schema.org","@graph":[{"@type":"WebPage","@id":"https:\/\/spinbetter-apk.app\/ar\/partners\/","url":"https:\/\/spinbetter-apk.app\/ar\/partners\/","name":"Afiliados SpinBetter Argentina \u2192 Informaci\u00f3n sobre el programa","isPartOf":{"@id":"https:\/\/spinbetter-apk.app\/ar\/#website"},"datePublished":"2024-11-11T06:10:52+00:00","dateModified":"2026-02-04T12:22:37+00:00","description":"Conoc\u00e9 c\u00f3mo sumarte al programa de afiliados de SpinBetter en Argentina, qu\u00e9 tipo de comisiones pod\u00e9s obtener y cada cu\u00e1nto se realizan los pagos.","breadcrumb":{"@id":"https:\/\/spinbetter-apk.app\/ar\/partners\/#breadcrumb"},"inLanguage":"es-AR","potentialAction":[{"@type":"ReadAction","target":["https:\/\/spinbetter-apk.app\/ar\/partners\/"]}]},{"@type":"BreadcrumbList","@id":"https:\/\/spinbetter-apk.app\/ar\/partners\/#breadcrumb","itemListElement":[{"@type":"ListItem","position":1,"name":"Inicio","item":"https:\/\/spinbetter-apk.app\/ar\/"},{"@type":"ListItem","position":2,"name":"Socios"}]},{"@type":"WebSite","@id":"https:\/\/spinbetter-apk.app\/ar\/#website","url":"https:\/\/spinbetter-apk.app\/ar\/","name":"Spinbetter Apk AR","description":"spinbetterapk casino","potentialAction":[{"@type":"SearchAction","target":{"@type":"EntryPoint","urlTemplate":"https:\/\/spinbetter-apk.app\/ar\/?s={search_term_string}"},"query-input":{"@type":"PropertyValueSpecification","valueRequired":true,"valueName":"search_term_string"}}],"inLanguage":"es-AR"}]}},"_links":{"self":[{"href":"https:\/\/spinbetter-apk.app\/ar\/wp-json\/wp\/v2\/pages\/312","targetHints":{"allow":["GET"]}}],"collection":[{"href":"https:\/\/spinbetter-apk.app\/ar\/wp-json\/wp\/v2\/pages"}],"about":[{"href":"https:\/\/spinbetter-apk.app\/ar\/wp-json\/wp\/v2\/types\/page"}],"author":[{"embeddable":true,"href":"https:\/\/spinbetter-apk.app\/ar\/wp-json\/wp\/v2\/users\/1"}],"replies":[{"embeddable":true,"href":"https:\/\/spinbetter-apk.app\/ar\/wp-json\/wp\/v2\/comments?post=312"}],"version-history":[{"count":29,"href":"https:\/\/spinbetter-apk.app\/ar\/wp-json\/wp\/v2\/pages\/312\/revisions"}],"predecessor-version":[{"id":571,"href":"https:\/\/spinbetter-apk.app\/ar\/wp-json\/wp\/v2\/pages\/312\/revisions\/571"}],"wp:attachment":[{"href":"https:\/\/spinbetter-apk.app\/ar\/wp-json\/wp\/v2\/media?parent=312"}],"curies":[{"name":"wp","href":"https:\/\/api.w.org\/{rel}","templated":true}]}}